{"id":9951,"date":"2024-02-09T12:11:32","date_gmt":"2024-02-09T11:11:32","guid":{"rendered":"https:\/\/attiliozanetti.com\/?page_id=9951"},"modified":"2026-01-13T14:48:25","modified_gmt":"2026-01-13T13:48:25","slug":"for-one-for-two","status":"publish","type":"page","link":"https:\/\/attiliozanetti.com\/en\/for-one-for-two\/","title":{"rendered":"For One For Two"},"content":{"rendered":"<div data-elementor-type=\"wp-page\" data-elementor-id=\"9951\" class=\"elementor elementor-9951\">\n\t\t\t\t<div class=\"gap- elementor-element elementor-element-452e44c e-con-full elementor-hidden-tablet elementor-hidden-mobile_extra elementor-hidden-mobile e-flex wpr-particle-no wpr-jarallax-no wpr-parallax-no wpr-sticky-section-no e-con e-parent\" data-id=\"452e44c\" data-element_type=\"container\" data-settings=\"{&quot;background_background&quot;:&quot;classic&quot;}\">\n\t\t\t\t<\/div>\n\t\t<div class=\"gap- elementor-element elementor-element-6788fc3 e-con-full elementor-hidden-widescreen elementor-hidden-desktop elementor-hidden-laptop elementor-hidden-tablet_extra e-flex wpr-particle-no wpr-jarallax-no wpr-parallax-no wpr-sticky-section-no e-con e-parent\" data-id=\"6788fc3\" data-element_type=\"container\" data-settings=\"{&quot;background_background&quot;:&quot;classic&quot;}\">\n\t\t\t\t<div class=\"elementor-element elementor-element-b3b64dc elementor-widget elementor-widget-spacer\" data-id=\"b3b64dc\" data-element_type=\"widget\" data-widget_type=\"spacer.default\">\n\t\t\t\t<div class=\"elementor-widget-container\">\n\t\t\t\t\t\t\t<div class=\"elementor-spacer\">\n\t\t\t<div class=\"elementor-spacer-inner\"><\/div>\n\t\t<\/div>\n\t\t\t\t\t\t<\/div>\n\t\t\t\t<\/div>\n\t\t\t\t<\/div>\n\t\t<div class=\"gap- elementor-element elementor-element-00a3537 nt-section section-padding e-flex e-con-boxed wpr-particle-no wpr-jarallax-no wpr-parallax-no wpr-sticky-section-no e-con e-parent\" data-id=\"00a3537\" data-element_type=\"container\" id=\"s1\" data-settings=\"{&quot;background_background&quot;:&quot;classic&quot;}\">\n\t\t\t\t\t<div class=\"e-con-inner\">\n\t\t<div class=\"gap- elementor-element elementor-element-63e3a37 e-con-full e-flex wpr-particle-no wpr-jarallax-no wpr-parallax-no wpr-sticky-section-no e-con e-child\" data-id=\"63e3a37\" data-element_type=\"container\">\n\t\t<div class=\"gap- elementor-element elementor-element-7123162 e-con-full e-flex wpr-particle-no wpr-jarallax-no wpr-parallax-no wpr-sticky-section-no e-con e-child\" data-id=\"7123162\" data-element_type=\"container\">\n\t\t<div class=\"gap- elementor-element elementor-element-57fe128 e-con-full e-flex wpr-particle-no wpr-jarallax-no wpr-parallax-no wpr-sticky-section-no e-con e-child\" data-id=\"57fe128\" data-element_type=\"container\">\n\t\t\t\t<div class=\"elementor-element elementor-element-c25b59c elementor-invisible elementor-widget elementor-widget-image\" data-id=\"c25b59c\" data-element_type=\"widget\" data-settings=\"{&quot;_animation&quot;:&quot;slideInUp&quot;}\" data-widget_type=\"image.default\">\n\t\t\t\t<div class=\"elementor-widget-container\">\n\t\t\t\t\t\t\t\t\t\t\t\t\t\t\t<img fetchpriority=\"high\" decoding=\"async\" width=\"768\" height=\"768\" src=\"https:\/\/attiliozanetti.com\/wp-content\/uploads\/2024\/05\/BRACCIALI-BIANCHI-CON-LOGO-768x768.jpg\" class=\"elementor-animation-float attachment-medium_large size-medium_large wp-image-10819\" alt=\"\" \/>\t\t\t\t\t\t\t\t\t\t\t\t\t\t\t<\/div>\n\t\t\t\t<\/div>\n\t\t\t\t<\/div>\n\t\t<div class=\"gap- elementor-element elementor-element-abdb227 e-con-full e-flex wpr-particle-no wpr-jarallax-no wpr-parallax-no wpr-sticky-section-no e-con e-child\" data-id=\"abdb227\" data-element_type=\"container\">\n\t\t\t\t<div class=\"elementor-element elementor-element-31ef32c elementor-widget elementor-widget-goldsmith-widget-label\" data-id=\"31ef32c\" data-element_type=\"widget\" data-widget_type=\"goldsmith-widget-label.default\">\n\t\t\t\t<div class=\"elementor-widget-container\">\n\t\t\t\t\t<span class=\"goldsmith-widget-label label-solid label-square label-small goldsmith-label-yellow\">FORTWO<\/span>\t\t\t\t<\/div>\n\t\t\t\t<\/div>\n\t\t\t\t<div class=\"elementor-element elementor-element-eeb7ef4 goldsmith-transform transform-type-translate elementor-invisible elementor-widget elementor-widget-heading\" data-id=\"eeb7ef4\" data-element_type=\"widget\" data-settings=\"{&quot;_animation&quot;:&quot;fadeInDown&quot;,&quot;_animation_delay&quot;:400}\" data-widget_type=\"heading.default\">\n\t\t\t\t<div class=\"elementor-widget-container\">\n\t\t\t\t\t<h2 class=\"elementor-heading-title elementor-size-default\">CONTEMPORARY BOND BRACELETS <\/h2>\t\t\t\t<\/div>\n\t\t\t\t<\/div>\n\t\t\t\t<div class=\"elementor-element elementor-element-c9b6458 elementor-widget__width-initial goldsmith-transform transform-type-translate elementor-invisible elementor-widget elementor-widget-heading\" data-id=\"c9b6458\" data-element_type=\"widget\" data-settings=\"{&quot;_animation&quot;:&quot;fadeIn&quot;,&quot;_animation_delay&quot;:600}\" data-widget_type=\"heading.default\">\n\t\t\t\t<div class=\"elementor-widget-container\">\n\t\t\t\t\t<p class=\"elementor-heading-title elementor-size-default translation-block\">During a midsummer night, in Camden Town, London, a\ncircle of young men and women are playing with some\nhandcuffs found at the street market, promising each other\nto always be faithful throughout life.<br>\nThose bangles are a symbol of their commitment to one\nanother by being exchanged and opened with just one key.<br>\nThis magnetic moment captured during a night wander in\nLondon inspired the creation of the FORONE FORTWO\ncollection: a unique and minimalist design that challenges\nconvention and symbolizes mutual devotion, loyalty and affinity.<br>\nFORONE FORTWO is made in steel, gold and diamonds,\nits handcuff closure and the patented lock motif give it true\npermanence until unlocked by their significant other. This\nis an aspirational and highly desirable bracelet.<\/p>\t\t\t\t<\/div>\n\t\t\t\t<\/div>\n\t\t\t\t<\/div>\n\t\t\t\t<\/div>\n\t\t\t\t<\/div>\n\t\t\t\t\t<\/div>\n\t\t\t\t<\/div>\n\t\t<div class=\"gap- elementor-element elementor-element-bedccfe nt-section section-padding e-flex e-con-boxed wpr-particle-no wpr-jarallax-no wpr-parallax-no wpr-sticky-section-no e-con e-parent\" data-id=\"bedccfe\" data-element_type=\"container\" data-settings=\"{&quot;background_background&quot;:&quot;classic&quot;}\">\n\t\t\t\t\t<div class=\"e-con-inner\">\n\t\t<div class=\"gap- elementor-element elementor-element-6448db2 e-con-full e-flex wpr-particle-no wpr-jarallax-no wpr-parallax-no wpr-sticky-section-no e-con e-child\" data-id=\"6448db2\" data-element_type=\"container\">\n\t\t<div class=\"gap- elementor-element elementor-element-93671d8 e-con-full e-flex wpr-particle-no wpr-jarallax-no wpr-parallax-no wpr-sticky-section-no e-con e-child\" data-id=\"93671d8\" data-element_type=\"container\">\n\t\t\t\t<div class=\"elementor-element elementor-element-60c5532 elementor-widget elementor-widget-image\" data-id=\"60c5532\" data-element_type=\"widget\" data-widget_type=\"image.default\">\n\t\t\t\t<div class=\"elementor-widget-container\">\n\t\t\t\t\t\t\t\t\t\t\t\t\t\t\t<img decoding=\"async\" width=\"768\" height=\"768\" src=\"https:\/\/attiliozanetti.com\/wp-content\/uploads\/2024\/12\/BRACCIALI-ALL-DIAMONDS.jpg\" class=\"attachment-large size-large wp-image-11904\" alt=\"\" \/>\t\t\t\t\t\t\t\t\t\t\t\t\t\t\t<\/div>\n\t\t\t\t<\/div>\n\t\t\t\t<div class=\"elementor-element elementor-element-15baa1c goldsmith-transform transform-type-translate elementor-widget elementor-widget-heading\" data-id=\"15baa1c\" data-element_type=\"widget\" data-widget_type=\"heading.default\">\n\t\t\t\t<div class=\"elementor-widget-container\">\n\t\t\t\t\t<h4 class=\"elementor-heading-title elementor-size-default\">CLASSIC<\/h4>\t\t\t\t<\/div>\n\t\t\t\t<\/div>\n\t\t\t\t<div class=\"elementor-element elementor-element-254972a elementor-widget elementor-widget-text-editor\" data-id=\"254972a\" data-element_type=\"widget\" data-widget_type=\"text-editor.default\">\n\t\t\t\t<div class=\"elementor-widget-container\">\n\t\t\t\t\t\t\t\t\t<p><span style=\"color: #000000;\">Bracciali in acciaio 316L chirurgico anallergico e diamanti naturali.\u00a0<\/span><\/p>\t\t\t\t\t\t\t\t<\/div>\n\t\t\t\t<\/div>\n\t\t\t\t<div class=\"elementor-element elementor-element-24a9ce2 elementor-widget elementor-widget-goldsmith-button\" data-id=\"24a9ce2\" data-element_type=\"widget\" data-widget_type=\"goldsmith-button.default\">\n\t\t\t\t<div class=\"elementor-widget-container\">\n\t\t\t\t\t<a data-id=\"btn-24a9ce2\" class=\"type-widget goldsmith-btn goldsmith-btn-dark goldsmith-btn-solid goldsmith-btn-square goldsmith-btn-medium\" href=\"https:\/\/attiliozanetti.com\/en\/foronefortwo-classic\/\"><span class=\"goldsmith-button-inner\"><span class=\"goldsmith-btn-text\">Find out more<\/span> <\/span><\/a>\t\t\t\t<\/div>\n\t\t\t\t<\/div>\n\t\t\t\t<\/div>\n\t\t<div class=\"gap- elementor-element elementor-element-08b5a61 e-con-full e-flex wpr-particle-no wpr-jarallax-no wpr-parallax-no wpr-sticky-section-no e-con e-child\" data-id=\"08b5a61\" data-element_type=\"container\">\n\t\t\t\t<div class=\"elementor-element elementor-element-3c15182 elementor-widget elementor-widget-image\" data-id=\"3c15182\" data-element_type=\"widget\" data-widget_type=\"image.default\">\n\t\t\t\t<div class=\"elementor-widget-container\">\n\t\t\t\t\t\t\t\t\t\t\t\t\t\t\t<img decoding=\"async\" width=\"768\" height=\"768\" src=\"https:\/\/attiliozanetti.com\/wp-content\/uploads\/2026\/01\/POP-1.jpg\" class=\"attachment-large size-large wp-image-17769\" alt=\"\" \/>\t\t\t\t\t\t\t\t\t\t\t\t\t\t\t<\/div>\n\t\t\t\t<\/div>\n\t\t\t\t<div class=\"elementor-element elementor-element-072ba06 goldsmith-transform transform-type-translate elementor-widget elementor-widget-heading\" data-id=\"072ba06\" data-element_type=\"widget\" data-widget_type=\"heading.default\">\n\t\t\t\t<div class=\"elementor-widget-container\">\n\t\t\t\t\t<h4 class=\"elementor-heading-title elementor-size-default\">POP<\/h4>\t\t\t\t<\/div>\n\t\t\t\t<\/div>\n\t\t\t\t<div class=\"elementor-element elementor-element-ec6a05a elementor-widget elementor-widget-text-editor\" data-id=\"ec6a05a\" data-element_type=\"widget\" data-widget_type=\"text-editor.default\">\n\t\t\t\t<div class=\"elementor-widget-container\">\n\t\t\t\t\t\t\t\t\t<p><span style=\"color: #000000;\">Bracciali con zaffiri naturali multicolor e finitura PVD oro 18 kt e titanio.\u00a0<\/span><\/p>\t\t\t\t\t\t\t\t<\/div>\n\t\t\t\t<\/div>\n\t\t\t\t<div class=\"elementor-element elementor-element-efd7a00 elementor-widget elementor-widget-goldsmith-button\" data-id=\"efd7a00\" data-element_type=\"widget\" data-widget_type=\"goldsmith-button.default\">\n\t\t\t\t<div class=\"elementor-widget-container\">\n\t\t\t\t\t<a data-id=\"btn-efd7a00\" class=\"type-widget goldsmith-btn goldsmith-btn-dark goldsmith-btn-solid goldsmith-btn-square goldsmith-btn-medium\" href=\"https:\/\/attiliozanetti.com\/en\/foronefortwo-pop\/\"><span class=\"goldsmith-button-inner\"><span class=\"goldsmith-btn-text\">Find out more<\/span> <\/span><\/a>\t\t\t\t<\/div>\n\t\t\t\t<\/div>\n\t\t\t\t<\/div>\n\t\t<div class=\"gap- elementor-element elementor-element-601910c e-con-full e-flex wpr-particle-no wpr-jarallax-no wpr-parallax-no wpr-sticky-section-no e-con e-child\" data-id=\"601910c\" data-element_type=\"container\">\n\t\t\t\t<div class=\"elementor-element elementor-element-5779ddb elementor-widget elementor-widget-image\" data-id=\"5779ddb\" data-element_type=\"widget\" data-widget_type=\"image.default\">\n\t\t\t\t<div class=\"elementor-widget-container\">\n\t\t\t\t\t\t\t\t\t\t\t\t\t\t\t<img loading=\"lazy\" decoding=\"async\" width=\"768\" height=\"768\" src=\"https:\/\/attiliozanetti.com\/wp-content\/uploads\/2026\/01\/luxuty-1.jpg\" class=\"attachment-large size-large wp-image-17764\" alt=\"\" \/>\t\t\t\t\t\t\t\t\t\t\t\t\t\t\t<\/div>\n\t\t\t\t<\/div>\n\t\t\t\t<div class=\"elementor-element elementor-element-f535c78 goldsmith-transform transform-type-translate elementor-widget elementor-widget-heading\" data-id=\"f535c78\" data-element_type=\"widget\" data-widget_type=\"heading.default\">\n\t\t\t\t<div class=\"elementor-widget-container\">\n\t\t\t\t\t<h4 class=\"elementor-heading-title elementor-size-default\">LUXURY<\/h4>\t\t\t\t<\/div>\n\t\t\t\t<\/div>\n\t\t\t\t<div class=\"elementor-element elementor-element-736583a elementor-widget elementor-widget-text-editor\" data-id=\"736583a\" data-element_type=\"widget\" data-widget_type=\"text-editor.default\">\n\t\t\t\t<div class=\"elementor-widget-container\">\n\t\t\t\t\t\t\t\t\t<p><span style=\"color: #000000;\">Bracciali in oro 9 o 18 Kt bianco, rosa e giallo con diamanti naturali.<\/span><\/p>\t\t\t\t\t\t\t\t<\/div>\n\t\t\t\t<\/div>\n\t\t\t\t<div class=\"elementor-element elementor-element-d8ea535 elementor-widget elementor-widget-goldsmith-button\" data-id=\"d8ea535\" data-element_type=\"widget\" data-widget_type=\"goldsmith-button.default\">\n\t\t\t\t<div class=\"elementor-widget-container\">\n\t\t\t\t\t<a data-id=\"btn-d8ea535\" class=\"type-widget goldsmith-btn goldsmith-btn-dark goldsmith-btn-solid goldsmith-btn-square goldsmith-btn-medium\" href=\"https:\/\/attiliozanetti.com\/en\/foronefortwo-luxury\/\"><span class=\"goldsmith-button-inner\"><span class=\"goldsmith-btn-text\">Find out more<\/span> <\/span><\/a>\t\t\t\t<\/div>\n\t\t\t\t<\/div>\n\t\t\t\t<\/div>\n\t\t\t\t<\/div>\n\t\t\t\t\t<\/div>\n\t\t\t\t<\/div>\n\t\t<div class=\"gap- elementor-element elementor-element-365b5f0 elementor-hidden-mobile e-flex e-con-boxed wpr-particle-no wpr-jarallax-no wpr-parallax-no wpr-sticky-section-no e-con e-parent\" data-id=\"365b5f0\" data-element_type=\"container\" data-settings=\"{&quot;background_background&quot;:&quot;classic&quot;}\">\n\t\t\t\t\t<div class=\"e-con-inner\">\n\t\t<div class=\"gap- elementor-element elementor-element-505df4e e-con-full e-flex wpr-particle-no wpr-jarallax-no wpr-parallax-no wpr-sticky-section-no e-con e-child\" data-id=\"505df4e\" data-element_type=\"container\">\n\t\t\t\t<div class=\"elementor-element elementor-element-5acfe65 elementor-widget elementor-widget-goldsmith-home-slider\" data-id=\"5acfe65\" data-element_type=\"widget\" data-widget_type=\"goldsmith-home-slider.default\">\n\t\t\t\t<div class=\"elementor-widget-container\">\n\t\t\t\t\t<div class=\"goldsmith-main-slider goldsmith-swiper-theme-style goldsmith-swiper-container goldsmith-swiper-slider nav-vertical-center\" data-swiper-options='{\"slidesPerView\":1,\"loop\":false,\"autoHeight\":false,\"autoplay\":{\"pauseOnMouseEnter\":true,\"disableOnInteraction\":false,\"delay\":5000},\"speed\":1000,\"spaceBetween\":0,\"direction\":\"horizontal\",\"wrapperClass\":\"goldsmith-swiper-wrapper\",\"navigation\":{\"nextEl\":\".slide-next-5acfe65\",\"prevEl\":\".slide-prev-5acfe65\"},\"pagination\":{\"el\":\".goldsmith-main-slider .goldsmith-pagination-5acfe65\",\"bulletClass\":\"goldsmith-swiper-bullet\",\"bulletActiveClass\":\"active\",\"type\":\"bullets\",\"clickable\":true}}'><div class=\"goldsmith-swiper-wrapper\"><div class=\"swiper-slide elementor-repeater-item-bda4deb\"><div class=\"goldsmith-slide-inner\"><img loading=\"lazy\" decoding=\"async\" width=\"1661\" height=\"601\" src=\"https:\/\/attiliozanetti.com\/wp-content\/uploads\/2024\/12\/HOME-PAGE-NEW-1.jpg\" class=\"attachment-full size-full\" alt=\"\" \/><div class=\"slide-item-content\"><h2 class=\"goldsmith-slide-head\">DISCOVER THE DIAMOND COLLECTION<\/h2><div class=\"goldsmith-slide-link-wrapper\"><a class=\"goldsmith-btn-large goldsmith-btn goldsmith-btn-dark goldsmith-slide-link\" href=\"https:\/\/attiliozanetti.com\/en\/diamanti\/\">Find out more<\/a><\/div><\/div><\/div><\/div><\/div><\/div>\t\t\t\t<\/div>\n\t\t\t\t<\/div>\n\t\t\t\t<\/div>\n\t\t\t\t\t<\/div>\n\t\t\t\t<\/div>\n\t\t<div class=\"gap- elementor-element elementor-element-a3c8b81 elementor-hidden-widescreen elementor-hidden-desktop elementor-hidden-laptop elementor-hidden-tablet_extra elementor-hidden-tablet elementor-hidden-mobile_extra e-flex e-con-boxed wpr-particle-no wpr-jarallax-no wpr-parallax-no wpr-sticky-section-no e-con e-parent\" data-id=\"a3c8b81\" data-element_type=\"container\" data-settings=\"{&quot;background_background&quot;:&quot;classic&quot;}\">\n\t\t\t\t\t<div class=\"e-con-inner\">\n\t\t<div class=\"gap- elementor-element elementor-element-c83dbae e-con-full e-flex wpr-particle-no wpr-jarallax-no wpr-parallax-no wpr-sticky-section-no e-con e-child\" data-id=\"c83dbae\" data-element_type=\"container\">\n\t\t\t\t<div class=\"elementor-element elementor-element-008566d elementor-widget elementor-widget-goldsmith-home-slider\" data-id=\"008566d\" data-element_type=\"widget\" data-widget_type=\"goldsmith-home-slider.default\">\n\t\t\t\t<div class=\"elementor-widget-container\">\n\t\t\t\t\t<div class=\"goldsmith-main-slider goldsmith-swiper-theme-style goldsmith-swiper-container goldsmith-swiper-slider nav-vertical-center\" data-swiper-options='{\"slidesPerView\":1,\"loop\":false,\"autoHeight\":false,\"autoplay\":{\"pauseOnMouseEnter\":true,\"disableOnInteraction\":false,\"delay\":5000},\"speed\":1000,\"spaceBetween\":0,\"direction\":\"horizontal\",\"wrapperClass\":\"goldsmith-swiper-wrapper\",\"navigation\":{\"nextEl\":\".slide-next-008566d\",\"prevEl\":\".slide-prev-008566d\"},\"pagination\":{\"el\":\".goldsmith-main-slider .goldsmith-pagination-008566d\",\"bulletClass\":\"goldsmith-swiper-bullet\",\"bulletActiveClass\":\"active\",\"type\":\"bullets\",\"clickable\":true}}'><div class=\"goldsmith-swiper-wrapper\"><div class=\"swiper-slide elementor-repeater-item-bda4deb\"><div class=\"goldsmith-slide-inner\"><img loading=\"lazy\" decoding=\"async\" width=\"1080\" height=\"1350\" src=\"https:\/\/attiliozanetti.com\/wp-content\/uploads\/2025\/08\/MASTERPIECE.jpg\" class=\"attachment-full size-full\" alt=\"\" \/><div class=\"slide-item-content\"><h2 class=\"goldsmith-slide-head\">DISCOVER THE DIAMOND COLLECTION<\/h2><div class=\"goldsmith-slide-link-wrapper\"><a class=\"goldsmith-btn-large goldsmith-btn goldsmith-btn-dark goldsmith-slide-link\" href=\"https:\/\/attiliozanetti.com\/en\/diamanti\/\">Find out more<\/a><\/div><\/div><\/div><\/div><\/div><\/div>\t\t\t\t<\/div>\n\t\t\t\t<\/div>\n\t\t\t\t<\/div>\n\t\t\t\t\t<\/div>\n\t\t\t\t<\/div>\n\t\t\t\t<\/div>","protected":false},"excerpt":{"rendered":"<p>FORONE FORTWO CONTEMPORARY BOND BRACELETS Londra, quartiere di Camden Town. In una giornata come tante, un gruppo di ragazzi si scambia promesse di fedelt\u00e0 reciproca giocando con un paio di manette. Quegli anelli metallici al polso sono per loro simbolo di un profondo legame e di una vera complicit\u00e0, bracciali da esibire, da scambiarsi, da aprire con un\u2019unica chiave. Da questa immagine, catturata passeggiando lungo una via londinese, nasce l\u2019idea per ForOne ForTwo: un momento di puro gioco ispira la creazione di un gioiello dedicato a chi si ama, un design unico ed essenziale che esce dagli schemi convenzionali, un simbolo di appartenenza reciproca e di complicit\u00e0. Realizzato in acciaio, oro e diamanti, ForOne ForTwo vanta un&#8217;esclusiva chiusura brevettata con sistema di apertura a chiave, che non imprigiona le emozioni, ma al contrario rivela un seducente gioco a due. Un bracciale desiderato e desiderabile. CLASSIC Bracciali in acciaio 316L chirurgico anallergico e diamanti naturali.\u00a0 Scopri di pi\u00f9 POP Bracciali con zaffiri naturali multicolor e finitura PVD oro 18 kt e titanio.\u00a0 Scopri di pi\u00f9 LUXURY Bracciali in oro 9 o 18 Kt bianco, rosa e giallo con diamanti naturali. Scopri di pi\u00f9 SCOPRI LA COLLEZIONE DIAMANTI Scopri di pi\u00f9 SCOPRI LA COLLEZIONE DIAMANTI Scopri di pi\u00f9<\/p>","protected":false},"author":1,"featured_media":0,"parent":0,"menu_order":0,"comment_status":"closed","ping_status":"closed","template":"","meta":{"_monsterinsights_skip_tracking":false,"_monsterinsights_sitenote_active":false,"_monsterinsights_sitenote_note":"","_monsterinsights_sitenote_category":0,"footnotes":""},"class_list":{"0":"post-9951","1":"page","2":"type-page","3":"status-publish","4":"hentry","5":"nt-post-class","6":"","7":"thumb-none","9":"excerpt-none"},"_links":{"self":[{"href":"https:\/\/attiliozanetti.com\/en\/wp-json\/wp\/v2\/pages\/9951","targetHints":{"allow":["GET"]}}],"collection":[{"href":"https:\/\/attiliozanetti.com\/en\/wp-json\/wp\/v2\/pages"}],"about":[{"href":"https:\/\/attiliozanetti.com\/en\/wp-json\/wp\/v2\/types\/page"}],"author":[{"embeddable":true,"href":"https:\/\/attiliozanetti.com\/en\/wp-json\/wp\/v2\/users\/1"}],"replies":[{"embeddable":true,"href":"https:\/\/attiliozanetti.com\/en\/wp-json\/wp\/v2\/comments?post=9951"}],"version-history":[{"count":196,"href":"https:\/\/attiliozanetti.com\/en\/wp-json\/wp\/v2\/pages\/9951\/revisions"}],"predecessor-version":[{"id":18075,"href":"https:\/\/attiliozanetti.com\/en\/wp-json\/wp\/v2\/pages\/9951\/revisions\/18075"}],"wp:attachment":[{"href":"https:\/\/attiliozanetti.com\/en\/wp-json\/wp\/v2\/media?parent=9951"}],"curies":[{"name":"wp","href":"https:\/\/api.w.org\/{rel}","templated":true}]}}