{"id":3,"date":"2024-02-07T09:50:47","date_gmt":"2024-02-07T08:50:47","guid":{"rendered":"https:\/\/attiliozanetti.com\/?page_id=3"},"modified":"2024-03-11T16:39:55","modified_gmt":"2024-03-11T15:39:55","slug":"privacy-policy","status":"publish","type":"page","link":"https:\/\/attiliozanetti.com\/en\/privacy-policy\/","title":{"rendered":"Privacy Policy"},"content":{"rendered":"<p class=\"translation-block\">This page describes how the site is managed in relation to the processing of personal data of users who consult it. This information is also provided pursuant to art. 13 of Legislative Decree no. 196\/2003 \u2013 Code regarding the protection of personal data and art. 13 of EU Regulation no. 2016\/679, to those who interact with the web services of the website www.attiliozanetti.com, accessible electronically from the address: https:\/\/attiliozanetti.com corresponding to the home page of the official Attilio Zanetti website .<br>The information is provided only for the website www.attiliozanetti.com and not for other websites that may be consulted by the user via links.<br>The information is also inspired by Recommendation no. 2\/2001 that the European authorities for the protection of personal data, gathered in the Group established by art. 29 of directive no. 95\/46\/EC, adopted on 17 May 2001 to identify some minimum requirements for the collection of personal data online, and, in particular, the methods, times and nature of the information that data controllers must provide to data subjects. users when they connect to web pages, regardless of the purpose of the connection.<br>The Recommendation and a summary description of its purposes are reported on other pages of this site.<\/p>\n\n\n\n<p><strong>THE \u201cOWNER\u201d OF THE TREATMENT<\/strong><\/p>\n\n\n\n<p class=\"translation-block\">Following consultation of this site, data relating to identified or identifiable persons may be processed.<br>The \"owner\" of their processing is Attilio Zanetti, whose headquarters are in P.zza Matteotti, 40 \u2013 37011 \u2013 Bardolino \u2013 Verona \u2013 Partita VAT 02179180233 \u2013 PEC: attilio.zanetti@pec.it \u2013 R.E.A. VR-224111 \u2013 Email: info@attiliozanetti.com \u2013 Tel. +39 347 2591693<\/p>\n\n\n\n<p><strong>PLACE OF DATA PROCESSING<\/strong><\/p>\n\n\n\n<p class=\"translation-block\">The processing connected to the web services of this site takes place at Attilio Zanetti, which is based in P.zza Matteotti, 40 \u2013 37011 \u2013 Bardolino \u2013 Verona, and is handled only by technical personnel of the Office in charge of processing, or by any persons in charge of occasional maintenance operations.<br>No data deriving from the web service is communicated or disseminated.<br>The personal data provided by users who send requests for informative material are used for the sole purpose of carrying out the service or provision requested and are communicated to third parties only if this is necessary for this purpose.<\/p>\n\n\n\n<p><strong>TYPES OF DATA PROCESSED<\/strong><\/p>\n\n\n\n<p class=\"translation-block\">Navigation data<br>The computer systems and software procedures used to operate this website acquire, during their normal operation, some personal data whose transmission is implicit in the use of Internet communication protocols.<br> This is information that is not collected to be associated with identified interested parties, but which by its very nature could, through processing and association with data held by third parties, allow users to be identified.<br>This category of data includes addresses IP or domain names of the computers used by users who connect to the site, the addresses in URI (Uniform Resource Identifier) \u200b\u200bnotation of the requested resources, the time of the request, the method used to submit the request to the server, the size of the file obtained in response, the numerical code indicating the status of the response given by the server (successful, error, etc.) and other parameters relating to the operating system and the user's IT environment.<br>This data is used for the sole purpose to obtain anonymous statistical information on the use of the site and to check its correct functioning and are deleted immediately after processing. The data could be used to ascertain responsibility in the event of hypothetical computer crimes against the site: except for this eventuality, data on web contacts currently do not persist for more than seven days.<br>Data provided voluntarily by the user <br>The optional, explicit and voluntary sending of electronic mail to the addresses indicated on this site entails the subsequent acquisition of the sender's address, necessary to respond to requests, as well as any other personal data included in the message.<br>Specifications summary information will be progressively reported or displayed on the pages of the site set up for particular services on request.<\/p>\n\n\n\n<p><strong>COOKIES<\/strong><\/p>\n\n\n\n<p class=\"translation-block\"><strong>What is a cookie?<\/strong><br>A cookie is a small text file that is stored by the computer when a website is visited by a user. The text stores information that the site is able to read when it is consulted at a later time. Some of these cookies are necessary for the correct functioning of the site, while others are useful to the visitor because they are able to securely store, for example, the username or language settings. The advantage of having cookies installed on your PC is that you no longer need to fill in the same information every time you want to access a previously visited site.<\/p>\n\n\n\n<p><strong>Why does our site use cookies?<\/strong><br>Our site uses cookies in order to provide its customers with a shopping experience that is tailored as closely as possible to their tastes and preferences. We use cookies to ensure that you do not have to receive or enter the same information each time you visit the site. Cookies are also used to optimise the performance of the website: they make it easier for you to make a final purchase and to quickly find specific items and products within the site. In order to protect your personal data from possible loss and any form of unlawful processing, we have taken appropriate technical and organisational measures. For further information, please see our Privacy Policy.<\/p>\n\n\n\n<p class=\"translation-block\"><strong>What type of cookies do we use and for what purpose?<\/strong><br>Our site uses different types of cookies, each of which has a specific function.<\/p>\n\n\n\n<p class=\"translation-block\"><strong>Navigation cookies<\/strong><br>These cookies allow the site to function correctly and allow you to view the contents in your language and for your market from the first access. They are able to recognize which country you are connecting from and ensure that every time you visit the site, you will automatically be directed to the version of the site for your country. They also allow you to create an account, log in and manage your orders. If you are a registered user, thanks to cookies the site will be able to recognize you as such when you access the services offered to registered users. These cookies will recognize you if you make purchases on the site through an affiliate or partner site, in order to allow us to fulfill our obligations towards partner sites. These cookies are necessary for the site to function.<\/p>\n\n\n\n<p class=\"translation-block\"><strong>Functional cookies<\/strong><br>These cookies are not essential for the functioning of the site, but they improve the quality and browsing experience.<\/p>\n\n\n\n<p class=\"translation-block\"><strong>Analytical cookies<\/strong><br>These cookies are used, for example, by Google Analytics to process statistical analyzes on how users navigate the site through computers or mobile applications, on the number of pages visited or the number of clicks made on a page while browsing a site. We process the results of these analyzes anonymously and exclusively for statistical purposes only if the service provider uses cookies in connection with the browser installed on your computer or on other devices used to browse our site.<br>How can I disable cookies by configuring your browser?<br>It is possible to modify your browser to disable cookies through a very simple procedure. Attention: by deactivating cookies, both username and password will no longer be stored on the site's login box. Most browsers (Internet Explorer, Firefox, etc.) are configured to accept cookies. However, most browsers allow you to control and even disable cookies through your browser settings. However, we remind you that disabling navigation or functional cookies may cause the site to malfunction and\/or limit the service we offer.<br>To find out more about cookies and how to manage or disable third-party or marketing cookies\/ retargeting, you can visit www.youronlinechoices.com. Instead, to disable analytical cookies and to prevent Google Analytics from collecting data on your browsing, you can download the browser add-on to deactivate Google Analytics: tools.google.com\/dlpage\/gaoptout.<\/p>\n\n\n\n<p><strong>Google Chrome:<\/strong><\/p>\n\n\n\n<ul class=\"wp-block-list\">\n<li>Run the Chrome Browser<\/li>\n\n\n\n<li>Click on the Chrome settings menu in the browser toolbar next to the URL entry window for navigation<\/li>\n\n\n\n<li>Select Settings<\/li>\n\n\n\n<li>Click Show Advanced Settings<\/li>\n\n\n\n<li>In the \u201cPrivacy\u201d section click on the \u201cContent settings\u201d button<\/li>\n\n\n\n<li>In the \u201cCookies\u201d section you can change the following cookie settings:<\/li>\n\n\n\n<li>Allow data to be saved locally<\/li>\n\n\n\n<li>Change local data only until the browser is closed<\/li>\n\n\n\n<li>Prevent sites from setting cookies<\/li>\n\n\n\n<li>Block third-party cookies and site data<\/li>\n\n\n\n<li>Manage exceptions for some websites<\/li>\n\n\n\n<li>Deleting one or all cookies<\/li>\n<\/ul>\n\n\n\n<p>For more information visit the dedicated page<\/p>\n\n\n\n<p><strong>Mozilla firefox:<\/strong><\/p>\n\n\n\n<ul class=\"wp-block-list\">\n<li>Running the Mozilla Firefox Browser<\/li>\n\n\n\n<li>Click on the firefox settings menu on the browser toolbar next to the url entry window for browsing<\/li>\n\n\n\n<li>Select Options<\/li>\n\n\n\n<li>Select the Privacy panel<\/li>\n\n\n\n<li>Click Show Advanced Settings<\/li>\n\n\n\n<li>In the \u201cPrivacy\u201d section click on the \u201cContent settings\u201d button<\/li>\n\n\n\n<li>In the 'Tracking' section, the following cookie settings can be changed<\/li>\n\n\n\n<li>Require sites not to carry out any tracking<\/li>\n\n\n\n<li>Notify sites of willingness to be tracked<\/li>\n\n\n\n<li>Do not communicate any data tracking preferences<\/li>\n\n\n\n<li>From the 'History' section, it is possible:<\/li>\n\n\n\n<li>By enabling 'Use custom settings', select to accept third-party cookies (always, from the most visited sites or never) and to keep them for a specified period (until they expire, when<br>Firefox or to ask every time)<\/li>\n\n\n\n<li>Removing individual stored cookies<\/li>\n<\/ul>\n\n\n\n<p>For more information visit the dedicated page<\/p>\n\n\n\n<p><strong>Internet Explorer:<\/strong><\/p>\n\n\n\n<ul class=\"wp-block-list\">\n<li>Running the Internet Explorer Browser<\/li>\n\n\n\n<li>Click on the Tools button and choose Internet Options<\/li>\n\n\n\n<li>Click on the Privacy tab and in the Settings section change the slider to the desired cookie action:<\/li>\n\n\n\n<li>Blocking all cookies<\/li>\n\n\n\n<li>Allow all cookies<\/li>\n\n\n\n<li>Selection of sites to obtain cookies from: move the cursor to an intermediate position so as not to block or allow all cookies, then click on Sites, in the Website Address box enter a website and then click on Block or Allow<\/li>\n<\/ul>\n\n\n\n<p>For more information visit the dedicated page<\/p>\n\n\n\n<p><strong>Safari:<\/strong><\/p>\n\n\n\n<ul class=\"wp-block-list\">\n<li>Running the Safari Browser<\/li>\n\n\n\n<li>Click on Safari, select Preferences and click on Privacy<\/li>\n\n\n\n<li>In the Block Cookies section, specify how Safari is to accept cookies from Internet sites.<\/li>\n\n\n\n<li>To see which sites have stored cookies click on Details<\/li>\n<\/ul>\n\n\n\n<p>For more information visit the dedicated page<\/p>\n\n\n\n<p><strong>Safari IOS (mobile devices):<\/strong><\/p>\n\n\n\n<ul class=\"wp-block-list\">\n<li>Running the iOS Safari Browser<\/li>\n\n\n\n<li>Tap on Settings and then Safari<\/li>\n\n\n\n<li>Tap on Block Cookies and choose from the options: 'Never', 'Third-Party and Advertisers' or 'Always'.<\/li>\n\n\n\n<li>To delete all cookies stored by Safari, tap on Settings, then on Safari and finally on Delete Cookies and Data<\/li>\n<\/ul>\n\n\n\n<p>For more information visit the dedicated page<\/p>\n\n\n\n<p><strong>Opera:<\/strong><\/p>\n\n\n\n<ul class=\"wp-block-list\">\n<li>Running the Opera Browser<\/li>\n\n\n\n<li>Click on Preferences then on Advanced and finally on Cookies<\/li>\n\n\n\n<li>Select one of the following options:<\/li>\n\n\n\n<li>Accept all cookies<\/li>\n\n\n\n<li>Accept cookies only from the site you are visiting: third-party cookies and cookies that are sent from a domain other than the one you are visiting will be rejected<\/li>\n\n\n\n<li>Never accept cookies: all cookies will never be saved<\/li>\n<\/ul>\n\n\n\n<p>For more information visit the dedicated page<\/p>\n\n\n\n<p><strong>OPTIONAL PROVISION OF DATA<\/strong><\/p>\n\n\n\n<p>Apart from what is specified for navigation data, the user is free to provide personal data contained in the site's request forms or otherwise indicated in contacts with the Office to request the sending of informative material or other communications.<\/p>\n\n\n\n<p>Failure to provide them may make it impossible to obtain what is requested.<\/p>\n\n\n\n<p>For the sake of completeness, it should be remembered that in some cases (not subject to the ordinary management of this site) the Authority may request news and information pursuant to art. 157 of Legislative Decree no. 196\/2003, of EU Regulation no. 2016\/679 (GDPR), for the purposes of controlling the processing of personal data. In these cases the response is mandatory under penalty of administrative sanction.<\/p>\n\n\n\n<p><strong>PROCESSING METHODS<\/strong><\/p>\n\n\n\n<p class=\"translation-block\">Personal data are processed with automated tools for the time strictly necessary to achieve the purposes for which they were collected.<br>Specific security measures are observed to prevent data loss, illicit or incorrect use and unauthorized access.<\/p>\n\n\n\n<p><strong>RIGHTS OF INTERESTED PARTIES<\/strong><\/p>\n\n\n\n<p class=\"translation-block\">The subjects to whom the personal data refer are protected by the regulations of Legislative Decree no. 196\/2003 and EU Regulation no. 2016\/679 GDPR) in their rights to confidentiality, correctness, completeness, information on the processing carried out and access. They therefore have the right at any time to obtain confirmation of the existence or otherwise of the same data and to know its content and origin, verify its accuracy or request its integration or updating, or rectification (art. 7 of Legislative Decree no. 196\/2003 and art. 15 GDPR).<br>Pursuant to the same article you have the right to request the cancellation, transformation into anonymous form or blocking of data processed in violation of the law, as well as to oppose in any case, for legitimate reasons, their processing.<br>Requests should be addressed to Attilio Zanetti, whose headquarters are in P.zza Matteotti, 40 \u2013 37011 \u2013 Bardolino \u2013 Verona \u2013 VAT number 02179180233 \u2013 PEC: attilio .zanetti@pec.it \u2013 R.E.A. VR-224111 \u2013 Email: info@attiliozanetti.com \u2013 Tel. +39 347 2591693<br>This page is visible via the link at the bottom of all pages of the Site pursuant to art. 122 second paragraph of the Legislative Decree. 196\/2003 and EU Regulation no. 2016\/679 GDPR and following the simplified methods for the information and the acquisition of consent for the use of cookies published in the Official Journal n.126 of 3 June 2014 and related register of measures n.229 of 8 May.<\/p>","protected":false},"excerpt":{"rendered":"<p>In questa pagina si descrivono le modalit\u00e0 di gestione del sito in riferimento al trattamento dei dati personali degli utenti che lo consultano. Si tratta di un\u2019informativa che \u00e8 resa anche ai sensi dell\u2019art. 13 del d.lgs. n. 196\/2003 \u2013 Codice in materia di protezione dei dati personali e dell\u2019art. 13 del Regolamento UE n. 2016\/679, a coloro che interagiscono con i servizi web del sito internet www.attiliozanetti.com, accessibili per via telematica a partire dall\u2019indirizzo: https:\/\/attiliozanetti.com corrispondente alla pagina iniziale del sito ufficiale di Attilio Zanetti.L\u2019informativa \u00e8 resa solo per il sito www.attiliozanetti.com e non anche per altri siti web eventualmente consultati dall\u2019utente tramite link.L\u2019informativa si ispira anche alla Raccomandazione n. 2\/2001 che le autorit\u00e0 europee per la protezione dei dati personali, riunite nel Gruppo istituito dall\u2019art. 29 della direttiva n. 95\/46\/CE, hanno adottato il 17 maggio 2001 per individuare alcuni requisiti minimi per la raccolta di dati personali on-line, e, in particolare, le modalit\u00e0, i tempi e la natura delle informazioni che i titolari del trattamento devono fornire agli utenti quando questi si collegano a pagine web, indipendentemente dagli scopi del collegamento.La Raccomandazione e una descrizione di sintesi delle sue finalit\u00e0 sono riportate in altre pagine di questo sito. IL \u201cTITOLARE\u201d DEL TRATTAMENTO A seguito della consultazione di questo sito possono essere trattati dati relativi a persone identificate o identificabili.Il \u201ctitolare\u201d del loro trattamento \u00e8 Attilio Zanetti, che ha sede in P.zza Matteotti, 40 \u2013 37011 \u2013 Bardolino \u2013 Verona \u2013 Partita Iva 02179180233 \u2013 PEC: attilio.zanetti@pec.it \u2013 R.E.A. VR-224111 \u2013 Email: info@attiliozanetti.com \u2013 Tel. +39 347 2591693 LUOGO DI TRATTAMENTO DEI DATI I trattamenti connessi ai servizi web di questo sito hanno luogo presso Attilio Zanetti, che ha sede in P.zza Matteotti, 40 \u2013 37011 \u2013 Bardolino \u2013 Verona, e sono curati solo da personale tecnico dell\u2019Ufficio incaricato del trattamento, oppure da eventuali incaricati di occasionali operazioni di manutenzione.Nessun dato derivante dal servizio web viene comunicato o diffuso.I dati personali forniti dagli utenti che inoltrano richieste di invio di materiale informativo sono utilizzati al solo fine di eseguire il servizio o la prestazione richiesta e sono comunicati a terzi nel solo caso in cui ci\u00f2 sia a tal fine necessario. TIPI DI DATI TRATTATI Dati di navigazioneI sistemi informatici e le procedure software preposte al funzionamento di questo sito web acquisiscono, nel corso del loro normale esercizio, alcuni dati personali la cui trasmissione \u00e8 implicita nell\u2019uso dei protocolli di comunicazione di Internet.Si tratta di informazioni che non sono raccolte per essere associate a interessati identificati, ma che per loro stessa natura potrebbero, attraverso elaborazioni ed associazioni con dati detenuti da terzi, permettere di identificare gli utenti.In questa categoria di dati rientrano gli indirizzi IP o i nomi a dominio dei computer utilizzati dagli utenti che si connettono al sito, gli indirizzi in notazione URI (Uniform Resource Identifier) delle risorse richieste, l\u2019orario della richiesta, il metodo utilizzato nel sottoporre la richiesta al server, la dimensione del file ottenuto in risposta, il codice numerico indicante lo stato della risposta data dal server (buon fine, errore, ecc.) ed altri parametri relativi al sistema operativo e all\u2019ambiente informatico dell\u2019utente.Questi dati vengono utilizzati al solo fine di ricavare informazioni statistiche anonime sull\u2019uso del sito e per controllarne il corretto funzionamento e vengono cancellati immediatamente dopo l\u2019elaborazione. I dati potrebbero essere utilizzati per l\u2019accertamento di responsabilit\u00e0 in caso di ipotetici reati informatici ai danni del sito: salva questa eventualit\u00e0, allo stato i dati sui contatti web non persistono per pi\u00f9 di sette giorni.Dati forniti volontariamente dall\u2019utenteL\u2019invio facoltativo, esplicito e volontario di posta elettronica agli indirizzi indicati su questo sito comporta la successiva acquisizione dell\u2019indirizzo del mittente, necessario per rispondere alle richieste, nonch\u00e9 degli eventuali altri dati personali inseriti nella missiva.Specifiche informative di sintesi verranno progressivamente riportate o visualizzate nelle pagine del sito predisposte per particolari servizi a richiesta. COOKIES Che cosa \u00e8 un cookie?Un cookie \u00e8 un piccolo file di testo che viene memorizzato dal computer nel momento in cui un sito web viene visitato da un utente. Il testo memorizza informazioni che il sito \u00e8 in grado di leggere nel momento in cui viene consultato in un secondo momento. Alcuni di questi cookies sono necessari al corretto funzionamento del sito, altri sono invece utili al visitatore perch\u00e9 in grado di memorizzare in modo sicuro ad esempio il nome utente o le impostazioni di lingua. Il vantaggio di avere dei cookies installati nel proprio pc \u00e8 quello di non aver pi\u00f9 bisogno di compilare le stesse informazioni ogni qualvolta si voglia accedere ad un sito visitato in precedenza. Perch\u00e8 il nostro sito utilizza i cookies?Il nostro sito utilizza i cookies al fine di fornire ai propri clienti un\u2019esperienza di acquisto modellata il pi\u00f9 possibile intorno ai suoi gusti e preferenze. Tramite i cookies facciamo in modo che ad ogni visita sul sito non si debbano ricevere o inserire le stesse informazioni. I cookies vengono utilizzati anche al fine di ottimizzare le prestazioni del sito web: essi infatti rendono pi\u00f9 facile sia il procedimento finale di acquisto che la ricerca veloce di elementi e prodotti specifici all\u2019interno del sito. Al fine di proteggere i propri dati personali da possibili perdite e da qualsiasi forma di trattamento illecito abbiamo preso opportune misure tecniche ed organizzative. Per ulteriori informazioni si prega di consultare la nostra Informativa sulla privacy. Che tipo di cookie utilizziamo e a quale scopo?Il nostro sito utilizza diverse tipologie di cookie, ognuno dei quali ha una funzione specifica. Cookie di navigazioneQuesti cookie permettono al sito di funzionare correttamente e ti permettono di visualizzare i contenuti nella tua lingua e per il tuo mercato fin dal primo accesso. Sono in grado di riconoscere da quale Paese ti stai connettendo e fanno in modo che, ogni volta che visiterai il sito, sarai automaticamente indirizzato alla versione del sito per il tuo Paese. Ti permettono anche di creare un account, effettuare il login e gestire i tuoi ordini. Se sei un utente registrato, grazie ai cookie il sito potr\u00e0 riconoscerti come tale quando accederai ai servizi&#8230;<\/p>","protected":false},"author":1,"featured_media":0,"parent":0,"menu_order":0,"comment_status":"closed","ping_status":"open","template":"","meta":{"_monsterinsights_skip_tracking":false,"_monsterinsights_sitenote_active":false,"_monsterinsights_sitenote_note":"","_monsterinsights_sitenote_category":0,"footnotes":""},"class_list":{"0":"post-3","1":"page","2":"type-page","3":"status-publish","4":"hentry","5":"nt-post-class","6":"","7":"thumb-none","9":"excerpt-none"},"_links":{"self":[{"href":"https:\/\/attiliozanetti.com\/en\/wp-json\/wp\/v2\/pages\/3","targetHints":{"allow":["GET"]}}],"collection":[{"href":"https:\/\/attiliozanetti.com\/en\/wp-json\/wp\/v2\/pages"}],"about":[{"href":"https:\/\/attiliozanetti.com\/en\/wp-json\/wp\/v2\/types\/page"}],"author":[{"embeddable":true,"href":"https:\/\/attiliozanetti.com\/en\/wp-json\/wp\/v2\/users\/1"}],"replies":[{"embeddable":true,"href":"https:\/\/attiliozanetti.com\/en\/wp-json\/wp\/v2\/comments?post=3"}],"version-history":[{"count":1,"href":"https:\/\/attiliozanetti.com\/en\/wp-json\/wp\/v2\/pages\/3\/revisions"}],"predecessor-version":[{"id":10351,"href":"https:\/\/attiliozanetti.com\/en\/wp-json\/wp\/v2\/pages\/3\/revisions\/10351"}],"wp:attachment":[{"href":"https:\/\/attiliozanetti.com\/en\/wp-json\/wp\/v2\/media?parent=3"}],"curies":[{"name":"wp","href":"https:\/\/api.w.org\/{rel}","templated":true}]}}