{"id":10188,"date":"2024-03-11T10:36:30","date_gmt":"2024-03-11T09:36:30","guid":{"rendered":"https:\/\/attiliozanetti.com\/?page_id=10188"},"modified":"2025-08-19T12:29:20","modified_gmt":"2025-08-19T10:29:20","slug":"customize-your-rolex","status":"publish","type":"page","link":"https:\/\/attiliozanetti.com\/en\/customize-your-rolex\/","title":{"rendered":"Customize your Rolex"},"content":{"rendered":"<div data-elementor-type=\"wp-page\" data-elementor-id=\"10188\" class=\"elementor elementor-10188\">\n\t\t\t\t<div class=\"gap- elementor-element elementor-element-8faaad9 e-con-full elementor-hidden-tablet elementor-hidden-mobile_extra elementor-hidden-mobile e-flex wpr-particle-no wpr-jarallax-no wpr-parallax-no wpr-sticky-section-no e-con e-parent\" data-id=\"8faaad9\" data-element_type=\"container\" data-settings=\"{&quot;background_background&quot;:&quot;classic&quot;}\">\n\t\t\t\t<\/div>\n\t\t<div class=\"gap- elementor-element elementor-element-5fb1473 e-con-full elementor-hidden-widescreen elementor-hidden-desktop elementor-hidden-laptop elementor-hidden-tablet_extra e-flex wpr-particle-no wpr-jarallax-no wpr-parallax-no wpr-sticky-section-no e-con e-parent\" data-id=\"5fb1473\" data-element_type=\"container\" data-settings=\"{&quot;background_background&quot;:&quot;classic&quot;}\">\n\t\t\t\t<div class=\"elementor-element elementor-element-0f3cae5 elementor-widget elementor-widget-spacer\" data-id=\"0f3cae5\" data-element_type=\"widget\" data-widget_type=\"spacer.default\">\n\t\t\t\t<div class=\"elementor-widget-container\">\n\t\t\t\t\t\t\t<div class=\"elementor-spacer\">\n\t\t\t<div class=\"elementor-spacer-inner\"><\/div>\n\t\t<\/div>\n\t\t\t\t\t\t<\/div>\n\t\t\t\t<\/div>\n\t\t\t\t<\/div>\n\t\t<div class=\"gap- elementor-element elementor-element-00bf4d3 nt-section section-padding e-flex e-con-boxed wpr-particle-no wpr-jarallax-no wpr-parallax-no wpr-sticky-section-no e-con e-parent\" data-id=\"00bf4d3\" data-element_type=\"container\" id=\"s1\" data-settings=\"{&quot;background_background&quot;:&quot;classic&quot;}\">\n\t\t\t\t\t<div class=\"e-con-inner\">\n\t\t<div class=\"gap- elementor-element elementor-element-2a505c4 e-con-full e-flex wpr-particle-no wpr-jarallax-no wpr-parallax-no wpr-sticky-section-no e-con e-child\" data-id=\"2a505c4\" data-element_type=\"container\">\n\t\t<div class=\"gap- elementor-element elementor-element-f7ec2bb e-con-full e-flex wpr-particle-no wpr-jarallax-no wpr-parallax-no wpr-sticky-section-no e-con e-child\" data-id=\"f7ec2bb\" data-element_type=\"container\">\n\t\t<div class=\"gap- elementor-element elementor-element-849802b e-con-full e-flex wpr-particle-no wpr-jarallax-no wpr-parallax-no wpr-sticky-section-no e-con e-child\" data-id=\"849802b\" data-element_type=\"container\">\n\t\t\t\t<div class=\"elementor-element elementor-element-738dc00 elementor-invisible elementor-widget elementor-widget-image\" data-id=\"738dc00\" data-element_type=\"widget\" data-settings=\"{&quot;_animation&quot;:&quot;slideInUp&quot;}\" data-widget_type=\"image.default\">\n\t\t\t\t<div class=\"elementor-widget-container\">\n\t\t\t\t\t\t\t\t\t\t\t\t\t\t\t<img fetchpriority=\"high\" decoding=\"async\" width=\"767\" height=\"666\" src=\"https:\/\/attiliozanetti.com\/wp-content\/uploads\/2024\/05\/gallery1-767x666.jpeg\" class=\"elementor-animation-float attachment-goldsmith-grid size-goldsmith-grid wp-image-10697\" alt=\"\" \/>\t\t\t\t\t\t\t\t\t\t\t\t\t\t\t<\/div>\n\t\t\t\t<\/div>\n\t\t\t\t<\/div>\n\t\t<div class=\"gap- elementor-element elementor-element-4fb4837 e-con-full e-flex wpr-particle-no wpr-jarallax-no wpr-parallax-no wpr-sticky-section-no e-con e-child\" data-id=\"4fb4837\" data-element_type=\"container\">\n\t\t\t\t<div class=\"elementor-element elementor-element-29b7f82 elementor-widget elementor-widget-goldsmith-widget-label\" data-id=\"29b7f82\" data-element_type=\"widget\" data-widget_type=\"goldsmith-widget-label.default\">\n\t\t\t\t<div class=\"elementor-widget-container\">\n\t\t\t\t\t<span class=\"goldsmith-widget-label label-solid label-square label-small goldsmith-label-yellow\">CUSTOM MADE BY ATTILIO ZANETTI<\/span>\t\t\t\t<\/div>\n\t\t\t\t<\/div>\n\t\t\t\t<div class=\"elementor-element elementor-element-7eb07c3 goldsmith-transform transform-type-translate elementor-invisible elementor-widget elementor-widget-heading\" data-id=\"7eb07c3\" data-element_type=\"widget\" data-settings=\"{&quot;_animation&quot;:&quot;fadeInDown&quot;,&quot;_animation_delay&quot;:400}\" data-widget_type=\"heading.default\">\n\t\t\t\t<div class=\"elementor-widget-container\">\n\t\t\t\t\t<h2 class=\"elementor-heading-title elementor-size-default\">CUSTOMISE YOUR ROLEX<\/h2>\t\t\t\t<\/div>\n\t\t\t\t<\/div>\n\t\t\t\t<div class=\"elementor-element elementor-element-279710a elementor-widget__width-initial goldsmith-transform transform-type-translate elementor-invisible elementor-widget elementor-widget-heading\" data-id=\"279710a\" data-element_type=\"widget\" data-settings=\"{&quot;_animation&quot;:&quot;fadeIn&quot;,&quot;_animation_delay&quot;:600}\" data-widget_type=\"heading.default\">\n\t\t\t\t<div class=\"elementor-widget-container\">\n\t\t\t\t\t<p class=\"elementor-heading-title elementor-size-default\">Rolex is a registered trademark owned exclusively by ROLEX SA. For more information visit the official Rolex website. We are committed to offering our customers handcrafted, high-quality accessories to enhance and personalise their Rolex watch.<\/p>\t\t\t\t<\/div>\n\t\t\t\t<\/div>\n\t\t\t\t<div class=\"elementor-element elementor-element-b8dc7fd goldsmith-transform transform-type-translate elementor-invisible elementor-widget elementor-widget-heading\" data-id=\"b8dc7fd\" data-element_type=\"widget\" data-settings=\"{&quot;_animation&quot;:&quot;fadeInDown&quot;,&quot;_animation_delay&quot;:400}\" data-widget_type=\"heading.default\">\n\t\t\t\t<div class=\"elementor-widget-container\">\n\t\t\t\t\t<h3 class=\"elementor-heading-title elementor-size-default\">BEZELS<\/h3>\t\t\t\t<\/div>\n\t\t\t\t<\/div>\n\t\t\t\t<div class=\"elementor-element elementor-element-e115a87 elementor-widget__width-initial goldsmith-transform transform-type-translate elementor-invisible elementor-widget elementor-widget-heading\" data-id=\"e115a87\" data-element_type=\"widget\" data-settings=\"{&quot;_animation&quot;:&quot;fadeIn&quot;,&quot;_animation_delay&quot;:600}\" data-widget_type=\"heading.default\">\n\t\t\t\t<div class=\"elementor-widget-container\">\n\t\t\t\t\t<p class=\"elementor-heading-title elementor-size-default\">We make bezels compatible with every Rolex reference, available in gold, diamonds and coloured stones. Each bezel is designed and manufactured with millimetric precision (0.04 mm tolerance) to guarantee maximum reliability and a style in line with Rolex quality.<\/p>\t\t\t\t<\/div>\n\t\t\t\t<\/div>\n\t\t\t\t<div class=\"elementor-element elementor-element-0e7cd47 goldsmith-transform transform-type-translate elementor-invisible elementor-widget elementor-widget-heading\" data-id=\"0e7cd47\" data-element_type=\"widget\" data-settings=\"{&quot;_animation&quot;:&quot;fadeInDown&quot;,&quot;_animation_delay&quot;:400}\" data-widget_type=\"heading.default\">\n\t\t\t\t<div class=\"elementor-widget-container\">\n\t\t\t\t\t<h3 class=\"elementor-heading-title elementor-size-default\">CUSTOMIZABLE OYSTER AND JUBILEE BRACELETS<\/h3>\t\t\t\t<\/div>\n\t\t\t\t<\/div>\n\t\t\t\t<div class=\"elementor-element elementor-element-f258f86 elementor-widget__width-initial goldsmith-transform transform-type-translate elementor-invisible elementor-widget elementor-widget-heading\" data-id=\"f258f86\" data-element_type=\"widget\" data-settings=\"{&quot;_animation&quot;:&quot;fadeIn&quot;,&quot;_animation_delay&quot;:600}\" data-widget_type=\"heading.default\">\n\t\t\t\t<div class=\"elementor-widget-container\">\n\t\t\t\t\t<p class=\"elementor-heading-title elementor-size-default\">To make your Rolex Oyster or Jubilee unique, we offer individual gold and diamond links that can be personalised with letters, numbers or symbols. Each element is handmade and can be applied to the bracelet with a simple click, respecting aesthetics and functionality. <br>\n\nContact us to discover all the customisation options compatible with your Rolex watch.<\/p>\t\t\t\t<\/div>\n\t\t\t\t<\/div>\n\t\t\t\t<\/div>\n\t\t\t\t<\/div>\n\t\t\t\t<\/div>\n\t\t\t\t\t<\/div>\n\t\t\t\t<\/div>\n\t\t<div class=\"gap- elementor-element elementor-element-90c5792 e-flex e-con-boxed wpr-particle-no wpr-jarallax-no wpr-parallax-no wpr-sticky-section-no e-con e-parent\" data-id=\"90c5792\" data-element_type=\"container\" data-settings=\"{&quot;background_background&quot;:&quot;classic&quot;}\">\n\t\t\t\t\t<div class=\"e-con-inner\">\n\t\t<div class=\"gap- elementor-element elementor-element-372120f e-con-full e-flex wpr-particle-no wpr-jarallax-no wpr-parallax-no wpr-sticky-section-no e-con e-child\" data-id=\"372120f\" data-element_type=\"container\">\n\t\t\t\t<div class=\"elementor-element elementor-element-aa03061 elementor-widget elementor-widget-image\" data-id=\"aa03061\" data-element_type=\"widget\" data-widget_type=\"image.default\">\n\t\t\t\t<div class=\"elementor-widget-container\">\n\t\t\t\t\t\t\t\t\t\t\t\t\t\t\t\t<a href=\"https:\/\/attiliozanetti.com\/wp-content\/uploads\/2024\/05\/INDOSSATO-ROLEX-1.jpg\" data-elementor-open-lightbox=\"yes\" data-elementor-lightbox-title=\"INDOSSATO ROLEX 1\" data-e-action-hash=\"#elementor-action%3Aaction%3Dlightbox%26settings%3DeyJpZCI6MTA5NTYsInVybCI6Imh0dHBzOlwvXC9hdHRpbGlvemFuZXR0aS5jb21cL3dwLWNvbnRlbnRcL3VwbG9hZHNcLzIwMjRcLzA1XC9JTkRPU1NBVE8tUk9MRVgtMS5qcGcifQ%3D%3D\">\n\t\t\t\t\t\t\t<img decoding=\"async\" width=\"568\" height=\"562\" src=\"https:\/\/attiliozanetti.com\/wp-content\/uploads\/2024\/05\/INDOSSATO-ROLEX-1.jpg\" class=\"attachment-full size-full wp-image-10956\" alt=\"\" \/>\t\t\t\t\t\t\t\t<\/a>\n\t\t\t\t\t\t\t\t\t\t\t\t\t\t\t<\/div>\n\t\t\t\t<\/div>\n\t\t\t\t<\/div>\n\t\t<div class=\"gap- elementor-element elementor-element-3a66874 e-con-full e-flex wpr-particle-no wpr-jarallax-no wpr-parallax-no wpr-sticky-section-no e-con e-child\" data-id=\"3a66874\" data-element_type=\"container\">\n\t\t\t\t<div class=\"elementor-element elementor-element-e2f020e elementor-widget elementor-widget-image\" data-id=\"e2f020e\" data-element_type=\"widget\" data-widget_type=\"image.default\">\n\t\t\t\t<div class=\"elementor-widget-container\">\n\t\t\t\t\t\t\t\t\t\t\t\t\t\t\t\t<a href=\"https:\/\/attiliozanetti.com\/wp-content\/uploads\/2024\/05\/INDOSSATO-ROLEX-3.jpg\" data-elementor-open-lightbox=\"yes\" data-elementor-lightbox-title=\"INDOSSATO ROLEX 3\" data-e-action-hash=\"#elementor-action%3Aaction%3Dlightbox%26settings%3DeyJpZCI6MTA5NTcsInVybCI6Imh0dHBzOlwvXC9hdHRpbGlvemFuZXR0aS5jb21cL3dwLWNvbnRlbnRcL3VwbG9hZHNcLzIwMjRcLzA1XC9JTkRPU1NBVE8tUk9MRVgtMy5qcGcifQ%3D%3D\">\n\t\t\t\t\t\t\t<img decoding=\"async\" width=\"568\" height=\"562\" src=\"https:\/\/attiliozanetti.com\/wp-content\/uploads\/2024\/05\/INDOSSATO-ROLEX-3.jpg\" class=\"attachment-full size-full wp-image-10957\" alt=\"\" \/>\t\t\t\t\t\t\t\t<\/a>\n\t\t\t\t\t\t\t\t\t\t\t\t\t\t\t<\/div>\n\t\t\t\t<\/div>\n\t\t\t\t<\/div>\n\t\t<div class=\"gap- elementor-element elementor-element-7bf6bf4 e-con-full e-flex wpr-particle-no wpr-jarallax-no wpr-parallax-no wpr-sticky-section-no e-con e-child\" data-id=\"7bf6bf4\" data-element_type=\"container\">\n\t\t\t\t<div class=\"elementor-element elementor-element-b4e1165 elementor-widget elementor-widget-image\" data-id=\"b4e1165\" data-element_type=\"widget\" data-widget_type=\"image.default\">\n\t\t\t\t<div class=\"elementor-widget-container\">\n\t\t\t\t\t\t\t\t\t\t\t\t\t\t\t\t<a href=\"https:\/\/attiliozanetti.com\/wp-content\/uploads\/2024\/05\/INDOSSATO-ROLEX-2.jpg\" data-elementor-open-lightbox=\"yes\" data-elementor-lightbox-title=\"INDOSSATO ROLEX 2\" data-e-action-hash=\"#elementor-action%3Aaction%3Dlightbox%26settings%3DeyJpZCI6MTA5NTgsInVybCI6Imh0dHBzOlwvXC9hdHRpbGlvemFuZXR0aS5jb21cL3dwLWNvbnRlbnRcL3VwbG9hZHNcLzIwMjRcLzA1XC9JTkRPU1NBVE8tUk9MRVgtMi5qcGcifQ%3D%3D\">\n\t\t\t\t\t\t\t<img loading=\"lazy\" decoding=\"async\" width=\"568\" height=\"562\" src=\"https:\/\/attiliozanetti.com\/wp-content\/uploads\/2024\/05\/INDOSSATO-ROLEX-2.jpg\" class=\"attachment-full size-full wp-image-10958\" alt=\"\" \/>\t\t\t\t\t\t\t\t<\/a>\n\t\t\t\t\t\t\t\t\t\t\t\t\t\t\t<\/div>\n\t\t\t\t<\/div>\n\t\t\t\t<\/div>\n\t\t\t\t\t<\/div>\n\t\t\t\t<\/div>\n\t\t<div class=\"gap- elementor-element elementor-element-073e7f9 e-flex e-con-boxed wpr-particle-no wpr-jarallax-no wpr-parallax-no wpr-sticky-section-no e-con e-parent\" data-id=\"073e7f9\" data-element_type=\"container\">\n\t\t\t\t\t<div class=\"e-con-inner\">\n\t\t\t\t<div class=\"elementor-element elementor-element-44113bb goldsmith-transform transform-type-translate elementor-widget elementor-widget-heading\" data-id=\"44113bb\" data-element_type=\"widget\" data-widget_type=\"heading.default\">\n\t\t\t\t<div class=\"elementor-widget-container\">\n\t\t\t\t\t<h4 class=\"elementor-heading-title elementor-size-default\">CONTACT US FOR MORE INFORMATION<\/h4>\t\t\t\t<\/div>\n\t\t\t\t<\/div>\n\t\t\t\t<div class=\"elementor-element elementor-element-205f575 elementor-widget elementor-widget-goldsmith-contact-form-7\" data-id=\"205f575\" data-element_type=\"widget\" data-widget_type=\"goldsmith-contact-form-7.default\">\n\t\t\t\t<div class=\"elementor-widget-container\">\n\t\t\t\t\t<div class=\"goldsmith-cf7-form-wrapper form_front\">\n<div class=\"wpcf7 no-js\" id=\"wpcf7-f3146-o1\" lang=\"en-US\" dir=\"ltr\" data-wpcf7-id=\"3146\">\n<div class=\"screen-reader-response\"><p role=\"status\" aria-live=\"polite\" aria-atomic=\"true\"><\/p> <ul><\/ul><\/div>\n<form action=\"\/en\/wp-json\/wp\/v2\/pages\/10188#wpcf7-f3146-o1\" method=\"post\" class=\"wpcf7-form init\" aria-label=\"Contact form\" novalidate=\"novalidate\" data-status=\"init\" data-trp-original-action=\"\/en\/wp-json\/wp\/v2\/pages\/10188#wpcf7-f3146-o1\">\n<fieldset class=\"hidden-fields-container\"><input type=\"hidden\" name=\"_wpcf7\" value=\"3146\" \/><input type=\"hidden\" name=\"_wpcf7_version\" value=\"6.1.2\" \/><input type=\"hidden\" name=\"_wpcf7_locale\" value=\"en_US\" \/><input type=\"hidden\" name=\"_wpcf7_unit_tag\" value=\"wpcf7-f3146-o1\" \/><input type=\"hidden\" name=\"_wpcf7_container_post\" value=\"0\" \/><input type=\"hidden\" name=\"_wpcf7_posted_data_hash\" value=\"\" \/><input type=\"hidden\" name=\"_wpcf7_recaptcha_response\" value=\"\" \/>\n<\/fieldset>\n<div class=\"contact-page-1-form-container\">\n\n<label><span class=\"wpcf7-form-control-wrap\" data-name=\"text-204\"><input size=\"40\" maxlength=\"400\" class=\"wpcf7-form-control wpcf7-text wpcf7-validates-as-required\" aria-required=\"true\" aria-invalid=\"false\" placeholder=\"Name and surname\" value=\"\" type=\"text\" name=\"text-204\" \/><\/span><\/label>\n<label><span class=\"wpcf7-form-control-wrap\" data-name=\"email-623\"><input size=\"40\" maxlength=\"400\" class=\"wpcf7-form-control wpcf7-email wpcf7-validates-as-required wpcf7-text wpcf7-validates-as-email\" aria-required=\"true\" aria-invalid=\"false\" placeholder=\"E-mail\" value=\"\" type=\"email\" name=\"email-623\" \/><\/span><\/label>\n<label><span class=\"wpcf7-form-control-wrap\" data-name=\"text-72\"><input size=\"40\" maxlength=\"400\" class=\"wpcf7-form-control wpcf7-text wpcf7-validates-as-required\" aria-required=\"true\" aria-invalid=\"false\" placeholder=\"Object\" value=\"\" type=\"text\" name=\"text-72\" \/><\/span><\/label>\n<span class=\"wpcf7-form-control-wrap\" data-name=\"textarea-999\"><textarea cols=\"40\" rows=\"10\" maxlength=\"2000\" class=\"wpcf7-form-control wpcf7-textarea wpcf7-validates-as-required\" aria-required=\"true\" aria-invalid=\"false\" placeholder=\"Message\" name=\"textarea-999\"><\/textarea><\/span>\n<span class=\"wpcf7-form-control-wrap\" data-name=\"acceptance-265\"><span class=\"wpcf7-form-control wpcf7-acceptance\"><span class=\"wpcf7-list-item\"><label><input type=\"checkbox\" name=\"acceptance-265\" value=\"1\" aria-invalid=\"false\" \/><span class=\"wpcf7-list-item-label\"><a href=\"https:\/\/attiliozanetti.com\/en\/privacy-policy\/\" style=\"color:#000\">Privacy Policy<\/a><\/span><\/label><\/span><\/span><\/span>\n<button class=\"goldsmith-btn-medium goldsmith-btn goldsmith-bg-white wpcf7-submit\">Send<span class=\"loading-wrapper\"><span class=\"ajax-loading\"><\/span><\/span><\/button>\n<\/div><div class=\"wpcf7-response-output\" aria-hidden=\"true\"><\/div>\n<input type=\"hidden\" name=\"trp-form-language\" value=\"en\"\/><\/form>\n<\/div>\n<\/div>\t\t\t\t<\/div>\n\t\t\t\t<\/div>\n\t\t\t\t\t<\/div>\n\t\t\t\t<\/div>\n\t\t\t\t<\/div>","protected":false},"excerpt":{"rendered":"<p>CUSTOM MADE BY ATTILIO ZANETTI CUSTOMIZE YOUR ROLEX Rolex \u00e8 un marchio registrato di propriet\u00e0 esclusiva di ROLEX SA. Per maggiori informazioni visita il sito ufficiale Rolex. Ci impegniamo a offrire ai nostri clienti accessori artigianali e di alta qualit\u00e0 per valorizzare e personalizzare il proprio orologio Rolex. GHIERE Realizziamo ghi\u00e9re compatibili con ogni referenza Rolex, disponibili in oro, diamanti e pietre di colore. Ogni ghiera \u00e8 progettata e realizzata con precisione millimetrica (tolleranza di 0,04 mm) per garantire la massima affidabilit\u00e0 e uno stile in linea con la qualit\u00e0 Rolex. BRACCIALI OYSTER E JUBILEE PERSONALIZZABILI Per rendere unico il tuo Rolex Oyster o Jubilee, proponiamo maglie singole in oro e diamanti, personalizzabili con lettere, numeri o simboli. Ogni elemento \u00e8 fatto a mano e si applica al bracciale con un semplice click, rispettando estetica e funzionalit\u00e0. Contattaci per scoprire tutte le opzioni di personalizzazione compatibili con il tuo orologio Rolex. CONTATTACI PER MAGGIORI INFORMAZIONI Privacy Policy Invia<\/p>","protected":false},"author":1,"featured_media":0,"parent":0,"menu_order":0,"comment_status":"closed","ping_status":"closed","template":"","meta":{"_monsterinsights_skip_tracking":false,"_monsterinsights_sitenote_active":false,"_monsterinsights_sitenote_note":"","_monsterinsights_sitenote_category":0,"footnotes":""},"class_list":{"0":"post-10188","1":"page","2":"type-page","3":"status-publish","4":"hentry","5":"nt-post-class","6":"","7":"thumb-none","9":"excerpt-none"},"_links":{"self":[{"href":"https:\/\/attiliozanetti.com\/en\/wp-json\/wp\/v2\/pages\/10188","targetHints":{"allow":["GET"]}}],"collection":[{"href":"https:\/\/attiliozanetti.com\/en\/wp-json\/wp\/v2\/pages"}],"about":[{"href":"https:\/\/attiliozanetti.com\/en\/wp-json\/wp\/v2\/types\/page"}],"author":[{"embeddable":true,"href":"https:\/\/attiliozanetti.com\/en\/wp-json\/wp\/v2\/users\/1"}],"replies":[{"embeddable":true,"href":"https:\/\/attiliozanetti.com\/en\/wp-json\/wp\/v2\/comments?post=10188"}],"version-history":[{"count":39,"href":"https:\/\/attiliozanetti.com\/en\/wp-json\/wp\/v2\/pages\/10188\/revisions"}],"predecessor-version":[{"id":15376,"href":"https:\/\/attiliozanetti.com\/en\/wp-json\/wp\/v2\/pages\/10188\/revisions\/15376"}],"wp:attachment":[{"href":"https:\/\/attiliozanetti.com\/en\/wp-json\/wp\/v2\/media?parent=10188"}],"curies":[{"name":"wp","href":"https:\/\/api.w.org\/{rel}","templated":true}]}}