{"id":17934,"date":"2026-01-09T10:33:06","date_gmt":"2026-01-09T09:33:06","guid":{"rendered":"https:\/\/attiliozanetti.com\/?post_type=product&#038;p=17934"},"modified":"2026-01-14T10:57:59","modified_gmt":"2026-01-14T09:57:59","slug":"pop-gun-02-bd","status":"publish","type":"product","link":"https:\/\/attiliozanetti.com\/de\/product\/pop-gun-02-bd\/","title":{"rendered":"POP GUN 01"},"content":{"rendered":"<p><span style=\"color: #000000;\">Mod. POP-BRB-1 WHITE D-S\/L<\/span><br \/>\n<span style=\"color: #000000;\">Bracciale ForOne ForTwo \u2013 POP Collection con fianchi e arco dentato in acciaio 316L chirurgico anallergico lucido, trattato in PVD gun-metal con cover lucida completa di un diamante naturale bianco.\u00a0<\/span><\/p>","protected":false},"excerpt":{"rendered":"<p><span style=\"color: #000000;\">Bracciale ForOne ForTwo \u2013 POP Collection con fianchi e arco dentato in acciaio 316L chirurgico anallergico lucido, trattato in PVD gun-metal con cover lucida completa di un diamante naturale bianco.\u00a0<\/span><\/p>\n<p class=\"p1\"><span style=\"color: #000000;\">Gr\u00f6\u00dfe Small (empfohlene Version Frau):<\/span><br \/>\n<span style=\"color: #000000;\">\u2013 Apertura Massima: 60.32 mm Larghezza x 42.99 mm Altezza<\/span><br \/>\n<span style=\"color: #000000;\">\u2013 Apertura Minima: 51.50 mm Larghezza x 41.95 mm Altezza<\/span><\/p>\n<p><span style=\"color: #000000;\">Gr\u00f6\u00dfe Large (empfohlene Version f\u00fcr M\u00e4nner):<\/span><br \/>\n<span style=\"color: #000000;\">\u2013 Apertura Massima: 71.9 mm Larghezza x 50.4 mm Altezza<\/span><br \/>\n<span style=\"color: #000000;\">\u2013 Apertura Minima: 61.3 mm Larghezza x 50.3 mm Altezza<\/span><\/p>\n<p data-start=\"137\" data-end=\"507\"><span style=\"color: #000000;\">Dall\u2019incontro fra l\u2019innovazione tecnologica e la maestria artigianale nasce ForOne ForTwo: un bracciale realizzato interamente a mano secondo l\u2019eccellenza orafa di Valenza, emblema del pi\u00f9 autentico Made in Italy. La chiusura esclusiva e brevettata, regolabile a scatti, rende ForOne ForTwo un bracciale rigido unico, capace di adattarsi perfettamente alla misura del polso.<\/span><\/p>\n<p data-start=\"509\" data-end=\"782\"><span style=\"color: #000000;\">La finitura PVD (Physical Vapor Deposition), tecnologia avanzata di rivestimento, garantisce una colorazione estremamente resistente e duratura. Questo trattamento protegge la superficie da graffi, usura e ossidazione, preservando nel tempo brillantezza e qualit\u00e0 estetica.<\/span><\/p>\n<p class=\"p1\"><span style=\"color: #000000;\">Die Lieferzeiten k\u00f6nnen je nach Liefergebiet variieren und betragen maximal drei Wochen.<\/span><br \/>\n<span style=\"color: #000000;\">F\u00fcr weitere Informationen \u00fcber K\u00e4ufe au\u00dferhalb der EU kontaktieren Sie uns bitte unter info@attiliozanetti.com.<\/span><\/p>","protected":false},"featured_media":18103,"comment_status":"closed","ping_status":"closed","template":"","meta":{"_monsterinsights_skip_tracking":false,"_monsterinsights_sitenote_active":false,"_monsterinsights_sitenote_note":"","_monsterinsights_sitenote_category":0},"product_brand":[],"product_cat":[107],"product_tag":[],"class_list":{"0":"post-17934","1":"product","2":"type-product","3":"status-publish","4":"has-post-thumbnail","6":"product_cat-forone-fortwo-pop","7":"nt-post-class","8":"","14":"first","15":"instock","16":"shipping-taxable","17":"purchasable","18":"product-type-variable"},"_links":{"self":[{"href":"https:\/\/attiliozanetti.com\/de\/wp-json\/wp\/v2\/product\/17934","targetHints":{"allow":["GET"]}}],"collection":[{"href":"https:\/\/attiliozanetti.com\/de\/wp-json\/wp\/v2\/product"}],"about":[{"href":"https:\/\/attiliozanetti.com\/de\/wp-json\/wp\/v2\/types\/product"}],"replies":[{"embeddable":true,"href":"https:\/\/attiliozanetti.com\/de\/wp-json\/wp\/v2\/comments?post=17934"}],"version-history":[{"count":2,"href":"https:\/\/attiliozanetti.com\/de\/wp-json\/wp\/v2\/product\/17934\/revisions"}],"predecessor-version":[{"id":17941,"href":"https:\/\/attiliozanetti.com\/de\/wp-json\/wp\/v2\/product\/17934\/revisions\/17941"}],"wp:featuredmedia":[{"embeddable":true,"href":"https:\/\/attiliozanetti.com\/de\/wp-json\/wp\/v2\/media\/18103"}],"wp:attachment":[{"href":"https:\/\/attiliozanetti.com\/de\/wp-json\/wp\/v2\/media?parent=17934"}],"wp:term":[{"taxonomy":"product_brand","embeddable":true,"href":"https:\/\/attiliozanetti.com\/de\/wp-json\/wp\/v2\/product_brand?post=17934"},{"taxonomy":"product_cat","embeddable":true,"href":"https:\/\/attiliozanetti.com\/de\/wp-json\/wp\/v2\/product_cat?post=17934"},{"taxonomy":"product_tag","embeddable":true,"href":"https:\/\/attiliozanetti.com\/de\/wp-json\/wp\/v2\/product_tag?post=17934"}],"curies":[{"name":"wp","href":"https:\/\/api.w.org\/{rel}","templated":true}]}}