{"id":17474,"date":"2025-12-20T12:38:11","date_gmt":"2025-12-20T11:38:11","guid":{"rendered":"https:\/\/attiliozanetti.com\/?post_type=product&#038;p=17474"},"modified":"2026-01-09T11:52:32","modified_gmt":"2026-01-09T10:52:32","slug":"foronefortwo-pop-white-07","status":"publish","type":"product","link":"https:\/\/attiliozanetti.com\/de\/product\/foronefortwo-pop-white-07\/","title":{"rendered":"POP WHITE 07"},"content":{"rendered":"<p><span style=\"color: #000000;\">Mod. POP-BRW-YELLOW Z-S\/L<br \/>\nBracciale ForOne ForTwo &#8211; POP Collection con fianchi e arco dentato in acciaio 316L chirurgico anallergico lucido. Cover lucida interamente incastonata con zaffiri naturali di colore yellow.<\/span><\/p>\n<p class=\"p1\">","protected":false},"excerpt":{"rendered":"<p><span style=\"color: #000000;\">Bracciale ForOne ForTwo &#8211; POP Collection con fianchi e arco dentato in acciaio 316L chirurgico anallergico lucido. Cover lucida interamente incastonata con zaffiri naturali di colore yellow.<\/span><\/p>\n<p class=\"p1\"><span style=\"color: #000000;\">Gr\u00f6\u00dfe Small (empfohlene Version Frau):<\/span><br \/>\n<span style=\"color: #000000;\">\u2013 Apertura Massima: 60.32 mm Larghezza x 42.99 mm Altezza<\/span><br \/>\n<span style=\"color: #000000;\">\u2013 Apertura Minima: 51.50 mm Larghezza x 41.95 mm Altezza<\/span><\/p>\n<p><span style=\"color: #000000;\">Gr\u00f6\u00dfe Large (empfohlene Version f\u00fcr M\u00e4nner):<\/span><br \/>\n<span style=\"color: #000000;\">\u2013 Apertura Massima: 71.9 mm Larghezza x 50.4 mm Altezza<\/span><br \/>\n<span style=\"color: #000000;\">\u2013 Apertura Minima: 61.3 mm Larghezza x 50.3 mm Altezza<\/span><\/p>\n<p data-start=\"137\" data-end=\"507\"><span style=\"color: #000000;\">Dall&#8217;incontro fra l\u2019innovazione tecnologica e la maestria artigianale nasce ForOne ForTwo: un bracciale realizzato interamente a mano secondo l\u2019eccellenza orafa di Valenza, emblema del pi\u00f9 autentico Made in Italy. La chiusura esclusiva e brevettata, regolabile a scatti, rende ForOne ForTwo un bracciale rigido unico, capace di adattarsi perfettamente alla misura del polso.<\/span><\/p>\n<p data-start=\"509\" data-end=\"782\"><span style=\"color: #000000;\">La finitura PVD (Physical Vapor Deposition), tecnologia avanzata di rivestimento, garantisce una colorazione estremamente resistente e duratura. Questo trattamento protegge la superficie da graffi, usura e ossidazione, preservando nel tempo brillantezza e qualit\u00e0 estetica.<\/span><\/p>\n<p class=\"p1\"><span style=\"color: #000000;\">Die Lieferzeiten k\u00f6nnen je nach Liefergebiet variieren und betragen maximal drei Wochen.<\/span><br \/>\n<span style=\"color: #000000;\">F\u00fcr weitere Informationen \u00fcber K\u00e4ufe au\u00dferhalb der EU kontaktieren Sie uns bitte unter info@attiliozanetti.com.<\/span><\/p>","protected":false},"featured_media":17706,"comment_status":"closed","ping_status":"closed","template":"","meta":{"_monsterinsights_skip_tracking":false,"_monsterinsights_sitenote_active":false,"_monsterinsights_sitenote_note":"","_monsterinsights_sitenote_category":0},"product_brand":[],"product_cat":[107],"product_tag":[],"class_list":{"0":"post-17474","1":"product","2":"type-product","3":"status-publish","4":"has-post-thumbnail","6":"product_cat-forone-fortwo-pop","7":"nt-post-class","8":"","14":"first","15":"instock","16":"shipping-taxable","17":"purchasable","18":"product-type-variable"},"_links":{"self":[{"href":"https:\/\/attiliozanetti.com\/de\/wp-json\/wp\/v2\/product\/17474","targetHints":{"allow":["GET"]}}],"collection":[{"href":"https:\/\/attiliozanetti.com\/de\/wp-json\/wp\/v2\/product"}],"about":[{"href":"https:\/\/attiliozanetti.com\/de\/wp-json\/wp\/v2\/types\/product"}],"replies":[{"embeddable":true,"href":"https:\/\/attiliozanetti.com\/de\/wp-json\/wp\/v2\/comments?post=17474"}],"version-history":[{"count":6,"href":"https:\/\/attiliozanetti.com\/de\/wp-json\/wp\/v2\/product\/17474\/revisions"}],"predecessor-version":[{"id":17974,"href":"https:\/\/attiliozanetti.com\/de\/wp-json\/wp\/v2\/product\/17474\/revisions\/17974"}],"wp:featuredmedia":[{"embeddable":true,"href":"https:\/\/attiliozanetti.com\/de\/wp-json\/wp\/v2\/media\/17706"}],"wp:attachment":[{"href":"https:\/\/attiliozanetti.com\/de\/wp-json\/wp\/v2\/media?parent=17474"}],"wp:term":[{"taxonomy":"product_brand","embeddable":true,"href":"https:\/\/attiliozanetti.com\/de\/wp-json\/wp\/v2\/product_brand?post=17474"},{"taxonomy":"product_cat","embeddable":true,"href":"https:\/\/attiliozanetti.com\/de\/wp-json\/wp\/v2\/product_cat?post=17474"},{"taxonomy":"product_tag","embeddable":true,"href":"https:\/\/attiliozanetti.com\/de\/wp-json\/wp\/v2\/product_tag?post=17474"}],"curies":[{"name":"wp","href":"https:\/\/api.w.org\/{rel}","templated":true}]}}