{"id":15461,"date":"2025-08-19T13:41:43","date_gmt":"2025-08-19T11:41:43","guid":{"rendered":"https:\/\/attiliozanetti.com\/?post_type=product&#038;p=15461"},"modified":"2025-10-13T17:04:31","modified_gmt":"2025-10-13T15:04:31","slug":"masterpiece-ring-diamond-aquamarine-7","status":"publish","type":"product","link":"https:\/\/attiliozanetti.com\/de\/product\/masterpiece-ring-diamond-aquamarine-7\/","title":{"rendered":"MEISTERWERK RING DIAMANT AQUAMARIN"},"content":{"rendered":"<p>Mod. AN MASTER7<\/p>\n<p class=\"p2\"><span style=\"color: #000000;\">Ring der Kollektion Masterpieces aus Wei\u00dfgold mit einem majest\u00e4tischen Aquamarin von kristalliner Farbe in der Mitte, der durch ein Pav\u00e9 aus braunen Naturdiamanten verziert ist.<br \/>\n<\/span>F\u00fcr weitere Informationen kontaktieren Sie uns unter info@attiliozanetti.com<\/p>\n<p class=\"p1\">","protected":false},"excerpt":{"rendered":"<p><span style=\"color: #000000;\">Mod. AN MASTER7<\/span><\/p>\n<p data-start=\"104\" data-end=\"562\"><span style=\"color: #000000;\">Ring der Kollektion Masterpieces aus Wei\u00dfgold mit einem majest\u00e4tischen Aquamarin von kristalliner Farbe in der Mitte, der durch ein Pav\u00e9 aus braunen Naturdiamanten verziert ist.<\/span><br data-start=\"306\" data-end=\"309\" \/><span style=\"color: #000000;\">Das reichhaltige und dramatische Kuppeldesign f\u00e4ngt das Licht aus jedem Winkel ein und erzeugt einen lebendigen und raffinierten Effekt. Ein exklusives Schmuckst\u00fcck, das die Zartheit des Aquamarins mit der Brillanz des Pav\u00e9s verbindet, ein Symbol f\u00fcr Eleganz und Goldschmiedekunst.<\/span><\/p>\n<p data-start=\"564\" data-end=\"575\"><span style=\"color: #000000;\">Einzelheiten:<\/span><\/p>\n<ul data-start=\"576\" data-end=\"654\">\n<li data-start=\"576\" data-end=\"590\">\n<p data-start=\"578\" data-end=\"590\"><span style=\"color: #000000;\">Wei\u00dfgold<\/span><\/p>\n<\/li>\n<li data-start=\"591\" data-end=\"615\">\n<p data-start=\"593\" data-end=\"615\"><span style=\"color: #000000;\">Zentraler Aquamarin<\/span><\/p>\n<\/li>\n<li data-start=\"616\" data-end=\"654\">\n<p data-start=\"618\" data-end=\"654\"><span style=\"color: #000000;\">Naturbraunes Diamantpav\u00e9<\/span><\/p>\n<\/li>\n<li data-start=\"616\" data-end=\"654\">\n<p data-start=\"618\" data-end=\"654\"><span style=\"color: #000000;\">Preis und Personalisierung auf Anfrage.<\/span><\/p>\n<\/li>\n<\/ul>\n<p data-start=\"700\" data-end=\"803\"><span style=\"color: #000000;\">Die Lieferzeiten k\u00f6nnen je nach Liefergebiet variieren und betragen maximal drei Wochen.<\/span><\/p>\n<p data-start=\"700\" data-end=\"803\"><a style=\"color: #bbb; text-decoration: underline;\" href=\"https:\/\/attiliozanetti.com\/wp-content\/uploads\/2025\/10\/dimensione-anelli-attilio-zanetti.pdf\" target=\"_blank\" rel=\"noopener\">GUIDA ALLE TAGLIE<\/a><\/p>\n<p data-start=\"805\" data-end=\"909\"><span style=\"color: #000000;\">Wenn Sie dieses Produkt aus einem Nicht-EU-Land kaufen m\u00f6chten, wenden Sie sich bitte direkt an uns: <a class=\"cursor-pointer\" style=\"color: #000000;\" rel=\"noopener\" data-start=\"884\" data-end=\"907\">info@attiliozanetti.com<\/a><\/span><\/p>","protected":false},"featured_media":15465,"comment_status":"closed","ping_status":"closed","template":"","meta":{"_monsterinsights_skip_tracking":false,"_monsterinsights_sitenote_active":false,"_monsterinsights_sitenote_note":"","_monsterinsights_sitenote_category":0},"product_brand":[],"product_cat":[90,77],"product_tag":[],"class_list":{"0":"post-15461","1":"product","2":"type-product","3":"status-publish","4":"has-post-thumbnail","6":"product_cat-anelli-2","7":"product_cat-masterpieces","8":"nt-post-class","9":"","15":"first","16":"outofstock","17":"shipping-taxable","18":"product-type-simple"},"_links":{"self":[{"href":"https:\/\/attiliozanetti.com\/de\/wp-json\/wp\/v2\/product\/15461","targetHints":{"allow":["GET"]}}],"collection":[{"href":"https:\/\/attiliozanetti.com\/de\/wp-json\/wp\/v2\/product"}],"about":[{"href":"https:\/\/attiliozanetti.com\/de\/wp-json\/wp\/v2\/types\/product"}],"replies":[{"embeddable":true,"href":"https:\/\/attiliozanetti.com\/de\/wp-json\/wp\/v2\/comments?post=15461"}],"version-history":[{"count":3,"href":"https:\/\/attiliozanetti.com\/de\/wp-json\/wp\/v2\/product\/15461\/revisions"}],"predecessor-version":[{"id":17044,"href":"https:\/\/attiliozanetti.com\/de\/wp-json\/wp\/v2\/product\/15461\/revisions\/17044"}],"wp:featuredmedia":[{"embeddable":true,"href":"https:\/\/attiliozanetti.com\/de\/wp-json\/wp\/v2\/media\/15465"}],"wp:attachment":[{"href":"https:\/\/attiliozanetti.com\/de\/wp-json\/wp\/v2\/media?parent=15461"}],"wp:term":[{"taxonomy":"product_brand","embeddable":true,"href":"https:\/\/attiliozanetti.com\/de\/wp-json\/wp\/v2\/product_brand?post=15461"},{"taxonomy":"product_cat","embeddable":true,"href":"https:\/\/attiliozanetti.com\/de\/wp-json\/wp\/v2\/product_cat?post=15461"},{"taxonomy":"product_tag","embeddable":true,"href":"https:\/\/attiliozanetti.com\/de\/wp-json\/wp\/v2\/product_tag?post=15461"}],"curies":[{"name":"wp","href":"https:\/\/api.w.org\/{rel}","templated":true}]}}