{"id":15442,"date":"2025-08-19T13:34:56","date_gmt":"2025-08-19T11:34:56","guid":{"rendered":"https:\/\/attiliozanetti.com\/?post_type=product&#038;p=15442"},"modified":"2025-10-13T17:04:50","modified_gmt":"2025-10-13T15:04:50","slug":"diamond-solitaire-02","status":"publish","type":"product","link":"https:\/\/attiliozanetti.com\/de\/product\/diamond-solitaire-02\/","title":{"rendered":"DIAMANT SOLIT\u00c4R 02"},"content":{"rendered":"<p>Mod. AN SOL 02<\/p>\n<p class=\"p2\"><span style=\"color: #000000;\">Solit\u00e4rring aus Wei\u00dfgold mit nat\u00fcrlichen Diamanten, zertifiziert G-VS1.<br \/>\n<\/span><\/p>\n<p><span style=\"color: #000000;\">Auf Wunsch k\u00f6nnen Sie Ihren Ring mit einer Gravur personalisieren, um ihn einzigartig zu machen.<br \/>\nF\u00fcr weitere Informationen kontaktieren Sie uns unter info@attiliozanetti.com<\/span><\/p>\n<p class=\"p2\"><span style=\"color: #000000;\">\u00a0<\/span><\/p>\n<p class=\"p1\">","protected":false},"excerpt":{"rendered":"<p><span style=\"color: #000000;\">Mod. AN SOL 02<\/span><\/p>\n<p><span style=\"color: #000000;\">Solit\u00e4rring aus Wei\u00dfgold mit einem Diamanten in der Mitte, besetzt mit wei\u00dfen Naturdiamanten entlang des Schafts.<\/span><br data-start=\"213\" data-end=\"216\" \/><span style=\"color: #000000;\">Das klassische und raffinierte Design hebt die Brillanz des Hauptsteins hervor und macht dieses Schmuckst\u00fcck zum Inbegriff von Eleganz und ewiger Liebe.<\/span><\/p>\n<p data-start=\"377\" data-end=\"388\"><span style=\"color: #000000;\">Einzelheiten:<\/span><\/p>\n<ul data-start=\"389\" data-end=\"433\">\n<li data-start=\"389\" data-end=\"403\">\n<p data-start=\"391\" data-end=\"403\"><span style=\"color: #000000;\">Wei\u00dfgold<\/span><\/p>\n<\/li>\n<li data-start=\"404\" data-end=\"433\">\n<p data-start=\"406\" data-end=\"433\"><span style=\"color: #000000;\">Nat\u00fcrliche wei\u00dfe Diamanten<\/span><\/p>\n<\/li>\n<li data-start=\"404\" data-end=\"433\">\n<p data-start=\"406\" data-end=\"433\"><span style=\"color: #000000;\">Preise und Anpassungen auf Anfrage<\/span><\/p>\n<\/li>\n<\/ul>\n<p data-start=\"459\" data-end=\"562\"><span style=\"color: #000000;\">Die Lieferzeiten k\u00f6nnen je nach Liefergebiet variieren und betragen maximal drei Wochen.<\/span><\/p>\n<p data-start=\"459\" data-end=\"562\"><a style=\"color: #bbb; text-decoration: underline;\" href=\"https:\/\/attiliozanetti.com\/wp-content\/uploads\/2025\/10\/dimensione-anelli-attilio-zanetti.pdf\" target=\"_blank\" rel=\"noopener\">GUIDA ALLE TAGLIE<\/a><\/p>\n<p data-start=\"564\" data-end=\"668\"><span style=\"color: #000000;\">Wenn Sie dieses Produkt aus einem Nicht-EU-Land kaufen m\u00f6chten, wenden Sie sich bitte direkt an uns: <a class=\"cursor-pointer\" style=\"color: #000000;\" rel=\"noopener\" data-start=\"643\" data-end=\"666\">info@attiliozanetti.com<\/a><\/span><\/p>","protected":false},"featured_media":15458,"comment_status":"closed","ping_status":"closed","template":"","meta":{"_monsterinsights_skip_tracking":false,"_monsterinsights_sitenote_active":false,"_monsterinsights_sitenote_note":"","_monsterinsights_sitenote_category":0},"product_brand":[],"product_cat":[78,90,70],"product_tag":[],"class_list":{"0":"post-15442","1":"product","2":"type-product","3":"status-publish","4":"has-post-thumbnail","6":"product_cat-anelli","7":"product_cat-anelli-2","8":"product_cat-i-diamanti","9":"nt-post-class","10":"","16":"first","17":"outofstock","18":"shipping-taxable","19":"product-type-simple"},"_links":{"self":[{"href":"https:\/\/attiliozanetti.com\/de\/wp-json\/wp\/v2\/product\/15442","targetHints":{"allow":["GET"]}}],"collection":[{"href":"https:\/\/attiliozanetti.com\/de\/wp-json\/wp\/v2\/product"}],"about":[{"href":"https:\/\/attiliozanetti.com\/de\/wp-json\/wp\/v2\/types\/product"}],"replies":[{"embeddable":true,"href":"https:\/\/attiliozanetti.com\/de\/wp-json\/wp\/v2\/comments?post=15442"}],"version-history":[{"count":2,"href":"https:\/\/attiliozanetti.com\/de\/wp-json\/wp\/v2\/product\/15442\/revisions"}],"predecessor-version":[{"id":17045,"href":"https:\/\/attiliozanetti.com\/de\/wp-json\/wp\/v2\/product\/15442\/revisions\/17045"}],"wp:featuredmedia":[{"embeddable":true,"href":"https:\/\/attiliozanetti.com\/de\/wp-json\/wp\/v2\/media\/15458"}],"wp:attachment":[{"href":"https:\/\/attiliozanetti.com\/de\/wp-json\/wp\/v2\/media?parent=15442"}],"wp:term":[{"taxonomy":"product_brand","embeddable":true,"href":"https:\/\/attiliozanetti.com\/de\/wp-json\/wp\/v2\/product_brand?post=15442"},{"taxonomy":"product_cat","embeddable":true,"href":"https:\/\/attiliozanetti.com\/de\/wp-json\/wp\/v2\/product_cat?post=15442"},{"taxonomy":"product_tag","embeddable":true,"href":"https:\/\/attiliozanetti.com\/de\/wp-json\/wp\/v2\/product_tag?post=15442"}],"curies":[{"name":"wp","href":"https:\/\/api.w.org\/{rel}","templated":true}]}}