{"id":13800,"date":"2025-06-20T13:17:08","date_gmt":"2025-06-20T11:17:08","guid":{"rendered":"https:\/\/attiliozanetti.com\/?post_type=product&#038;p=13800"},"modified":"2025-08-20T14:38:41","modified_gmt":"2025-08-20T12:38:41","slug":"fedi-oro-bianco-11","status":"publish","type":"product","link":"https:\/\/attiliozanetti.com\/de\/product\/fedi-oro-bianco-11\/","title":{"rendered":"EHERINGE 11 WEISS"},"content":{"rendered":"<p>Mod. FD13 OR-B - Trauringe aus 18 kt Wei\u00dfgold.<\/p>\n<p><span style=\"color: #000000;\">F\u00fcr weitere Informationen kontaktieren Sie uns unter info@attiliozanetti.com<\/span><\/p>\n<p class=\"p1\">","protected":false},"excerpt":{"rendered":"<div class=\"gap- elementor-element elementor-element-cf0edef e-con-full e-flex wpr-particle-no wpr-jarallax-no wpr-parallax-no wpr-sticky-section-no e-con e-child\" data-id=\"cf0edef\" data-element_type=\"container\">\n<div class=\"elementor-element elementor-element-d7e8a02 elementor-widget elementor-widget-text-editor\" data-id=\"d7e8a02\" data-element_type=\"widget\" data-widget_type=\"text-editor.default\">\n<div class=\"elementor-widget-container\">\n<p class=\"p2\"><span style=\"color: #000000;\">Mod. FD13 OR-B - Trauringe aus 18 kt Wei\u00dfgold.<\/span><\/p>\n<p data-start=\"249\" data-end=\"576\"><span style=\"color: #000000;\">Zeitlose Eleganz von Attilio Zanetti: Diese vollst\u00e4ndig in Italien handgefertigten Trauringe zeichnen sich durch die raffinierte geh\u00e4mmerte Oberfl\u00e4chenbearbeitung aus, die dem Edelmetall eine lebendige und raffinierte Textur verleiht. Jede Bewegung f\u00e4ngt das Licht ein und reflektiert es in einzigartigen, sich st\u00e4ndig ver\u00e4ndernden Spielen.<\/span><\/p>\n<p data-start=\"578\" data-end=\"876\"><span style=\"color: #000000;\">Bei der Damenversion unterbrechen kleine, pr\u00e4zise gefasste wei\u00dfe Diamanten die geh\u00e4mmerte Oberfl\u00e4che und verleihen ihr einen kostbaren Glanz, der die Ewigkeit der Verbindung symbolisiert. Der andere Ring, essentieller und reiner, unterstreicht die St\u00e4rke und Authentizit\u00e4t einer Liebe, die f\u00fcr die Ewigkeit bestimmt ist.<\/span><\/p>\n<p data-start=\"878\" data-end=\"1013\"><span style=\"color: #000000;\">Jeder Ehering wird nach Ma\u00df gefertigt und ist vollst\u00e4ndig anpassbar, um ein einzigartiges und unwiederholbares Symbol Ihrer Verbindung zu werden.<\/span><\/p>\n<p data-start=\"1015\" data-end=\"1030\"><span style=\"color: #000000;\">Einzelheiten:<\/span><\/p>\n<ul data-start=\"1031\" data-end=\"1151\">\n<li data-start=\"1031\" data-end=\"1067\">\n<p data-start=\"1033\" data-end=\"1067\"><span style=\"color: #000000;\">Handgefertigtes 18 kt Wei\u00dfgold<\/span><\/p>\n<\/li>\n<li data-start=\"1068\" data-end=\"1109\">\n<p data-start=\"1070\" data-end=\"1109\"><span style=\"color: #000000;\">Ehering mit wei\u00dfen Diamanten besetzt<\/span><\/p>\n<\/li>\n<li data-start=\"1110\" data-end=\"1127\">\n<p data-start=\"1112\" data-end=\"1127\"><span style=\"color: #000000;\">Hergestellt in Italien<\/span><\/p>\n<\/li>\n<li data-start=\"1128\" data-end=\"1151\">\n<p data-start=\"1130\" data-end=\"1151\"><span style=\"color: #000000;\">Preis auf Anfrage<\/span><\/p>\n<\/li>\n<\/ul>\n<p data-start=\"1153\" data-end=\"1256\"><span style=\"color: #000000;\">Die Lieferzeiten k\u00f6nnen je nach Liefergebiet variieren und betragen maximal drei Wochen.<\/span><\/p>\n<p data-start=\"1258\" data-end=\"1366\"><span style=\"color: #000000;\">Wenn Sie dieses Produkt aus einem Nicht-EU-Land kaufen m\u00f6chten, wenden Sie sich bitte direkt an uns: <a class=\"cursor-pointer\" style=\"color: #000000;\" rel=\"noopener\" data-start=\"1339\" data-end=\"1362\">info@attiliozanetti.com<\/a><\/span><\/p>\n<\/div>\n<\/div>\n<\/div>\n<p>&nbsp;<\/p>\n<p>&nbsp;<\/p>","protected":false},"featured_media":13801,"comment_status":"closed","ping_status":"closed","template":"","meta":{"_monsterinsights_skip_tracking":false,"_monsterinsights_sitenote_active":false,"_monsterinsights_sitenote_note":"","_monsterinsights_sitenote_category":0},"product_brand":[],"product_cat":[92,94],"product_tag":[],"class_list":{"0":"post-13800","1":"product","2":"type-product","3":"status-publish","4":"has-post-thumbnail","6":"product_cat-fedi","7":"product_cat-weddings-rings","8":"nt-post-class","9":"","15":"first","16":"outofstock","17":"shipping-taxable","18":"product-type-simple"},"_links":{"self":[{"href":"https:\/\/attiliozanetti.com\/de\/wp-json\/wp\/v2\/product\/13800","targetHints":{"allow":["GET"]}}],"collection":[{"href":"https:\/\/attiliozanetti.com\/de\/wp-json\/wp\/v2\/product"}],"about":[{"href":"https:\/\/attiliozanetti.com\/de\/wp-json\/wp\/v2\/types\/product"}],"replies":[{"embeddable":true,"href":"https:\/\/attiliozanetti.com\/de\/wp-json\/wp\/v2\/comments?post=13800"}],"version-history":[{"count":4,"href":"https:\/\/attiliozanetti.com\/de\/wp-json\/wp\/v2\/product\/13800\/revisions"}],"predecessor-version":[{"id":15599,"href":"https:\/\/attiliozanetti.com\/de\/wp-json\/wp\/v2\/product\/13800\/revisions\/15599"}],"wp:featuredmedia":[{"embeddable":true,"href":"https:\/\/attiliozanetti.com\/de\/wp-json\/wp\/v2\/media\/13801"}],"wp:attachment":[{"href":"https:\/\/attiliozanetti.com\/de\/wp-json\/wp\/v2\/media?parent=13800"}],"wp:term":[{"taxonomy":"product_brand","embeddable":true,"href":"https:\/\/attiliozanetti.com\/de\/wp-json\/wp\/v2\/product_brand?post=13800"},{"taxonomy":"product_cat","embeddable":true,"href":"https:\/\/attiliozanetti.com\/de\/wp-json\/wp\/v2\/product_cat?post=13800"},{"taxonomy":"product_tag","embeddable":true,"href":"https:\/\/attiliozanetti.com\/de\/wp-json\/wp\/v2\/product_tag?post=13800"}],"curies":[{"name":"wp","href":"https:\/\/api.w.org\/{rel}","templated":true}]}}