{"id":13788,"date":"2025-06-20T13:08:46","date_gmt":"2025-06-20T11:08:46","guid":{"rendered":"https:\/\/attiliozanetti.com\/?post_type=product&#038;p=13788"},"modified":"2025-08-20T14:39:12","modified_gmt":"2025-08-20T12:39:12","slug":"wedding-rings-titanium-03","status":"publish","type":"product","link":"https:\/\/attiliozanetti.com\/de\/product\/wedding-rings-titanium-03\/","title":{"rendered":"TITAN-EHERINGE 03"},"content":{"rendered":"<p>Mod. FEDTOBEST_2<\/p>\n<p class=\"p1\"><span style=\"color: #000000;\">Eheringe aus 18 kt Wei\u00dfgold mit Innenleben aus Titan, aus der Linie Mano J.<br \/>\n<\/span><span style=\"color: #000000;\">F\u00fcr weitere Informationen kontaktieren Sie uns unter info@attiliozanetti.com<\/span><\/p>","protected":false},"excerpt":{"rendered":"<p><span style=\"color: #000000;\">Mod. FEDTOBEST_2<\/span><\/p>\n<div class=\"gap- elementor-element elementor-element-cf0edef e-con-full e-flex wpr-particle-no wpr-jarallax-no wpr-parallax-no wpr-sticky-section-no e-con e-child\" data-id=\"cf0edef\" data-element_type=\"container\">\n<div class=\"elementor-element elementor-element-d7e8a02 elementor-widget elementor-widget-text-editor\" data-id=\"d7e8a02\" data-element_type=\"widget\" data-widget_type=\"text-editor.default\">\n<div class=\"elementor-widget-container\">\n<p data-start=\"74\" data-end=\"326\"><span style=\"color: #000000;\">Eheringe aus 18 kt Wei\u00dfgold mit Innenleben aus Titan, aus der Linie Mano J.<\/span><br data-start=\"142\" data-end=\"145\" \/><span style=\"color: #000000;\">Ein raffiniertes Design, das die zeitlose Reinheit des Wei\u00dfgoldes mit der St\u00e4rke und Modernit\u00e4t des Titans verbindet und so ein Symbol der Einheit schafft, das f\u00fcr ewige St\u00e4rke und Harmonie steht.<\/span><\/p>\n<p data-start=\"328\" data-end=\"339\"><span style=\"color: #000000;\">Einzelheiten:<\/span><\/p>\n<ul data-start=\"340\" data-end=\"396\">\n<li data-start=\"340\" data-end=\"360\">\n<p data-start=\"342\" data-end=\"360\"><span style=\"color: #000000;\">18 kt Wei\u00dfgold<\/span><\/p>\n<\/li>\n<li data-start=\"361\" data-end=\"372\">\n<p data-start=\"363\" data-end=\"372\"><span style=\"color: #000000;\">Titan<\/span><\/p>\n<\/li>\n<li data-start=\"373\" data-end=\"396\">\n<p data-start=\"375\" data-end=\"396\"><span style=\"color: #000000;\">Preis und Personalisierung auf Anfrage<\/span><\/p>\n<\/li>\n<\/ul>\n<p data-start=\"398\" data-end=\"501\"><span style=\"color: #000000;\">Die Lieferzeiten k\u00f6nnen je nach Liefergebiet variieren und betragen maximal drei Wochen.<\/span><\/p>\n<p data-start=\"503\" data-end=\"607\"><span style=\"color: #000000;\">Wenn Sie dieses Produkt aus einem Nicht-EU-Land kaufen m\u00f6chten, wenden Sie sich bitte direkt an uns: <a class=\"cursor-pointer\" style=\"color: #000000;\" rel=\"noopener\" data-start=\"582\" data-end=\"605\">info@attiliozanetti.com<\/a><\/span><\/p>\n<\/div>\n<\/div>\n<\/div>","protected":false},"featured_media":13789,"comment_status":"closed","ping_status":"closed","template":"","meta":{"_monsterinsights_skip_tracking":false,"_monsterinsights_sitenote_active":false,"_monsterinsights_sitenote_note":"","_monsterinsights_sitenote_category":0},"product_brand":[],"product_cat":[92,95],"product_tag":[],"class_list":{"0":"post-13788","1":"product","2":"type-product","3":"status-publish","4":"has-post-thumbnail","6":"product_cat-fedi","7":"product_cat-titanium-rings","8":"nt-post-class","9":"","15":"first","16":"outofstock","17":"shipping-taxable","18":"product-type-simple"},"_links":{"self":[{"href":"https:\/\/attiliozanetti.com\/de\/wp-json\/wp\/v2\/product\/13788","targetHints":{"allow":["GET"]}}],"collection":[{"href":"https:\/\/attiliozanetti.com\/de\/wp-json\/wp\/v2\/product"}],"about":[{"href":"https:\/\/attiliozanetti.com\/de\/wp-json\/wp\/v2\/types\/product"}],"replies":[{"embeddable":true,"href":"https:\/\/attiliozanetti.com\/de\/wp-json\/wp\/v2\/comments?post=13788"}],"version-history":[{"count":3,"href":"https:\/\/attiliozanetti.com\/de\/wp-json\/wp\/v2\/product\/13788\/revisions"}],"predecessor-version":[{"id":15555,"href":"https:\/\/attiliozanetti.com\/de\/wp-json\/wp\/v2\/product\/13788\/revisions\/15555"}],"wp:featuredmedia":[{"embeddable":true,"href":"https:\/\/attiliozanetti.com\/de\/wp-json\/wp\/v2\/media\/13789"}],"wp:attachment":[{"href":"https:\/\/attiliozanetti.com\/de\/wp-json\/wp\/v2\/media?parent=13788"}],"wp:term":[{"taxonomy":"product_brand","embeddable":true,"href":"https:\/\/attiliozanetti.com\/de\/wp-json\/wp\/v2\/product_brand?post=13788"},{"taxonomy":"product_cat","embeddable":true,"href":"https:\/\/attiliozanetti.com\/de\/wp-json\/wp\/v2\/product_cat?post=13788"},{"taxonomy":"product_tag","embeddable":true,"href":"https:\/\/attiliozanetti.com\/de\/wp-json\/wp\/v2\/product_tag?post=13788"}],"curies":[{"name":"wp","href":"https:\/\/api.w.org\/{rel}","templated":true}]}}