{"id":13773,"date":"2025-06-20T12:55:20","date_gmt":"2025-06-20T10:55:20","guid":{"rendered":"https:\/\/attiliozanetti.com\/?post_type=product&#038;p=13773"},"modified":"2025-08-20T14:39:54","modified_gmt":"2025-08-20T12:39:54","slug":"fedi-oro-bianco-08","status":"publish","type":"product","link":"https:\/\/attiliozanetti.com\/de\/product\/fedi-oro-bianco-08\/","title":{"rendered":"EHERING 08 WEISS"},"content":{"rendered":"<p data-start=\"88\" data-end=\"176\"><span style=\"color: #000000;\">Mod. FD010 OR-B - Trauringe aus satiniertem 18-kar\u00e4tigem Wei\u00dfgold, polierte Seiten und Diamanten.<\/span><\/p>\n<p data-start=\"178\" data-end=\"445\"><span style=\"color: #000000;\">F\u00fcr weitere Informationen kontaktieren Sie uns unter info@attiliozanetti.com<\/span><\/p>\n<p class=\"p1\">","protected":false},"excerpt":{"rendered":"<p data-start=\"88\" data-end=\"176\"><span style=\"color: #000000;\">Mod. FD010 OR-B - Trauringe aus satiniertem 18-kar\u00e4tigem Wei\u00dfgold, polierte Seiten und Diamanten.<\/span><\/p>\n<p data-start=\"178\" data-end=\"445\"><span style=\"color: #000000;\">Eine harmonische Mischung aus Eleganz und Modernit\u00e4t von Attilio Zanetti. Diese vollst\u00e4ndig in Italien handgefertigten Trauringe kombinieren eine seidige und raffinierte satinierte Oberfl\u00e4che in der Mitte mit polierten Seiten, die einen eleganten Kontrast bilden.<\/span><\/p>\n<p data-start=\"447\" data-end=\"617\"><span style=\"color: #000000;\">Die Damenversion zeichnet sich durch den Besatz mit wei\u00dfen Diamanten entlang des Bandes aus, die mit Sorgfalt und Pr\u00e4zision angeordnet sind und jeder Geste Licht und Glanz verleihen.<\/span><\/p>\n<p data-start=\"619\" data-end=\"838\"><span style=\"color: #000000;\">Die Herrenversion hingegen ist bewusst schlicht gehalten, nur satiniert und mit polierten Kanten versehen, um St\u00e4rke und N\u00fcchternheit zu symbolisieren und gleichzeitig die Raffinesse der Handwerkskunst zu bewahren.<\/span><\/p>\n<p data-start=\"840\" data-end=\"991\"><span style=\"color: #000000;\">Jedes Paar Eheringe wird nach Ma\u00df gefertigt und ist vollst\u00e4ndig anpassbar, um ein einzigartiges und unwiederholbares Symbol Ihrer Verbindung zu werden.<\/span><\/p>\n<p data-start=\"993\" data-end=\"1004\"><span style=\"color: #000000;\">Einzelheiten:<\/span><\/p>\n<ul data-start=\"1005\" data-end=\"1207\">\n<li data-start=\"1005\" data-end=\"1053\">\n<p data-start=\"1007\" data-end=\"1053\"><span style=\"color: #000000;\">Satiniertes 18-kar\u00e4tiges Wei\u00dfgold mit polierten Seiten<\/span><\/p>\n<\/li>\n<li data-start=\"1054\" data-end=\"1109\">\n<p data-start=\"1056\" data-end=\"1109\"><span style=\"color: #000000;\">Weibliche Version mit wei\u00dfen Diamanten besetzt<\/span><\/p>\n<\/li>\n<li data-start=\"1110\" data-end=\"1146\">\n<p data-start=\"1112\" data-end=\"1146\"><span style=\"color: #000000;\">M\u00e4nnliche Version ohne Diamanten<\/span><\/p>\n<\/li>\n<li data-start=\"1147\" data-end=\"1183\">\n<p data-start=\"1149\" data-end=\"1183\"><span style=\"color: #000000;\">Italienische Handwerkskunst<\/span><\/p>\n<\/li>\n<li data-start=\"1184\" data-end=\"1207\">\n<p data-start=\"1186\" data-end=\"1207\"><span style=\"color: #000000;\">Preis auf Anfrage<\/span><\/p>\n<\/li>\n<\/ul>\n<p data-start=\"1209\" data-end=\"1312\"><span style=\"color: #000000;\">F\u00fcr weitere Informationen kontaktieren Sie uns unter info@attiliozanetti.com<\/span><\/p>\n<p>&nbsp;<\/p>\n<p>&nbsp;<\/p>","protected":false},"featured_media":13774,"comment_status":"closed","ping_status":"closed","template":"","meta":{"_monsterinsights_skip_tracking":false,"_monsterinsights_sitenote_active":false,"_monsterinsights_sitenote_note":"","_monsterinsights_sitenote_category":0},"product_brand":[],"product_cat":[92,94],"product_tag":[],"class_list":{"0":"post-13773","1":"product","2":"type-product","3":"status-publish","4":"has-post-thumbnail","6":"product_cat-fedi","7":"product_cat-weddings-rings","8":"nt-post-class","9":"","15":"first","16":"outofstock","17":"shipping-taxable","18":"product-type-simple"},"_links":{"self":[{"href":"https:\/\/attiliozanetti.com\/de\/wp-json\/wp\/v2\/product\/13773","targetHints":{"allow":["GET"]}}],"collection":[{"href":"https:\/\/attiliozanetti.com\/de\/wp-json\/wp\/v2\/product"}],"about":[{"href":"https:\/\/attiliozanetti.com\/de\/wp-json\/wp\/v2\/types\/product"}],"replies":[{"embeddable":true,"href":"https:\/\/attiliozanetti.com\/de\/wp-json\/wp\/v2\/comments?post=13773"}],"version-history":[{"count":3,"href":"https:\/\/attiliozanetti.com\/de\/wp-json\/wp\/v2\/product\/13773\/revisions"}],"predecessor-version":[{"id":15592,"href":"https:\/\/attiliozanetti.com\/de\/wp-json\/wp\/v2\/product\/13773\/revisions\/15592"}],"wp:featuredmedia":[{"embeddable":true,"href":"https:\/\/attiliozanetti.com\/de\/wp-json\/wp\/v2\/media\/13774"}],"wp:attachment":[{"href":"https:\/\/attiliozanetti.com\/de\/wp-json\/wp\/v2\/media?parent=13773"}],"wp:term":[{"taxonomy":"product_brand","embeddable":true,"href":"https:\/\/attiliozanetti.com\/de\/wp-json\/wp\/v2\/product_brand?post=13773"},{"taxonomy":"product_cat","embeddable":true,"href":"https:\/\/attiliozanetti.com\/de\/wp-json\/wp\/v2\/product_cat?post=13773"},{"taxonomy":"product_tag","embeddable":true,"href":"https:\/\/attiliozanetti.com\/de\/wp-json\/wp\/v2\/product_tag?post=13773"}],"curies":[{"name":"wp","href":"https:\/\/api.w.org\/{rel}","templated":true}]}}