{"id":13770,"date":"2025-06-20T12:48:07","date_gmt":"2025-06-20T10:48:07","guid":{"rendered":"https:\/\/attiliozanetti.com\/?post_type=product&#038;p=13770"},"modified":"2025-08-20T14:40:01","modified_gmt":"2025-08-20T12:40:01","slug":"fedi-oro-bianco-07","status":"publish","type":"product","link":"https:\/\/attiliozanetti.com\/de\/product\/fedi-oro-bianco-07\/","title":{"rendered":"EHERING 07 WEISS"},"content":{"rendered":"<p><span style=\"color: #000000;\">Mod. FD09 OR-B \u2013 Fedi nuziali in oro bianco 18 kt lucido e diamanti.<\/span><\/p>\n<p><span style=\"color: #000000;\">F\u00fcr weitere Informationen kontaktieren Sie uns unter info@attiliozanetti.com<\/span><\/p>\n<p class=\"p1\">","protected":false},"excerpt":{"rendered":"<p data-start=\"100\" data-end=\"169\"><span style=\"color: #000000;\">Mod. FD09 OR-B \u2013 Fedi nuziali in oro bianco 18 kt lucido e diamanti.<\/span><\/p>\n<p data-start=\"171\" data-end=\"416\"><span style=\"color: #000000;\">Un design raffinato e senza tempo firmato Attilio Zanetti, realizzato interamente a mano in Italia. Queste fedi in oro bianco 18 kt lucido catturano la luce con la loro superficie elegante e luminosa, diventando simbolo di purezza ed eternit\u00e0.<\/span><\/p>\n<p data-start=\"418\" data-end=\"692\"><span style=\"color: #000000;\">La versione femminile \u00e8 arricchita da una serie di diamanti bianchi incastonati lungo la fascia, che creano un gioco di riflessi preziosi e conferiscono un tocco di brillante raffinatezza. Ogni pietra \u00e8 sapientemente posizionata per donare continuit\u00e0 e armonia all\u2019anello.<\/span><\/p>\n<p data-start=\"694\" data-end=\"909\"><span style=\"color: #000000;\">La versione maschile, pi\u00f9 sobria e lineare, \u00e8 caratterizzata da un unico diamante incastonato al centro: un dettaglio discreto che esprime forza ed essenzialit\u00e0, mantenendo al tempo stesso l\u2019eleganza del gioiello.<\/span><\/p>\n<p data-start=\"911\" data-end=\"1055\"><span style=\"color: #000000;\">Ogni coppia di fedi \u00e8 realizzata su misura e completamente personalizzabile, per trasformarsi in un simbolo unico della vostra storia d\u2019amore.<\/span><\/p>\n<p data-start=\"1057\" data-end=\"1068\"><span style=\"color: #000000;\">Einzelheiten:<\/span><\/p>\n<ul data-start=\"1069\" data-end=\"1264\">\n<li data-start=\"1069\" data-end=\"1096\">\n<p data-start=\"1071\" data-end=\"1096\"><span style=\"color: #000000;\">Oro bianco 18 kt lucido<\/span><\/p>\n<\/li>\n<li data-start=\"1097\" data-end=\"1156\">\n<p data-start=\"1099\" data-end=\"1156\"><span style=\"color: #000000;\">Versione femminile con pi\u00f9 diamanti bianchi incastonati<\/span><\/p>\n<\/li>\n<li data-start=\"1157\" data-end=\"1203\">\n<p data-start=\"1159\" data-end=\"1203\"><span style=\"color: #000000;\">Versione maschile con un diamante centrale<\/span><\/p>\n<\/li>\n<li data-start=\"1204\" data-end=\"1240\">\n<p data-start=\"1206\" data-end=\"1240\"><span style=\"color: #000000;\">Italienische Handwerkskunst<\/span><\/p>\n<\/li>\n<li data-start=\"1241\" data-end=\"1264\">\n<p data-start=\"1243\" data-end=\"1264\"><span style=\"color: #000000;\">Preis auf Anfrage<\/span><\/p>\n<\/li>\n<\/ul>\n<p data-start=\"1371\" data-end=\"1475\"><span style=\"color: #000000;\">F\u00fcr weitere Informationen kontaktieren Sie uns unter info@attiliozanetti.com<\/span><\/p>\n<p>&nbsp;<\/p>\n<p>&nbsp;<\/p>","protected":false},"featured_media":13771,"comment_status":"closed","ping_status":"closed","template":"","meta":{"_monsterinsights_skip_tracking":false,"_monsterinsights_sitenote_active":false,"_monsterinsights_sitenote_note":"","_monsterinsights_sitenote_category":0},"product_brand":[],"product_cat":[92,94],"product_tag":[],"class_list":{"0":"post-13770","1":"product","2":"type-product","3":"status-publish","4":"has-post-thumbnail","6":"product_cat-fedi","7":"product_cat-weddings-rings","8":"nt-post-class","9":"","15":"first","16":"outofstock","17":"shipping-taxable","18":"product-type-simple"},"_links":{"self":[{"href":"https:\/\/attiliozanetti.com\/de\/wp-json\/wp\/v2\/product\/13770","targetHints":{"allow":["GET"]}}],"collection":[{"href":"https:\/\/attiliozanetti.com\/de\/wp-json\/wp\/v2\/product"}],"about":[{"href":"https:\/\/attiliozanetti.com\/de\/wp-json\/wp\/v2\/types\/product"}],"replies":[{"embeddable":true,"href":"https:\/\/attiliozanetti.com\/de\/wp-json\/wp\/v2\/comments?post=13770"}],"version-history":[{"count":3,"href":"https:\/\/attiliozanetti.com\/de\/wp-json\/wp\/v2\/product\/13770\/revisions"}],"predecessor-version":[{"id":15589,"href":"https:\/\/attiliozanetti.com\/de\/wp-json\/wp\/v2\/product\/13770\/revisions\/15589"}],"wp:featuredmedia":[{"embeddable":true,"href":"https:\/\/attiliozanetti.com\/de\/wp-json\/wp\/v2\/media\/13771"}],"wp:attachment":[{"href":"https:\/\/attiliozanetti.com\/de\/wp-json\/wp\/v2\/media?parent=13770"}],"wp:term":[{"taxonomy":"product_brand","embeddable":true,"href":"https:\/\/attiliozanetti.com\/de\/wp-json\/wp\/v2\/product_brand?post=13770"},{"taxonomy":"product_cat","embeddable":true,"href":"https:\/\/attiliozanetti.com\/de\/wp-json\/wp\/v2\/product_cat?post=13770"},{"taxonomy":"product_tag","embeddable":true,"href":"https:\/\/attiliozanetti.com\/de\/wp-json\/wp\/v2\/product_tag?post=13770"}],"curies":[{"name":"wp","href":"https:\/\/api.w.org\/{rel}","templated":true}]}}