{"id":13755,"date":"2025-06-20T11:02:42","date_gmt":"2025-06-20T09:02:42","guid":{"rendered":"https:\/\/attiliozanetti.com\/?post_type=product&#038;p=13755"},"modified":"2025-08-20T14:40:39","modified_gmt":"2025-08-20T12:40:39","slug":"fedi-oro-bianco-02","status":"publish","type":"product","link":"https:\/\/attiliozanetti.com\/de\/product\/fedi-oro-bianco-02\/","title":{"rendered":"EHERING 02 WEISS"},"content":{"rendered":"<p>Mod. FD04 OR-B - Trauringe aus poliertem 18-kar\u00e4tigem Wei\u00dfgold und Diamanten.<\/p>\n<p><span style=\"color: #000000;\">F\u00fcr weitere Informationen kontaktieren Sie uns unter info@attiliozanetti.com<\/span><\/p>\n<p class=\"p1\">","protected":false},"excerpt":{"rendered":"<p><span style=\"color: #000000;\">Mod. FD04 OR-B - Trauringe aus poliertem 18-kar\u00e4tigem Wei\u00dfgold und Diamanten.<\/span><\/p>\n<p data-start=\"124\" data-end=\"511\"><span style=\"color: #000000;\">Reine und raffinierte Eleganz: Diese in Italien von Attilio Zanetti handgefertigten Trauringe vereinen den zeitlosen Glanz von 18-kar\u00e4tigem Wei\u00dfgold mit der Brillanz meisterhaft gefasster Diamanten. Die polierte Oberfl\u00e4che des Metalls f\u00e4ngt das Licht bei jeder Bewegung ein, w\u00e4hrend kleine Diamanten den Ring mit einem Hauch von Licht versch\u00f6nern und die Ewigkeit und unendliche Liebe symbolisieren.<\/span><\/p>\n<p data-start=\"513\" data-end=\"834\"><span style=\"color: #000000;\">Die schlichte und essentielle Linie wird durch die kostbaren Details der Edelsteine bereichert. Damit sind diese Ringe perfekt f\u00fcr alle, die ein klassisches Design mit einem Hauch von Einzigartigkeit w\u00fcnschen. Jedes St\u00fcck ist handgefertigt und kann individuell gestaltet werden, sodass es zu einem einzigartigen Schmuckst\u00fcck wird, das Ihre Geschichte widerspiegelt.<\/span><\/p>\n<p data-start=\"836\" data-end=\"847\"><span style=\"color: #000000;\">Einzelheiten:<\/span><\/p>\n<ul data-start=\"848\" data-end=\"967\">\n<li data-start=\"848\" data-end=\"892\">\n<p data-start=\"850\" data-end=\"892\"><span style=\"color: #000000;\">Poliertes 18-kar\u00e4tiges Wei\u00dfgold, handgefertigt<\/span><\/p>\n<\/li>\n<li data-start=\"893\" data-end=\"925\">\n<p data-start=\"895\" data-end=\"925\"><span style=\"color: #000000;\">Wei\u00dfe Diamanten gefasst<\/span><\/p>\n<\/li>\n<li data-start=\"926\" data-end=\"943\">\n<p data-start=\"928\" data-end=\"943\"><span style=\"color: #000000;\">Hergestellt in Italien<\/span><\/p>\n<\/li>\n<li data-start=\"944\" data-end=\"967\">\n<p data-start=\"946\" data-end=\"967\"><span style=\"color: #000000;\">Preis auf Anfrage<\/span><\/p>\n<\/li>\n<\/ul>\n<p><span style=\"color: #000000;\">F\u00fcr weitere Informationen kontaktieren Sie uns unter info@attiliozanetti.com<\/span><\/p>","protected":false},"featured_media":13756,"comment_status":"closed","ping_status":"closed","template":"","meta":{"_monsterinsights_skip_tracking":false,"_monsterinsights_sitenote_active":false,"_monsterinsights_sitenote_note":"","_monsterinsights_sitenote_category":0},"product_brand":[],"product_cat":[92,94],"product_tag":[],"class_list":{"0":"post-13755","1":"product","2":"type-product","3":"status-publish","4":"has-post-thumbnail","6":"product_cat-fedi","7":"product_cat-weddings-rings","8":"nt-post-class","9":"","15":"first","16":"outofstock","17":"shipping-taxable","18":"product-type-simple"},"_links":{"self":[{"href":"https:\/\/attiliozanetti.com\/de\/wp-json\/wp\/v2\/product\/13755","targetHints":{"allow":["GET"]}}],"collection":[{"href":"https:\/\/attiliozanetti.com\/de\/wp-json\/wp\/v2\/product"}],"about":[{"href":"https:\/\/attiliozanetti.com\/de\/wp-json\/wp\/v2\/types\/product"}],"replies":[{"embeddable":true,"href":"https:\/\/attiliozanetti.com\/de\/wp-json\/wp\/v2\/comments?post=13755"}],"version-history":[{"count":3,"href":"https:\/\/attiliozanetti.com\/de\/wp-json\/wp\/v2\/product\/13755\/revisions"}],"predecessor-version":[{"id":15574,"href":"https:\/\/attiliozanetti.com\/de\/wp-json\/wp\/v2\/product\/13755\/revisions\/15574"}],"wp:featuredmedia":[{"embeddable":true,"href":"https:\/\/attiliozanetti.com\/de\/wp-json\/wp\/v2\/media\/13756"}],"wp:attachment":[{"href":"https:\/\/attiliozanetti.com\/de\/wp-json\/wp\/v2\/media?parent=13755"}],"wp:term":[{"taxonomy":"product_brand","embeddable":true,"href":"https:\/\/attiliozanetti.com\/de\/wp-json\/wp\/v2\/product_brand?post=13755"},{"taxonomy":"product_cat","embeddable":true,"href":"https:\/\/attiliozanetti.com\/de\/wp-json\/wp\/v2\/product_cat?post=13755"},{"taxonomy":"product_tag","embeddable":true,"href":"https:\/\/attiliozanetti.com\/de\/wp-json\/wp\/v2\/product_tag?post=13755"}],"curies":[{"name":"wp","href":"https:\/\/api.w.org\/{rel}","templated":true}]}}