{"id":13746,"date":"2025-06-20T10:41:10","date_gmt":"2025-06-20T08:41:10","guid":{"rendered":"https:\/\/attiliozanetti.com\/?post_type=product&#038;p=13746"},"modified":"2025-08-20T14:41:00","modified_gmt":"2025-08-20T12:41:00","slug":"fedi-oro-giallo-01","status":"publish","type":"product","link":"https:\/\/attiliozanetti.com\/de\/product\/fedi-oro-giallo-01\/","title":{"rendered":"EHERING 01 GOLD"},"content":{"rendered":"<p>Mod. FD01 OR-G - Polierte Trauringe aus 18 kt Gelbgold.<\/p>\n<p><span style=\"color: #000000;\">F\u00fcr weitere Informationen kontaktieren Sie uns unter info@attiliozanetti.com<\/span><\/p>\n<p class=\"p1\">","protected":false},"excerpt":{"rendered":"<p data-start=\"71\" data-end=\"129\"><span style=\"color: #000000;\">Mod. FD01 OR-G - Polierte Trauringe aus 18 kt Gelbgold<\/span><\/p>\n<p data-start=\"131\" data-end=\"426\"><span style=\"color: #000000;\">Ein gro\u00dfer Klassiker der italienischen Goldschmiedetradition, neu interpretiert mit der unverwechselbaren Eleganz von Attilio Zanetti. Diese vollst\u00e4ndig in Italien handgefertigten Trauringe zeichnen sich durch ihre reine und harmonische Linie aus, die sich durch den zeitlosen Glanz des 18-kar\u00e4tigen Gelbgoldes auszeichnet.<\/span><\/p>\n<p data-start=\"428\" data-end=\"682\"><span style=\"color: #000000;\">Die glatte und polierte Oberfl\u00e4che verleiht einen intensiven und konstanten Glanz, der das Licht und die F\u00fclle des ehelichen Bandes symbolisiert. Ihre klassische Form, rund und bequem, dr\u00fcckt die Wesentlichkeit und Vollkommenheit einer Liebe aus, die kein Ende kennt.<\/span><\/p>\n<p data-start=\"684\" data-end=\"821\"><span style=\"color: #000000;\">Jeder Ehering wird nach Ma\u00df angefertigt und ist individuell gestaltbar, so dass er zu einem einzigartigen und unwiederholbaren Zeichen Ihrer Verbindung wird.<\/span><\/p>\n<p data-start=\"823\" data-end=\"834\"><span style=\"color: #000000;\">Einzelheiten:<\/span><\/p>\n<ul data-start=\"835\" data-end=\"955\">\n<li data-start=\"835\" data-end=\"879\">\n<p data-start=\"837\" data-end=\"879\"><span style=\"color: #000000;\">Poliertes 18-kar\u00e4tiges Gelbgold, handgefertigt<\/span><\/p>\n<\/li>\n<li data-start=\"880\" data-end=\"913\">\n<p data-start=\"882\" data-end=\"913\"><span style=\"color: #000000;\">Klassisches und zeitloses Design<\/span><\/p>\n<\/li>\n<li data-start=\"914\" data-end=\"931\">\n<p data-start=\"916\" data-end=\"931\"><span style=\"color: #000000;\">Hergestellt in Italien<\/span><\/p>\n<\/li>\n<li data-start=\"932\" data-end=\"955\">\n<p data-start=\"934\" data-end=\"955\"><span style=\"color: #000000;\">Preis auf Anfrage<\/span><\/p>\n<\/li>\n<\/ul>\n<p data-start=\"957\" data-end=\"1060\"><span style=\"color: #000000;\">F\u00fcr weitere Informationen kontaktieren Sie uns unter info@attiliozanetti.com<\/span><\/p>","protected":false},"featured_media":13747,"comment_status":"closed","ping_status":"closed","template":"","meta":{"_monsterinsights_skip_tracking":false,"_monsterinsights_sitenote_active":false,"_monsterinsights_sitenote_note":"","_monsterinsights_sitenote_category":0},"product_brand":[],"product_cat":[92,94],"product_tag":[],"class_list":{"0":"post-13746","1":"product","2":"type-product","3":"status-publish","4":"has-post-thumbnail","6":"product_cat-fedi","7":"product_cat-weddings-rings","8":"nt-post-class","9":"","15":"first","16":"outofstock","17":"shipping-taxable","18":"product-type-simple"},"_links":{"self":[{"href":"https:\/\/attiliozanetti.com\/de\/wp-json\/wp\/v2\/product\/13746","targetHints":{"allow":["GET"]}}],"collection":[{"href":"https:\/\/attiliozanetti.com\/de\/wp-json\/wp\/v2\/product"}],"about":[{"href":"https:\/\/attiliozanetti.com\/de\/wp-json\/wp\/v2\/types\/product"}],"replies":[{"embeddable":true,"href":"https:\/\/attiliozanetti.com\/de\/wp-json\/wp\/v2\/comments?post=13746"}],"version-history":[{"count":3,"href":"https:\/\/attiliozanetti.com\/de\/wp-json\/wp\/v2\/product\/13746\/revisions"}],"predecessor-version":[{"id":15568,"href":"https:\/\/attiliozanetti.com\/de\/wp-json\/wp\/v2\/product\/13746\/revisions\/15568"}],"wp:featuredmedia":[{"embeddable":true,"href":"https:\/\/attiliozanetti.com\/de\/wp-json\/wp\/v2\/media\/13747"}],"wp:attachment":[{"href":"https:\/\/attiliozanetti.com\/de\/wp-json\/wp\/v2\/media?parent=13746"}],"wp:term":[{"taxonomy":"product_brand","embeddable":true,"href":"https:\/\/attiliozanetti.com\/de\/wp-json\/wp\/v2\/product_brand?post=13746"},{"taxonomy":"product_cat","embeddable":true,"href":"https:\/\/attiliozanetti.com\/de\/wp-json\/wp\/v2\/product_cat?post=13746"},{"taxonomy":"product_tag","embeddable":true,"href":"https:\/\/attiliozanetti.com\/de\/wp-json\/wp\/v2\/product_tag?post=13746"}],"curies":[{"name":"wp","href":"https:\/\/api.w.org\/{rel}","templated":true}]}}