{"id":13497,"date":"2025-05-27T10:22:24","date_gmt":"2025-05-27T08:22:24","guid":{"rendered":"https:\/\/attiliozanetti.com\/?post_type=product&#038;p=13497"},"modified":"2025-10-13T17:07:17","modified_gmt":"2025-10-13T15:07:17","slug":"collezione-puzzle-03","status":"publish","type":"product","link":"https:\/\/attiliozanetti.com\/de\/product\/collezione-puzzle-03\/","title":{"rendered":"PUZZLE RING 03"},"content":{"rendered":"<p>Mod. AN PZ 03<\/p>\n<p data-start=\"324\" data-end=\"652\"><span style=\"color: #000000;\">Der Ring aus 18-kar\u00e4tigem Gelbgold ist mit einer Reihe von nat\u00fcrlichen Diamanten ct 0,15 besetzt, die in eleganten ovalen fischf\u00f6rmigen Modulen gefasst sind. Das gegliederte Profil sorgt f\u00fcr Bewegung und Brillanz und eignet sich perfekt zum Tragen allein oder in Kombination mit anderen Ringen aus der gleichen Kollektion.<\/span><\/p>\n<p class=\"p1\">","protected":false},"excerpt":{"rendered":"<p>Mod. AN PZ 03<\/p>\n<p data-start=\"146\" data-end=\"322\"><span style=\"color: #000000;\">PUZZLE ist eine modulare Ringkollektion, die zum Spielen, Mischen und freien Tragen einl\u00e4dt. Jedes Element ist einzigartig und findet sein eigenes Gleichgewicht, wenn es mit den anderen kombiniert wird.<\/span><\/p>\n<p data-start=\"324\" data-end=\"652\"><span style=\"color: #000000;\">Der Ring aus 18-kar\u00e4tigem Gelbgold ist mit einer Reihe von nat\u00fcrlichen Diamanten ct 0,15 besetzt, die in eleganten ovalen fischf\u00f6rmigen Modulen gefasst sind. Das gegliederte Profil sorgt f\u00fcr Bewegung und Brillanz und eignet sich perfekt zum Tragen allein oder in Kombination mit anderen Ringen aus der gleichen Kollektion.<\/span><\/p>\n<p data-start=\"654\" data-end=\"667\"><span style=\"color: #000000;\">Einzelheiten:<\/span><\/p>\n<ul data-start=\"668\" data-end=\"767\">\n<li data-start=\"668\" data-end=\"688\">\n<p data-start=\"670\" data-end=\"688\"><span style=\"color: #000000;\">18 kt Gelbgold<\/span><\/p>\n<\/li>\n<li data-start=\"689\" data-end=\"718\">\n<p data-start=\"691\" data-end=\"718\"><span style=\"color: #000000;\">Nat\u00fcrliche Diamanten ct 0,15<\/span><\/p>\n<\/li>\n<li data-start=\"719\" data-end=\"751\">\n<p data-start=\"721\" data-end=\"751\"><span style=\"color: #000000;\">Ziseliertes und modulares Profil<\/span><\/p>\n<\/li>\n<li data-start=\"752\" data-end=\"767\">\n<p data-start=\"754\" data-end=\"767\"><span style=\"color: #000000;\">Hergestellt in Italien<\/span><\/p>\n<\/li>\n<\/ul>\n<p><span style=\"color: #000000;\">Die Lieferzeiten k\u00f6nnen je nach Liefergebiet variieren und betragen maximal drei Wochen.<\/span><\/p>\n<p><a style=\"color: #bbb; text-decoration: underline;\" href=\"https:\/\/attiliozanetti.com\/wp-content\/uploads\/2025\/10\/dimensione-anelli-attilio-zanetti.pdf\" target=\"_blank\" rel=\"noopener\">GUIDA ALLE TAGLIE<\/a><\/p>\n<p><span style=\"color: #000000;\">Um dieses Produkt aus einem Nicht-EU-Land zu kaufen, kontaktieren Sie uns bitte direkt: info@attiliozanetti.com<\/span><\/p>\n<p>&nbsp;<\/p>\n<p>&nbsp;<\/p>","protected":false},"featured_media":13498,"comment_status":"closed","ping_status":"closed","template":"","meta":{"_monsterinsights_skip_tracking":false,"_monsterinsights_sitenote_active":false,"_monsterinsights_sitenote_note":"","_monsterinsights_sitenote_category":0},"product_brand":[],"product_cat":[90,91],"product_tag":[],"class_list":{"0":"post-13497","1":"product","2":"type-product","3":"status-publish","4":"has-post-thumbnail","6":"product_cat-anelli-2","7":"product_cat-collezione-puzzle","8":"nt-post-class","9":"","15":"first","16":"instock","17":"shipping-taxable","18":"purchasable","19":"product-type-variable"},"_links":{"self":[{"href":"https:\/\/attiliozanetti.com\/de\/wp-json\/wp\/v2\/product\/13497","targetHints":{"allow":["GET"]}}],"collection":[{"href":"https:\/\/attiliozanetti.com\/de\/wp-json\/wp\/v2\/product"}],"about":[{"href":"https:\/\/attiliozanetti.com\/de\/wp-json\/wp\/v2\/types\/product"}],"replies":[{"embeddable":true,"href":"https:\/\/attiliozanetti.com\/de\/wp-json\/wp\/v2\/comments?post=13497"}],"version-history":[{"count":9,"href":"https:\/\/attiliozanetti.com\/de\/wp-json\/wp\/v2\/product\/13497\/revisions"}],"predecessor-version":[{"id":17054,"href":"https:\/\/attiliozanetti.com\/de\/wp-json\/wp\/v2\/product\/13497\/revisions\/17054"}],"wp:featuredmedia":[{"embeddable":true,"href":"https:\/\/attiliozanetti.com\/de\/wp-json\/wp\/v2\/media\/13498"}],"wp:attachment":[{"href":"https:\/\/attiliozanetti.com\/de\/wp-json\/wp\/v2\/media?parent=13497"}],"wp:term":[{"taxonomy":"product_brand","embeddable":true,"href":"https:\/\/attiliozanetti.com\/de\/wp-json\/wp\/v2\/product_brand?post=13497"},{"taxonomy":"product_cat","embeddable":true,"href":"https:\/\/attiliozanetti.com\/de\/wp-json\/wp\/v2\/product_cat?post=13497"},{"taxonomy":"product_tag","embeddable":true,"href":"https:\/\/attiliozanetti.com\/de\/wp-json\/wp\/v2\/product_tag?post=13497"}],"curies":[{"name":"wp","href":"https:\/\/api.w.org\/{rel}","templated":true}]}}