{"id":13488,"date":"2025-05-27T10:19:49","date_gmt":"2025-05-27T08:19:49","guid":{"rendered":"https:\/\/attiliozanetti.com\/?post_type=product&#038;p=13488"},"modified":"2025-10-13T17:08:02","modified_gmt":"2025-10-13T15:08:02","slug":"collezione-puzzle-07","status":"publish","type":"product","link":"https:\/\/attiliozanetti.com\/de\/product\/collezione-puzzle-07\/","title":{"rendered":"PUZZLE RING 07"},"content":{"rendered":"<p>Mod. AN PZ 07<\/p>\n<p class=\"p2\"><span style=\"color: #000000;\">Ein Ring aus 18-kar\u00e4tigem Ros\u00e9gold ist mit einer Reihe nat\u00fcrlicher Diamanten ct 0,09 besetzt, die in kleinen runden Elementen mit feiner Maserung gefasst sind. Die d\u00fcnne, durchgehende Linie macht ihn perfekt, um ihn einzeln oder als Teil einer Komposition zu tragen.<\/span><\/p>\n<p class=\"p1\">","protected":false},"excerpt":{"rendered":"<p><span style=\"color: #000000;\">Mod. AN PZ 07<\/span><\/p>\n<p data-start=\"167\" data-end=\"343\"><span style=\"color: #000000;\">PUZZLE ist eine modulare Ringkollektion, die zum Spielen, Mischen und freien Tragen einl\u00e4dt. Jedes Element ist einzigartig und findet sein eigenes Gleichgewicht, wenn es mit den anderen kombiniert wird.<\/span><\/p>\n<p data-start=\"345\" data-end=\"647\"><span style=\"color: #000000;\">Ein Ring aus 18-kar\u00e4tigem Ros\u00e9gold ist mit einer Reihe nat\u00fcrlicher Diamanten ct 0,09 besetzt, die in kleinen runden Elementen mit feiner Maserung gefasst sind. Die d\u00fcnne, durchgehende Linie macht ihn perfekt, um ihn einzeln oder als Teil einer Komposition zu tragen.<\/span><\/p>\n<p data-start=\"649\" data-end=\"662\"><span style=\"color: #000000;\">Einzelheiten:<\/span><\/p>\n<ul data-start=\"663\" data-end=\"760\">\n<li data-start=\"663\" data-end=\"681\">\n<p data-start=\"665\" data-end=\"681\"><span style=\"color: #000000;\">18 kt Rotgold<\/span><\/p>\n<\/li>\n<li data-start=\"682\" data-end=\"711\">\n<p data-start=\"684\" data-end=\"711\"><span style=\"color: #000000;\">Nat\u00fcrliche Diamanten ct 0,09<\/span><\/p>\n<\/li>\n<li data-start=\"712\" data-end=\"744\">\n<p data-start=\"714\" data-end=\"744\"><span style=\"color: #000000;\">Veredelung mit Mikrok\u00f6rnung<\/span><\/p>\n<\/li>\n<li data-start=\"745\" data-end=\"760\">\n<p data-start=\"747\" data-end=\"760\"><span style=\"color: #000000;\">Hergestellt in Italien<\/span><\/p>\n<\/li>\n<\/ul>\n<p><span style=\"color: #000000;\">Die Lieferzeiten k\u00f6nnen je nach Liefergebiet variieren und betragen maximal drei Wochen.<\/span><\/p>\n<p><a style=\"color: #bbb; text-decoration: underline;\" href=\"https:\/\/attiliozanetti.com\/wp-content\/uploads\/2025\/10\/dimensione-anelli-attilio-zanetti.pdf\" target=\"_blank\" rel=\"noopener\">GUIDA ALLE TAGLIE<\/a><\/p>\n<p><span style=\"color: #000000;\">Um dieses Produkt aus einem Nicht-EU-Land zu kaufen, kontaktieren Sie uns bitte direkt: info@attiliozanetti.com<\/span><\/p>\n<p>&nbsp;<\/p>\n<p>&nbsp;<\/p>","protected":false},"featured_media":13489,"comment_status":"closed","ping_status":"closed","template":"","meta":{"_monsterinsights_skip_tracking":false,"_monsterinsights_sitenote_active":false,"_monsterinsights_sitenote_note":"","_monsterinsights_sitenote_category":0},"product_brand":[],"product_cat":[90,91],"product_tag":[],"class_list":{"0":"post-13488","1":"product","2":"type-product","3":"status-publish","4":"has-post-thumbnail","6":"product_cat-anelli-2","7":"product_cat-collezione-puzzle","8":"nt-post-class","9":"","15":"first","16":"instock","17":"shipping-taxable","18":"purchasable","19":"product-type-variable"},"_links":{"self":[{"href":"https:\/\/attiliozanetti.com\/de\/wp-json\/wp\/v2\/product\/13488","targetHints":{"allow":["GET"]}}],"collection":[{"href":"https:\/\/attiliozanetti.com\/de\/wp-json\/wp\/v2\/product"}],"about":[{"href":"https:\/\/attiliozanetti.com\/de\/wp-json\/wp\/v2\/types\/product"}],"replies":[{"embeddable":true,"href":"https:\/\/attiliozanetti.com\/de\/wp-json\/wp\/v2\/comments?post=13488"}],"version-history":[{"count":8,"href":"https:\/\/attiliozanetti.com\/de\/wp-json\/wp\/v2\/product\/13488\/revisions"}],"predecessor-version":[{"id":17057,"href":"https:\/\/attiliozanetti.com\/de\/wp-json\/wp\/v2\/product\/13488\/revisions\/17057"}],"wp:featuredmedia":[{"embeddable":true,"href":"https:\/\/attiliozanetti.com\/de\/wp-json\/wp\/v2\/media\/13489"}],"wp:attachment":[{"href":"https:\/\/attiliozanetti.com\/de\/wp-json\/wp\/v2\/media?parent=13488"}],"wp:term":[{"taxonomy":"product_brand","embeddable":true,"href":"https:\/\/attiliozanetti.com\/de\/wp-json\/wp\/v2\/product_brand?post=13488"},{"taxonomy":"product_cat","embeddable":true,"href":"https:\/\/attiliozanetti.com\/de\/wp-json\/wp\/v2\/product_cat?post=13488"},{"taxonomy":"product_tag","embeddable":true,"href":"https:\/\/attiliozanetti.com\/de\/wp-json\/wp\/v2\/product_tag?post=13488"}],"curies":[{"name":"wp","href":"https:\/\/api.w.org\/{rel}","templated":true}]}}