{"id":13485,"date":"2025-05-27T10:18:03","date_gmt":"2025-05-27T08:18:03","guid":{"rendered":"https:\/\/attiliozanetti.com\/?post_type=product&#038;p=13485"},"modified":"2025-10-13T17:08:14","modified_gmt":"2025-10-13T15:08:14","slug":"collezione-puzzle-06","status":"publish","type":"product","link":"https:\/\/attiliozanetti.com\/de\/product\/collezione-puzzle-06\/","title":{"rendered":"PUZZLE RING 06"},"content":{"rendered":"<p>Mod. AN PZ 06<\/p>\n<p data-start=\"379\" data-end=\"672\"><span style=\"color: #000000;\">Ring aus 18-kar\u00e4tigem Gold mit einer regelm\u00e4\u00dfigen Reihe nat\u00fcrlicher Diamanten ct 0,09, gefasst zwischen weichen, abgerundeten Gliedern. Die geh\u00e4mmerte und durchgehende Oberfl\u00e4che verleiht ihm Rhythmus und Brillanz und macht ihn zu einem diskreten, aber dennoch reichen Element innerhalb der Komposition.<\/span><\/p>\n<p class=\"p1\">","protected":false},"excerpt":{"rendered":"<p><span style=\"color: #000000;\">Mod. AN PZ 06<\/span><\/p>\n<p data-start=\"201\" data-end=\"377\"><span style=\"color: #000000;\">PUZZLE ist eine modulare Ringkollektion, die zum Spielen, Mischen und freien Tragen einl\u00e4dt. Jedes Element ist einzigartig und findet sein eigenes Gleichgewicht, wenn es mit den anderen kombiniert wird.<\/span><\/p>\n<p data-start=\"379\" data-end=\"672\"><span style=\"color: #000000;\">Ring aus 18-kar\u00e4tigem Gold mit einer regelm\u00e4\u00dfigen Reihe nat\u00fcrlicher Diamanten ct 0,09, gefasst zwischen weichen, abgerundeten Gliedern. Die geh\u00e4mmerte und durchgehende Oberfl\u00e4che verleiht ihm Rhythmus und Brillanz und macht ihn zu einem diskreten, aber dennoch reichen Element innerhalb der Komposition.<\/span><\/p>\n<p data-start=\"674\" data-end=\"687\"><span style=\"color: #000000;\">Einzelheiten:<\/span><\/p>\n<ul data-start=\"688\" data-end=\"782\">\n<li data-start=\"688\" data-end=\"701\">\n<p data-start=\"690\" data-end=\"701\"><span style=\"color: #000000;\">18 kt Gold<\/span><\/p>\n<\/li>\n<li data-start=\"702\" data-end=\"731\">\n<p data-start=\"704\" data-end=\"731\"><span style=\"color: #000000;\">Nat\u00fcrliche Diamanten ct 0,09<\/span><\/p>\n<\/li>\n<li data-start=\"732\" data-end=\"766\">\n<p data-start=\"734\" data-end=\"766\"><span style=\"color: #000000;\">Gl\u00e4nzende Oberfl\u00e4che mit Strickeffekt<\/span><\/p>\n<\/li>\n<li data-start=\"767\" data-end=\"782\">\n<p data-start=\"769\" data-end=\"782\"><span style=\"color: #000000;\">Hergestellt in Italien<\/span><\/p>\n<\/li>\n<\/ul>\n<p><span style=\"color: #000000;\">Die Lieferzeiten k\u00f6nnen je nach Liefergebiet variieren und betragen maximal drei Wochen.<\/span><\/p>\n<p><a style=\"color: #bbb; text-decoration: underline;\" href=\"https:\/\/attiliozanetti.com\/wp-content\/uploads\/2025\/10\/dimensione-anelli-attilio-zanetti.pdf\" target=\"_blank\" rel=\"noopener\">GUIDA ALLE TAGLIE<\/a><\/p>\n<p><span style=\"color: #000000;\">Um dieses Produkt aus einem Nicht-EU-Land zu kaufen, kontaktieren Sie uns bitte direkt: info@attiliozanetti.com<\/span><\/p>\n<p>&nbsp;<\/p>\n<p>&nbsp;<\/p>","protected":false},"featured_media":13486,"comment_status":"closed","ping_status":"closed","template":"","meta":{"_monsterinsights_skip_tracking":false,"_monsterinsights_sitenote_active":false,"_monsterinsights_sitenote_note":"","_monsterinsights_sitenote_category":0},"product_brand":[],"product_cat":[90,91],"product_tag":[],"class_list":{"0":"post-13485","1":"product","2":"type-product","3":"status-publish","4":"has-post-thumbnail","6":"product_cat-anelli-2","7":"product_cat-collezione-puzzle","8":"nt-post-class","9":"","15":"first","16":"instock","17":"shipping-taxable","18":"purchasable","19":"product-type-variable"},"_links":{"self":[{"href":"https:\/\/attiliozanetti.com\/de\/wp-json\/wp\/v2\/product\/13485","targetHints":{"allow":["GET"]}}],"collection":[{"href":"https:\/\/attiliozanetti.com\/de\/wp-json\/wp\/v2\/product"}],"about":[{"href":"https:\/\/attiliozanetti.com\/de\/wp-json\/wp\/v2\/types\/product"}],"replies":[{"embeddable":true,"href":"https:\/\/attiliozanetti.com\/de\/wp-json\/wp\/v2\/comments?post=13485"}],"version-history":[{"count":8,"href":"https:\/\/attiliozanetti.com\/de\/wp-json\/wp\/v2\/product\/13485\/revisions"}],"predecessor-version":[{"id":17058,"href":"https:\/\/attiliozanetti.com\/de\/wp-json\/wp\/v2\/product\/13485\/revisions\/17058"}],"wp:featuredmedia":[{"embeddable":true,"href":"https:\/\/attiliozanetti.com\/de\/wp-json\/wp\/v2\/media\/13486"}],"wp:attachment":[{"href":"https:\/\/attiliozanetti.com\/de\/wp-json\/wp\/v2\/media?parent=13485"}],"wp:term":[{"taxonomy":"product_brand","embeddable":true,"href":"https:\/\/attiliozanetti.com\/de\/wp-json\/wp\/v2\/product_brand?post=13485"},{"taxonomy":"product_cat","embeddable":true,"href":"https:\/\/attiliozanetti.com\/de\/wp-json\/wp\/v2\/product_cat?post=13485"},{"taxonomy":"product_tag","embeddable":true,"href":"https:\/\/attiliozanetti.com\/de\/wp-json\/wp\/v2\/product_tag?post=13485"}],"curies":[{"name":"wp","href":"https:\/\/api.w.org\/{rel}","templated":true}]}}