{"id":13482,"date":"2025-05-27T10:17:04","date_gmt":"2025-05-27T08:17:04","guid":{"rendered":"https:\/\/attiliozanetti.com\/?post_type=product&#038;p=13482"},"modified":"2025-10-13T17:08:28","modified_gmt":"2025-10-13T15:08:28","slug":"collezione-puzzle-05","status":"publish","type":"product","link":"https:\/\/attiliozanetti.com\/de\/product\/collezione-puzzle-05\/","title":{"rendered":"PUZZLE RING 05"},"content":{"rendered":"<p>Mod. AN PZ 05<\/p>\n<p class=\"p2\"><span style=\"color: #000000;\">Der Ring aus 18-kar\u00e4tigem Wei\u00dfgold zeichnet sich durch sein Band aus kleinen gl\u00e4nzenden Kugeln und einem brillanten zentralen Lichtpunkt von 0,10 ct aus. Ein klares, aber leuchtendes Design, das sich perfekt eignet, um allein getragen zu werden oder mit anderen Ringen aus der Kollektion kombiniert zu werden, um einen reicheren Effekt zu erzielen.<\/span><\/p>\n<p class=\"p1\">","protected":false},"excerpt":{"rendered":"<p><span style=\"color: #000000;\">Mod. AN PZ 05<\/span><\/p>\n<p data-start=\"209\" data-end=\"385\"><span style=\"color: #000000;\">PUZZLE ist eine modulare Ringkollektion, die zum Spielen, Mischen und freien Tragen einl\u00e4dt. Jedes Element ist einzigartig und findet sein eigenes Gleichgewicht, wenn es mit den anderen kombiniert wird.<\/span><\/p>\n<p data-start=\"387\" data-end=\"694\"><span style=\"color: #000000;\">Der Ring aus 18-kar\u00e4tigem Wei\u00dfgold zeichnet sich durch sein Band aus kleinen gl\u00e4nzenden Kugeln und einem brillanten zentralen Lichtpunkt von 0,10 ct aus. Ein klares, aber leuchtendes Design, das sich perfekt eignet, um allein getragen zu werden oder mit anderen Ringen aus der Kollektion kombiniert zu werden, um einen reicheren Effekt zu erzielen.<\/span><\/p>\n<p data-start=\"696\" data-end=\"709\"><span style=\"color: #000000;\">Einzelheiten:<\/span><\/p>\n<ul data-start=\"710\" data-end=\"826\">\n<li data-start=\"710\" data-end=\"730\">\n<p data-start=\"712\" data-end=\"730\"><span style=\"color: #000000;\">18 kt Wei\u00dfgold<\/span><\/p>\n<\/li>\n<li data-start=\"731\" data-end=\"760\">\n<p data-start=\"733\" data-end=\"760\"><span style=\"color: #000000;\">Nat\u00fcrlicher Diamant ct 0,10<\/span><\/p>\n<\/li>\n<li data-start=\"761\" data-end=\"810\">\n<p data-start=\"763\" data-end=\"810\"><span style=\"color: #000000;\">Poliertes Kugeldesign mit zentralem Lichtpunkt<\/span><\/p>\n<\/li>\n<li data-start=\"811\" data-end=\"826\">\n<p data-start=\"813\" data-end=\"826\"><span style=\"color: #000000;\">Hergestellt in Italien<\/span><\/p>\n<\/li>\n<\/ul>\n<p><span style=\"color: #000000;\">Die Lieferzeiten k\u00f6nnen je nach Liefergebiet variieren und betragen maximal drei Wochen.<\/span><\/p>\n<p><a style=\"color: #bbb; text-decoration: underline;\" href=\"https:\/\/attiliozanetti.com\/wp-content\/uploads\/2025\/10\/dimensione-anelli-attilio-zanetti.pdf\" target=\"_blank\" rel=\"noopener\">GUIDA ALLE TAGLIE<\/a><\/p>\n<p><span style=\"color: #000000;\">Um dieses Produkt aus einem Nicht-EU-Land zu kaufen, kontaktieren Sie uns bitte direkt: info@attiliozanetti.com<\/span><\/p>\n<p>&nbsp;<\/p>\n<p>&nbsp;<\/p>","protected":false},"featured_media":13483,"comment_status":"closed","ping_status":"closed","template":"","meta":{"_monsterinsights_skip_tracking":false,"_monsterinsights_sitenote_active":false,"_monsterinsights_sitenote_note":"","_monsterinsights_sitenote_category":0},"product_brand":[],"product_cat":[90,91],"product_tag":[],"class_list":{"0":"post-13482","1":"product","2":"type-product","3":"status-publish","4":"has-post-thumbnail","6":"product_cat-anelli-2","7":"product_cat-collezione-puzzle","8":"nt-post-class","9":"","15":"first","16":"instock","17":"shipping-taxable","18":"purchasable","19":"product-type-variable"},"_links":{"self":[{"href":"https:\/\/attiliozanetti.com\/de\/wp-json\/wp\/v2\/product\/13482","targetHints":{"allow":["GET"]}}],"collection":[{"href":"https:\/\/attiliozanetti.com\/de\/wp-json\/wp\/v2\/product"}],"about":[{"href":"https:\/\/attiliozanetti.com\/de\/wp-json\/wp\/v2\/types\/product"}],"replies":[{"embeddable":true,"href":"https:\/\/attiliozanetti.com\/de\/wp-json\/wp\/v2\/comments?post=13482"}],"version-history":[{"count":7,"href":"https:\/\/attiliozanetti.com\/de\/wp-json\/wp\/v2\/product\/13482\/revisions"}],"predecessor-version":[{"id":17059,"href":"https:\/\/attiliozanetti.com\/de\/wp-json\/wp\/v2\/product\/13482\/revisions\/17059"}],"wp:featuredmedia":[{"embeddable":true,"href":"https:\/\/attiliozanetti.com\/de\/wp-json\/wp\/v2\/media\/13483"}],"wp:attachment":[{"href":"https:\/\/attiliozanetti.com\/de\/wp-json\/wp\/v2\/media?parent=13482"}],"wp:term":[{"taxonomy":"product_brand","embeddable":true,"href":"https:\/\/attiliozanetti.com\/de\/wp-json\/wp\/v2\/product_brand?post=13482"},{"taxonomy":"product_cat","embeddable":true,"href":"https:\/\/attiliozanetti.com\/de\/wp-json\/wp\/v2\/product_cat?post=13482"},{"taxonomy":"product_tag","embeddable":true,"href":"https:\/\/attiliozanetti.com\/de\/wp-json\/wp\/v2\/product_tag?post=13482"}],"curies":[{"name":"wp","href":"https:\/\/api.w.org\/{rel}","templated":true}]}}