{"id":13479,"date":"2025-05-27T10:16:05","date_gmt":"2025-05-27T08:16:05","guid":{"rendered":"https:\/\/attiliozanetti.com\/?post_type=product&#038;p=13479"},"modified":"2025-10-13T17:08:43","modified_gmt":"2025-10-13T15:08:43","slug":"collezione-puzzle-02","status":"publish","type":"product","link":"https:\/\/attiliozanetti.com\/de\/product\/collezione-puzzle-02\/","title":{"rendered":"PUZZLE RING 02"},"content":{"rendered":"<p>Mod. AN PZ 02<\/p>\n<p class=\"p2\"><span style=\"color: #000000;\">Der Ring aus 18 Karat Wei\u00dfgold besticht durch sein minimalistisches Design mit einer \u00d6ffnung auf der Vorderseite und einem mit nat\u00fcrlichen Diamanten (ct 0,10) besetzten Kreuz. Das schlichte und leuchtende Kreuzsymbol verleiht einem essenziellen Ring Pers\u00f6nlichkeit und Tiefe, der sich hervorragend allein oder in Kombination mit den anderen Elementen der Kollektion tragen l\u00e4sst.<\/span><\/p>\n<p class=\"p1\">","protected":false},"excerpt":{"rendered":"<p><span style=\"color: #000000;\">Mod. AN PZ 02<\/span><\/p>\n<p data-start=\"193\" data-end=\"369\"><span style=\"color: #000000;\">PUZZLE ist eine modulare Ringkollektion, die zum Spielen, Mischen und freien Tragen einl\u00e4dt. Jedes Element ist einzigartig und findet sein eigenes Gleichgewicht, wenn es mit den anderen kombiniert wird.<\/span><\/p>\n<p data-start=\"371\" data-end=\"709\"><span style=\"color: #000000;\">Der Ring aus 18 Karat Wei\u00dfgold besticht durch sein minimalistisches Design mit einer \u00d6ffnung auf der Vorderseite und einem mit nat\u00fcrlichen Diamanten (ct 0,10) besetzten Kreuz. Das schlichte und leuchtende Kreuzsymbol verleiht einem essenziellen Ring Pers\u00f6nlichkeit und Tiefe, der sich hervorragend allein oder in Kombination mit den anderen Elementen der Kollektion tragen l\u00e4sst.<\/span><\/p>\n<p data-start=\"711\" data-end=\"724\"><span style=\"color: #000000;\">Einzelheiten:<\/span><\/p>\n<ul data-start=\"725\" data-end=\"827\">\n<li data-start=\"725\" data-end=\"745\">\n<p data-start=\"727\" data-end=\"745\"><span style=\"color: #000000;\">18 kt Wei\u00dfgold<\/span><\/p>\n<\/li>\n<li data-start=\"746\" data-end=\"775\">\n<p data-start=\"748\" data-end=\"775\"><span style=\"color: #000000;\">Nat\u00fcrliche Diamanten ct 0,10<\/span><\/p>\n<\/li>\n<li data-start=\"776\" data-end=\"811\">\n<p data-start=\"778\" data-end=\"811\"><span style=\"color: #000000;\">Offenes Design mit Pav\u00e9-Kreuz<\/span><\/p>\n<\/li>\n<li data-start=\"812\" data-end=\"827\">\n<p data-start=\"814\" data-end=\"827\"><span style=\"color: #000000;\">Hergestellt in Italien<\/span><\/p>\n<\/li>\n<\/ul>\n<p><span style=\"color: #000000;\">Die Lieferzeiten k\u00f6nnen je nach Liefergebiet variieren und betragen maximal drei Wochen.<\/span><\/p>\n<p><a style=\"color: #bbb; text-decoration: underline;\" href=\"https:\/\/attiliozanetti.com\/wp-content\/uploads\/2025\/10\/dimensione-anelli-attilio-zanetti.pdf\" target=\"_blank\" rel=\"noopener\">GUIDA ALLE TAGLIE<\/a><\/p>\n<p><span style=\"color: #000000;\">Um dieses Produkt aus einem Nicht-EU-Land zu kaufen, kontaktieren Sie uns bitte direkt: info@attiliozanetti.com<\/span><\/p>\n<p>&nbsp;<\/p>\n<p>&nbsp;<\/p>","protected":false},"featured_media":13480,"comment_status":"closed","ping_status":"closed","template":"","meta":{"_monsterinsights_skip_tracking":false,"_monsterinsights_sitenote_active":false,"_monsterinsights_sitenote_note":"","_monsterinsights_sitenote_category":0},"product_brand":[],"product_cat":[90,91],"product_tag":[],"class_list":{"0":"post-13479","1":"product","2":"type-product","3":"status-publish","4":"has-post-thumbnail","6":"product_cat-anelli-2","7":"product_cat-collezione-puzzle","8":"nt-post-class","9":"","15":"first","16":"instock","17":"shipping-taxable","18":"purchasable","19":"product-type-variable"},"_links":{"self":[{"href":"https:\/\/attiliozanetti.com\/de\/wp-json\/wp\/v2\/product\/13479","targetHints":{"allow":["GET"]}}],"collection":[{"href":"https:\/\/attiliozanetti.com\/de\/wp-json\/wp\/v2\/product"}],"about":[{"href":"https:\/\/attiliozanetti.com\/de\/wp-json\/wp\/v2\/types\/product"}],"replies":[{"embeddable":true,"href":"https:\/\/attiliozanetti.com\/de\/wp-json\/wp\/v2\/comments?post=13479"}],"version-history":[{"count":8,"href":"https:\/\/attiliozanetti.com\/de\/wp-json\/wp\/v2\/product\/13479\/revisions"}],"predecessor-version":[{"id":17060,"href":"https:\/\/attiliozanetti.com\/de\/wp-json\/wp\/v2\/product\/13479\/revisions\/17060"}],"wp:featuredmedia":[{"embeddable":true,"href":"https:\/\/attiliozanetti.com\/de\/wp-json\/wp\/v2\/media\/13480"}],"wp:attachment":[{"href":"https:\/\/attiliozanetti.com\/de\/wp-json\/wp\/v2\/media?parent=13479"}],"wp:term":[{"taxonomy":"product_brand","embeddable":true,"href":"https:\/\/attiliozanetti.com\/de\/wp-json\/wp\/v2\/product_brand?post=13479"},{"taxonomy":"product_cat","embeddable":true,"href":"https:\/\/attiliozanetti.com\/de\/wp-json\/wp\/v2\/product_cat?post=13479"},{"taxonomy":"product_tag","embeddable":true,"href":"https:\/\/attiliozanetti.com\/de\/wp-json\/wp\/v2\/product_tag?post=13479"}],"curies":[{"name":"wp","href":"https:\/\/api.w.org\/{rel}","templated":true}]}}