{"id":13476,"date":"2025-05-27T10:13:56","date_gmt":"2025-05-27T08:13:56","guid":{"rendered":"https:\/\/attiliozanetti.com\/?post_type=product&#038;p=13476"},"modified":"2025-10-13T17:09:01","modified_gmt":"2025-10-13T15:09:01","slug":"collezione-puzzle-01","status":"publish","type":"product","link":"https:\/\/attiliozanetti.com\/de\/product\/collezione-puzzle-01\/","title":{"rendered":"PUZZLE RING 01"},"content":{"rendered":"<p>Mod. AN PZ 01<\/p>\n<p class=\"p2\"><span style=\"color: #000000;\">Ring aus 18 kt Wei\u00dfgold, der sich durch sein facettiertes Profil auszeichnet, das von der stilisierten Form des Bambus inspiriert ist. Er ist mit nat\u00fcrlichen Diamanten ct 0,09 besetzt, die an den \u00dcberg\u00e4ngen zwischen den Modulen gefasst sind. Das elegante und rhythmische Design macht ihn ideal, um ihn allein zu tragen oder mit anderen Elementen der Kollektion zu kombinieren.<\/span><\/p>\n<p class=\"p1\">","protected":false},"excerpt":{"rendered":"<p><span style=\"color: #000000;\">Mod. AN PZ 01<\/span><\/p>\n<p data-start=\"222\" data-end=\"398\"><span style=\"color: #000000;\">PUZZLE ist eine modulare Ringkollektion, die zum Spielen, Mischen und freien Tragen einl\u00e4dt. Jedes Element ist einzigartig und findet sein eigenes Gleichgewicht, wenn es mit den anderen kombiniert wird.<\/span><\/p>\n<p data-start=\"400\" data-end=\"742\"><span style=\"color: #000000;\">Ring aus 18 kt Wei\u00dfgold, der sich durch sein facettiertes Profil auszeichnet, das von der stilisierten Form des Bambus inspiriert ist. Er ist mit nat\u00fcrlichen Diamanten ct 0,09 besetzt, die an den \u00dcberg\u00e4ngen zwischen den Modulen gefasst sind. Das elegante und rhythmische Design macht ihn ideal, um ihn allein zu tragen oder mit anderen Elementen der Kollektion zu kombinieren.<\/span><\/p>\n<p data-start=\"744\" data-end=\"757\"><span style=\"color: #000000;\">Einzelheiten:<\/span><\/p>\n<ul data-start=\"758\" data-end=\"858\">\n<li data-start=\"758\" data-end=\"778\">\n<p data-start=\"760\" data-end=\"778\"><span style=\"color: #000000;\">18 kt Wei\u00dfgold<\/span><\/p>\n<\/li>\n<li data-start=\"779\" data-end=\"808\">\n<p data-start=\"781\" data-end=\"808\"><span style=\"color: #000000;\">Nat\u00fcrliche Diamanten ct 0,09<\/span><\/p>\n<\/li>\n<li data-start=\"809\" data-end=\"842\">\n<p data-start=\"811\" data-end=\"842\"><span style=\"color: #000000;\">Geometrisches und modulares Profil<\/span><\/p>\n<\/li>\n<li data-start=\"843\" data-end=\"858\">\n<p data-start=\"845\" data-end=\"858\"><span style=\"color: #000000;\">Hergestellt in Italien<\/span><\/p>\n<\/li>\n<\/ul>\n<p><span style=\"color: #000000;\">Die Lieferzeiten k\u00f6nnen je nach Liefergebiet variieren und betragen maximal drei Wochen.<\/span><\/p>\n<p><a style=\"color: #bbb; text-decoration: underline;\" href=\"https:\/\/attiliozanetti.com\/wp-content\/uploads\/2025\/10\/dimensione-anelli-attilio-zanetti.pdf\" target=\"_blank\" rel=\"noopener\">GUIDA ALLE TAGLIE<\/a><\/p>\n<p><span style=\"color: #000000;\">Um dieses Produkt aus einem Nicht-EU-Land zu kaufen, kontaktieren Sie uns bitte direkt: info@attiliozanetti.com<\/span><\/p>\n<p>&nbsp;<\/p>\n<p>&nbsp;<\/p>","protected":false},"featured_media":13477,"comment_status":"closed","ping_status":"closed","template":"","meta":{"_monsterinsights_skip_tracking":false,"_monsterinsights_sitenote_active":false,"_monsterinsights_sitenote_note":"","_monsterinsights_sitenote_category":0},"product_brand":[],"product_cat":[90,91],"product_tag":[],"class_list":{"0":"post-13476","1":"product","2":"type-product","3":"status-publish","4":"has-post-thumbnail","6":"product_cat-anelli-2","7":"product_cat-collezione-puzzle","8":"nt-post-class","9":"","15":"first","16":"instock","17":"shipping-taxable","18":"purchasable","19":"product-type-variable"},"_links":{"self":[{"href":"https:\/\/attiliozanetti.com\/de\/wp-json\/wp\/v2\/product\/13476","targetHints":{"allow":["GET"]}}],"collection":[{"href":"https:\/\/attiliozanetti.com\/de\/wp-json\/wp\/v2\/product"}],"about":[{"href":"https:\/\/attiliozanetti.com\/de\/wp-json\/wp\/v2\/types\/product"}],"replies":[{"embeddable":true,"href":"https:\/\/attiliozanetti.com\/de\/wp-json\/wp\/v2\/comments?post=13476"}],"version-history":[{"count":7,"href":"https:\/\/attiliozanetti.com\/de\/wp-json\/wp\/v2\/product\/13476\/revisions"}],"predecessor-version":[{"id":17061,"href":"https:\/\/attiliozanetti.com\/de\/wp-json\/wp\/v2\/product\/13476\/revisions\/17061"}],"wp:featuredmedia":[{"embeddable":true,"href":"https:\/\/attiliozanetti.com\/de\/wp-json\/wp\/v2\/media\/13477"}],"wp:attachment":[{"href":"https:\/\/attiliozanetti.com\/de\/wp-json\/wp\/v2\/media?parent=13476"}],"wp:term":[{"taxonomy":"product_brand","embeddable":true,"href":"https:\/\/attiliozanetti.com\/de\/wp-json\/wp\/v2\/product_brand?post=13476"},{"taxonomy":"product_cat","embeddable":true,"href":"https:\/\/attiliozanetti.com\/de\/wp-json\/wp\/v2\/product_cat?post=13476"},{"taxonomy":"product_tag","embeddable":true,"href":"https:\/\/attiliozanetti.com\/de\/wp-json\/wp\/v2\/product_tag?post=13476"}],"curies":[{"name":"wp","href":"https:\/\/api.w.org\/{rel}","templated":true}]}}