{"id":13447,"date":"2025-05-26T16:02:01","date_gmt":"2025-05-26T14:02:01","guid":{"rendered":"https:\/\/attiliozanetti.com\/?post_type=product&#038;p=13447"},"modified":"2025-10-13T17:09:40","modified_gmt":"2025-10-13T15:09:40","slug":"collezione-puzzle-14","status":"publish","type":"product","link":"https:\/\/attiliozanetti.com\/de\/product\/collezione-puzzle-14\/","title":{"rendered":"PUZZLE RING 14"},"content":{"rendered":"<p>Mod. AN PZ 14<\/p>\n<p class=\"p2\"><span style=\"color: #000000;\">Ein Ring aus 18-kar\u00e4tigem Gold mit strukturierter Oberfl\u00e4che ist mit nat\u00fcrlichen Diamanten (0,13 ct) besetzt, die in kleinen runden Gliedern gefasst sind. Der geordnete Rhythmus der Steine und die Textur des Goldes schaffen einen Kontrast aus Licht und Materie, der ihn entweder allein oder in Kombination mit den anderen Ringen der Kollektion perfekt macht.<\/span><\/p>\n<p class=\"p1\">","protected":false},"excerpt":{"rendered":"<p><span style=\"color: #000000;\">Mod. AN PZ 14<\/span><\/p>\n<p class=\"p2\"><span style=\"color: #000000;\">PUZZLE ist eine modulare Ringkollektion, die zum Spielen, Mischen und freien Tragen einl\u00e4dt. Jedes Element ist einzigartig und findet sein eigenes Gleichgewicht, wenn es mit den anderen kombiniert wird.<\/span><\/p>\n<p><span style=\"color: #000000;\">Ein Ring aus 18-kar\u00e4tigem Gold mit strukturierter Oberfl\u00e4che ist mit nat\u00fcrlichen Diamanten (0,13 ct) besetzt, die in kleinen runden Gliedern gefasst sind. Der geordnete Rhythmus der Steine und die Textur des Goldes schaffen einen Kontrast aus Licht und Materie, der ihn entweder allein oder in Kombination mit den anderen Ringen der Kollektion perfekt macht.<\/span><\/p>\n<p data-start=\"626\" data-end=\"638\"><span style=\"color: #000000;\">Einzelheiten:<\/span><\/p>\n<ul data-start=\"639\" data-end=\"760\">\n<li data-start=\"639\" data-end=\"674\">\n<p data-start=\"641\" data-end=\"674\"><span style=\"color: #000000;\">18 kt Gold, strukturierte Oberfl\u00e4che<\/span><\/p>\n<\/li>\n<li data-start=\"675\" data-end=\"711\">\n<p data-start=\"677\" data-end=\"711\"><span style=\"color: #000000;\">Nat\u00fcrliche Diamanten ct 0,13 insgesamt<\/span><\/p>\n<\/li>\n<li data-start=\"743\" data-end=\"760\">\n<p data-start=\"745\" data-end=\"760\"><span style=\"color: #000000;\">Hergestellt in Italien<\/span><\/p>\n<\/li>\n<\/ul>\n<p><span style=\"color: #000000;\">Die Lieferzeiten k\u00f6nnen je nach Liefergebiet variieren und betragen maximal drei Wochen.<\/span><\/p>\n<p><a style=\"color: #bbb; text-decoration: underline;\" href=\"https:\/\/attiliozanetti.com\/wp-content\/uploads\/2025\/10\/dimensione-anelli-attilio-zanetti.pdf\" target=\"_blank\" rel=\"noopener\">GUIDA ALLE TAGLIE<\/a><\/p>\n<p><span style=\"color: #000000;\">Um dieses Produkt aus einem Nicht-EU-Land zu kaufen, kontaktieren Sie uns bitte direkt: info@attiliozanetti.com<\/span><\/p>\n<p>&nbsp;<\/p>\n<p>&nbsp;<\/p>","protected":false},"featured_media":13448,"comment_status":"closed","ping_status":"closed","template":"","meta":{"_monsterinsights_skip_tracking":false,"_monsterinsights_sitenote_active":false,"_monsterinsights_sitenote_note":"","_monsterinsights_sitenote_category":0},"product_brand":[],"product_cat":[90,91],"product_tag":[],"class_list":{"0":"post-13447","1":"product","2":"type-product","3":"status-publish","4":"has-post-thumbnail","6":"product_cat-anelli-2","7":"product_cat-collezione-puzzle","8":"nt-post-class","9":"","15":"first","16":"instock","17":"shipping-taxable","18":"purchasable","19":"product-type-variable"},"_links":{"self":[{"href":"https:\/\/attiliozanetti.com\/de\/wp-json\/wp\/v2\/product\/13447","targetHints":{"allow":["GET"]}}],"collection":[{"href":"https:\/\/attiliozanetti.com\/de\/wp-json\/wp\/v2\/product"}],"about":[{"href":"https:\/\/attiliozanetti.com\/de\/wp-json\/wp\/v2\/types\/product"}],"replies":[{"embeddable":true,"href":"https:\/\/attiliozanetti.com\/de\/wp-json\/wp\/v2\/comments?post=13447"}],"version-history":[{"count":8,"href":"https:\/\/attiliozanetti.com\/de\/wp-json\/wp\/v2\/product\/13447\/revisions"}],"predecessor-version":[{"id":17063,"href":"https:\/\/attiliozanetti.com\/de\/wp-json\/wp\/v2\/product\/13447\/revisions\/17063"}],"wp:featuredmedia":[{"embeddable":true,"href":"https:\/\/attiliozanetti.com\/de\/wp-json\/wp\/v2\/media\/13448"}],"wp:attachment":[{"href":"https:\/\/attiliozanetti.com\/de\/wp-json\/wp\/v2\/media?parent=13447"}],"wp:term":[{"taxonomy":"product_brand","embeddable":true,"href":"https:\/\/attiliozanetti.com\/de\/wp-json\/wp\/v2\/product_brand?post=13447"},{"taxonomy":"product_cat","embeddable":true,"href":"https:\/\/attiliozanetti.com\/de\/wp-json\/wp\/v2\/product_cat?post=13447"},{"taxonomy":"product_tag","embeddable":true,"href":"https:\/\/attiliozanetti.com\/de\/wp-json\/wp\/v2\/product_tag?post=13447"}],"curies":[{"name":"wp","href":"https:\/\/api.w.org\/{rel}","templated":true}]}}