{"id":13444,"date":"2025-05-26T16:01:02","date_gmt":"2025-05-26T14:01:02","guid":{"rendered":"https:\/\/attiliozanetti.com\/?post_type=product&#038;p=13444"},"modified":"2025-10-13T17:09:55","modified_gmt":"2025-10-13T15:09:55","slug":"collezione-puzzle-13","status":"publish","type":"product","link":"https:\/\/attiliozanetti.com\/de\/product\/collezione-puzzle-13\/","title":{"rendered":"PUZZLE RING 13"},"content":{"rendered":"<p>Mod. AN PZ 13<\/p>\n<p class=\"p2\"><span style=\"color: #000000;\">Ring aus 18-kar\u00e4tigem Wei\u00dfgold mit geometrischer Struktur, besetzt mit nat\u00fcrlichen Diamanten ct 0,12, die abwechselnd in ovalen und runden Modulen mit Mikrok\u00f6rnung gefasst sind. Das Gleichgewicht zwischen Voll- und Hohlk\u00f6rpern verleiht ihm einen eleganten und leichten Rhythmus, der sowohl allein als auch in Kombination mit den anderen Ringen der Kollektion perfekt ist.<\/span><\/p>\n<p class=\"p1\">","protected":false},"excerpt":{"rendered":"<p><span style=\"color: #000000;\">Mod. AN PZ 13<\/span><\/p>\n<p data-start=\"204\" data-end=\"380\"><span style=\"color: #000000;\">PUZZLE ist eine modulare Ringkollektion, die zum Spielen, Mischen und freien Tragen einl\u00e4dt. Jedes Element ist einzigartig und findet sein eigenes Gleichgewicht, wenn es mit den anderen kombiniert wird.<\/span><\/p>\n<p data-start=\"382\" data-end=\"693\"><span style=\"color: #000000;\">Ring aus 18-kar\u00e4tigem Wei\u00dfgold mit geometrischer Struktur, besetzt mit nat\u00fcrlichen Diamanten ct 0,12, die abwechselnd in ovalen und runden Modulen mit Mikrok\u00f6rnung gefasst sind. Das Gleichgewicht zwischen Voll- und Hohlk\u00f6rpern verleiht ihm einen eleganten und leichten Rhythmus, der sowohl allein als auch in Kombination mit den anderen Ringen der Kollektion perfekt ist.<\/span><\/p>\n<p data-start=\"695\" data-end=\"708\"><span style=\"color: #000000;\">Einzelheiten:<\/span><\/p>\n<ul data-start=\"709\" data-end=\"817\">\n<li data-start=\"709\" data-end=\"762\">\n<p data-start=\"711\" data-end=\"762\"><span style=\"color: #000000;\">18 kt Wei\u00dfgold, geometrisch strukturierte Oberfl\u00e4che<\/span><\/p>\n<\/li>\n<li data-start=\"763\" data-end=\"799\">\n<p data-start=\"765\" data-end=\"799\"><span style=\"color: #000000;\">Nat\u00fcrliche Diamanten ct 0,12 insgesamt<\/span><\/p>\n<\/li>\n<li data-start=\"800\" data-end=\"817\">\n<p data-start=\"802\" data-end=\"817\"><span style=\"color: #000000;\">Hergestellt in Italien<\/span><\/p>\n<\/li>\n<\/ul>\n<p><span style=\"color: #000000;\">Die Lieferzeiten k\u00f6nnen je nach Liefergebiet variieren und betragen maximal drei Wochen.<\/span><\/p>\n<p><a style=\"color: #bbb; text-decoration: underline;\" href=\"https:\/\/attiliozanetti.com\/wp-content\/uploads\/2025\/10\/dimensione-anelli-attilio-zanetti.pdf\" target=\"_blank\" rel=\"noopener\">GUIDA ALLE TAGLIE<\/a><\/p>\n<p><span style=\"color: #000000;\">Um dieses Produkt aus einem Nicht-EU-Land zu kaufen, kontaktieren Sie uns bitte direkt: info@attiliozanetti.com<\/span><\/p>\n<p>&nbsp;<\/p>\n<p>&nbsp;<\/p>","protected":false},"featured_media":13445,"comment_status":"closed","ping_status":"closed","template":"","meta":{"_monsterinsights_skip_tracking":false,"_monsterinsights_sitenote_active":false,"_monsterinsights_sitenote_note":"","_monsterinsights_sitenote_category":0},"product_brand":[],"product_cat":[90,91],"product_tag":[],"class_list":{"0":"post-13444","1":"product","2":"type-product","3":"status-publish","4":"has-post-thumbnail","6":"product_cat-anelli-2","7":"product_cat-collezione-puzzle","8":"nt-post-class","9":"","15":"first","16":"instock","17":"shipping-taxable","18":"purchasable","19":"product-type-variable"},"_links":{"self":[{"href":"https:\/\/attiliozanetti.com\/de\/wp-json\/wp\/v2\/product\/13444","targetHints":{"allow":["GET"]}}],"collection":[{"href":"https:\/\/attiliozanetti.com\/de\/wp-json\/wp\/v2\/product"}],"about":[{"href":"https:\/\/attiliozanetti.com\/de\/wp-json\/wp\/v2\/types\/product"}],"replies":[{"embeddable":true,"href":"https:\/\/attiliozanetti.com\/de\/wp-json\/wp\/v2\/comments?post=13444"}],"version-history":[{"count":8,"href":"https:\/\/attiliozanetti.com\/de\/wp-json\/wp\/v2\/product\/13444\/revisions"}],"predecessor-version":[{"id":17064,"href":"https:\/\/attiliozanetti.com\/de\/wp-json\/wp\/v2\/product\/13444\/revisions\/17064"}],"wp:featuredmedia":[{"embeddable":true,"href":"https:\/\/attiliozanetti.com\/de\/wp-json\/wp\/v2\/media\/13445"}],"wp:attachment":[{"href":"https:\/\/attiliozanetti.com\/de\/wp-json\/wp\/v2\/media?parent=13444"}],"wp:term":[{"taxonomy":"product_brand","embeddable":true,"href":"https:\/\/attiliozanetti.com\/de\/wp-json\/wp\/v2\/product_brand?post=13444"},{"taxonomy":"product_cat","embeddable":true,"href":"https:\/\/attiliozanetti.com\/de\/wp-json\/wp\/v2\/product_cat?post=13444"},{"taxonomy":"product_tag","embeddable":true,"href":"https:\/\/attiliozanetti.com\/de\/wp-json\/wp\/v2\/product_tag?post=13444"}],"curies":[{"name":"wp","href":"https:\/\/api.w.org\/{rel}","templated":true}]}}