{"id":13441,"date":"2025-05-26T15:58:43","date_gmt":"2025-05-26T13:58:43","guid":{"rendered":"https:\/\/attiliozanetti.com\/?post_type=product&#038;p=13441"},"modified":"2025-10-13T17:10:09","modified_gmt":"2025-10-13T15:10:09","slug":"collezione-puzzle-09","status":"publish","type":"product","link":"https:\/\/attiliozanetti.com\/de\/product\/collezione-puzzle-09\/","title":{"rendered":"PUZZLE RING 09"},"content":{"rendered":"<p>Mod. AN PZ 09<\/p>\n<p class=\"p2\"><span style=\"color: #000000;\">Ring aus 18 kt Ros\u00e9gold mit polierter Oberfl\u00e4che, besetzt mit nat\u00fcrlichen Diamanten ct 0,09, gefasst in eleganten ovalen Gliedern mit Mikrogravur. Der zarte Rhythmus der Steine und die Details der Verarbeitung verleihen ihm Leichtigkeit und Raffinesse, perfekt f\u00fcr sich allein oder in Kombination mit anderen Ringen der Kollektion.<\/span><\/p>\n<p class=\"p1\">","protected":false},"excerpt":{"rendered":"<p><span style=\"color: #000000;\">Mod. AN PZ 09<\/span><\/p>\n<p data-start=\"244\" data-end=\"420\"><span style=\"color: #000000;\">PUZZLE ist eine modulare Ringkollektion, die zum Spielen, Mischen und freien Tragen einl\u00e4dt. Jedes Element ist einzigartig und findet sein eigenes Gleichgewicht, wenn es mit den anderen kombiniert wird.<\/span><\/p>\n<p data-start=\"422\" data-end=\"728\"><span style=\"color: #000000;\">Ring aus 18 kt Ros\u00e9gold mit polierter Oberfl\u00e4che, besetzt mit nat\u00fcrlichen Diamanten ct 0,09, gefasst in eleganten ovalen Gliedern mit Mikrogravur. Der zarte Rhythmus der Steine und die Details der Verarbeitung verleihen ihm Leichtigkeit und Raffinesse, perfekt f\u00fcr sich allein oder in Kombination mit anderen Ringen der Kollektion.<\/span><\/p>\n<p data-start=\"730\" data-end=\"743\"><span style=\"color: #000000;\">Einzelheiten:<\/span><\/p>\n<ul data-start=\"744\" data-end=\"817\">\n<li data-start=\"744\" data-end=\"762\">\n<p data-start=\"746\" data-end=\"762\"><span style=\"color: #000000;\">18 kt Rotgold<\/span><\/p>\n<\/li>\n<li data-start=\"763\" data-end=\"799\">\n<p data-start=\"765\" data-end=\"799\"><span style=\"color: #000000;\">Nat\u00fcrliche Diamanten ct 0,09<\/span><\/p>\n<\/li>\n<li data-start=\"800\" data-end=\"817\">\n<p data-start=\"802\" data-end=\"817\"><span style=\"color: #000000;\">Hergestellt in Italien<\/span><\/p>\n<\/li>\n<\/ul>\n<p><span style=\"color: #000000;\">Die Lieferzeiten k\u00f6nnen je nach Liefergebiet variieren und betragen maximal drei Wochen.<\/span><\/p>\n<p><a style=\"color: #bbb; text-decoration: underline;\" href=\"https:\/\/attiliozanetti.com\/wp-content\/uploads\/2025\/10\/dimensione-anelli-attilio-zanetti.pdf\" target=\"_blank\" rel=\"noopener\">GUIDA ALLE TAGLIE<\/a><\/p>\n<p><span style=\"color: #000000;\">Um dieses Produkt aus einem Nicht-EU-Land zu kaufen, kontaktieren Sie uns bitte direkt: info@attiliozanetti.com<\/span><\/p>\n<p>&nbsp;<\/p>\n<p>&nbsp;<\/p>","protected":false},"featured_media":13442,"comment_status":"closed","ping_status":"closed","template":"","meta":{"_monsterinsights_skip_tracking":false,"_monsterinsights_sitenote_active":false,"_monsterinsights_sitenote_note":"","_monsterinsights_sitenote_category":0},"product_brand":[],"product_cat":[90,91],"product_tag":[],"class_list":{"0":"post-13441","1":"product","2":"type-product","3":"status-publish","4":"has-post-thumbnail","6":"product_cat-anelli-2","7":"product_cat-collezione-puzzle","8":"nt-post-class","9":"","15":"first","16":"instock","17":"shipping-taxable","18":"purchasable","19":"product-type-variable"},"_links":{"self":[{"href":"https:\/\/attiliozanetti.com\/de\/wp-json\/wp\/v2\/product\/13441","targetHints":{"allow":["GET"]}}],"collection":[{"href":"https:\/\/attiliozanetti.com\/de\/wp-json\/wp\/v2\/product"}],"about":[{"href":"https:\/\/attiliozanetti.com\/de\/wp-json\/wp\/v2\/types\/product"}],"replies":[{"embeddable":true,"href":"https:\/\/attiliozanetti.com\/de\/wp-json\/wp\/v2\/comments?post=13441"}],"version-history":[{"count":8,"href":"https:\/\/attiliozanetti.com\/de\/wp-json\/wp\/v2\/product\/13441\/revisions"}],"predecessor-version":[{"id":17065,"href":"https:\/\/attiliozanetti.com\/de\/wp-json\/wp\/v2\/product\/13441\/revisions\/17065"}],"wp:featuredmedia":[{"embeddable":true,"href":"https:\/\/attiliozanetti.com\/de\/wp-json\/wp\/v2\/media\/13442"}],"wp:attachment":[{"href":"https:\/\/attiliozanetti.com\/de\/wp-json\/wp\/v2\/media?parent=13441"}],"wp:term":[{"taxonomy":"product_brand","embeddable":true,"href":"https:\/\/attiliozanetti.com\/de\/wp-json\/wp\/v2\/product_brand?post=13441"},{"taxonomy":"product_cat","embeddable":true,"href":"https:\/\/attiliozanetti.com\/de\/wp-json\/wp\/v2\/product_cat?post=13441"},{"taxonomy":"product_tag","embeddable":true,"href":"https:\/\/attiliozanetti.com\/de\/wp-json\/wp\/v2\/product_tag?post=13441"}],"curies":[{"name":"wp","href":"https:\/\/api.w.org\/{rel}","templated":true}]}}