{"id":13438,"date":"2025-05-26T15:57:11","date_gmt":"2025-05-26T13:57:11","guid":{"rendered":"https:\/\/attiliozanetti.com\/?post_type=product&#038;p=13438"},"modified":"2025-10-13T17:10:24","modified_gmt":"2025-10-13T15:10:24","slug":"collezione-puzzle-08","status":"publish","type":"product","link":"https:\/\/attiliozanetti.com\/de\/product\/collezione-puzzle-08\/","title":{"rendered":"PUZZLE RING 08"},"content":{"rendered":"<p>Mod. AN PZ 08<\/p>\n<p class=\"p2\"><span style=\"color: #000000;\">Ring aus 18 kt Wei\u00dfgold mit polierter Oberfl\u00e4che, besetzt mit nat\u00fcrlichen Diamanten ct 0,09 in ansteigender Reihenfolge. Das Spiel der Proportionen sorgt f\u00fcr einen dynamischen und harmonischen Effekt, ideal, um ihn allein oder zusammen mit den anderen Ringen der Kollektion zu tragen.<\/span><\/p>\n<p class=\"p1\">","protected":false},"excerpt":{"rendered":"<p><span style=\"color: #000000;\">Mod. AN PZ 08<\/span><\/p>\n<p data-start=\"199\" data-end=\"375\"><span style=\"color: #000000;\">PUZZLE ist eine modulare Ringkollektion, die zum Spielen, Mischen und freien Tragen einl\u00e4dt. Jedes Element ist einzigartig und findet sein eigenes Gleichgewicht, wenn es mit den anderen kombiniert wird.<\/span><\/p>\n<p data-start=\"377\" data-end=\"662\"><span style=\"color: #000000;\">Ring aus 18 kt Wei\u00dfgold mit polierter Oberfl\u00e4che, besetzt mit nat\u00fcrlichen Diamanten ct 0,09 in ansteigender Reihenfolge. Das Spiel der Proportionen sorgt f\u00fcr einen dynamischen und harmonischen Effekt, ideal, um ihn allein oder zusammen mit den anderen Ringen der Kollektion zu tragen.<\/span><\/p>\n<p data-start=\"664\" data-end=\"677\"><span style=\"color: #000000;\">Einzelheiten:<\/span><\/p>\n<ul data-start=\"678\" data-end=\"753\">\n<li data-start=\"678\" data-end=\"698\">\n<p data-start=\"680\" data-end=\"698\"><span style=\"color: #000000;\">18 kt Wei\u00dfgold<\/span><\/p>\n<\/li>\n<li data-start=\"699\" data-end=\"735\">\n<p data-start=\"701\" data-end=\"735\"><span style=\"color: #000000;\">Nat\u00fcrliche Diamanten ct 0,09<\/span><\/p>\n<\/li>\n<li data-start=\"736\" data-end=\"753\">\n<p data-start=\"738\" data-end=\"753\"><span style=\"color: #000000;\">Hergestellt in Italien<\/span><\/p>\n<\/li>\n<\/ul>\n<p><span style=\"color: #000000;\">Die Lieferzeiten k\u00f6nnen je nach Liefergebiet variieren und betragen maximal drei Wochen.<\/span><\/p>\n<p><a style=\"color: #bbb; text-decoration: underline;\" href=\"https:\/\/attiliozanetti.com\/wp-content\/uploads\/2025\/10\/dimensione-anelli-attilio-zanetti.pdf\" target=\"_blank\" rel=\"noopener\">GUIDA ALLE TAGLIE<\/a><\/p>\n<p><span style=\"color: #000000;\">Um dieses Produkt aus einem Nicht-EU-Land zu kaufen, kontaktieren Sie uns bitte direkt: info@attiliozanetti.com<\/span><\/p>\n<p>&nbsp;<\/p>\n<p>&nbsp;<\/p>","protected":false},"featured_media":13439,"comment_status":"closed","ping_status":"closed","template":"","meta":{"_monsterinsights_skip_tracking":false,"_monsterinsights_sitenote_active":false,"_monsterinsights_sitenote_note":"","_monsterinsights_sitenote_category":0},"product_brand":[],"product_cat":[90,91],"product_tag":[],"class_list":{"0":"post-13438","1":"product","2":"type-product","3":"status-publish","4":"has-post-thumbnail","6":"product_cat-anelli-2","7":"product_cat-collezione-puzzle","8":"nt-post-class","9":"","15":"first","16":"instock","17":"shipping-taxable","18":"purchasable","19":"product-type-variable"},"_links":{"self":[{"href":"https:\/\/attiliozanetti.com\/de\/wp-json\/wp\/v2\/product\/13438","targetHints":{"allow":["GET"]}}],"collection":[{"href":"https:\/\/attiliozanetti.com\/de\/wp-json\/wp\/v2\/product"}],"about":[{"href":"https:\/\/attiliozanetti.com\/de\/wp-json\/wp\/v2\/types\/product"}],"replies":[{"embeddable":true,"href":"https:\/\/attiliozanetti.com\/de\/wp-json\/wp\/v2\/comments?post=13438"}],"version-history":[{"count":7,"href":"https:\/\/attiliozanetti.com\/de\/wp-json\/wp\/v2\/product\/13438\/revisions"}],"predecessor-version":[{"id":17066,"href":"https:\/\/attiliozanetti.com\/de\/wp-json\/wp\/v2\/product\/13438\/revisions\/17066"}],"wp:featuredmedia":[{"embeddable":true,"href":"https:\/\/attiliozanetti.com\/de\/wp-json\/wp\/v2\/media\/13439"}],"wp:attachment":[{"href":"https:\/\/attiliozanetti.com\/de\/wp-json\/wp\/v2\/media?parent=13438"}],"wp:term":[{"taxonomy":"product_brand","embeddable":true,"href":"https:\/\/attiliozanetti.com\/de\/wp-json\/wp\/v2\/product_brand?post=13438"},{"taxonomy":"product_cat","embeddable":true,"href":"https:\/\/attiliozanetti.com\/de\/wp-json\/wp\/v2\/product_cat?post=13438"},{"taxonomy":"product_tag","embeddable":true,"href":"https:\/\/attiliozanetti.com\/de\/wp-json\/wp\/v2\/product_tag?post=13438"}],"curies":[{"name":"wp","href":"https:\/\/api.w.org\/{rel}","templated":true}]}}