{"id":13435,"date":"2025-05-26T15:54:13","date_gmt":"2025-05-26T13:54:13","guid":{"rendered":"https:\/\/attiliozanetti.com\/?post_type=product&#038;p=13435"},"modified":"2025-10-13T17:10:37","modified_gmt":"2025-10-13T15:10:37","slug":"collezione-puzzle-04","status":"publish","type":"product","link":"https:\/\/attiliozanetti.com\/de\/product\/collezione-puzzle-04\/","title":{"rendered":"PUZZLE RING 04"},"content":{"rendered":"<p>Mod. AN PZ 14<\/p>\n<p class=\"p2\"><span style=\"color: #000000;\">Ring aus 18 Karat Wei\u00dfgold mit polierter Oberfl\u00e4che, besetzt mit nat\u00fcrlichen Diamanten ct 0,09, die in einer Reihe von versetzten quadratischen Modulen gefasst sind. Das grafische und lineare Profil verleiht ihm ein modernes und raffiniertes Aussehen, das sowohl f\u00fcr sich allein als auch in Kombination mit anderen Ringen der Kollektion perfekt ist.<\/span><\/p>\n<p class=\"p1\">","protected":false},"excerpt":{"rendered":"<p><span style=\"color: #000000;\">Mod. AN PZ 14<\/span><\/p>\n<p data-start=\"213\" data-end=\"389\"><span style=\"color: #000000;\">PUZZLE ist eine modulare Ringkollektion, die zum Spielen, Mischen und freien Tragen einl\u00e4dt. Jedes Element ist einzigartig und findet sein eigenes Gleichgewicht, wenn es mit den anderen kombiniert wird.<\/span><\/p>\n<p data-start=\"391\" data-end=\"679\"><span style=\"color: #000000;\">Ring aus 18 Karat Wei\u00dfgold mit polierter Oberfl\u00e4che, besetzt mit nat\u00fcrlichen Diamanten ct 0,09, die in einer Reihe von versetzten quadratischen Modulen gefasst sind. Das grafische und lineare Profil verleiht ihm ein modernes und raffiniertes Aussehen, das sowohl f\u00fcr sich allein als auch in Kombination mit anderen Ringen der Kollektion perfekt ist.<\/span><\/p>\n<p data-start=\"681\" data-end=\"694\"><span style=\"color: #000000;\">Einzelheiten:<\/span><\/p>\n<ul data-start=\"695\" data-end=\"770\">\n<li data-start=\"695\" data-end=\"715\">\n<p data-start=\"697\" data-end=\"715\"><span style=\"color: #000000;\">18 kt Wei\u00dfgold<\/span><\/p>\n<\/li>\n<li data-start=\"716\" data-end=\"752\">\n<p data-start=\"718\" data-end=\"752\"><span style=\"color: #000000;\">Nat\u00fcrliche Diamanten ct 0,09<\/span><\/p>\n<\/li>\n<li data-start=\"753\" data-end=\"770\">\n<p data-start=\"755\" data-end=\"770\"><span style=\"color: #000000;\">Hergestellt in Italien<\/span><\/p>\n<\/li>\n<\/ul>\n<p><span style=\"color: #000000;\">Die Lieferzeiten k\u00f6nnen je nach Liefergebiet variieren und betragen maximal drei Wochen.<\/span><\/p>\n<p><a style=\"color: #bbb; text-decoration: underline;\" href=\"https:\/\/attiliozanetti.com\/wp-content\/uploads\/2025\/10\/dimensione-anelli-attilio-zanetti.pdf\" target=\"_blank\" rel=\"noopener\">GUIDA ALLE TAGLIE<\/a><\/p>\n<p><span style=\"color: #000000;\">Um dieses Produkt aus einem Nicht-EU-Land zu kaufen, kontaktieren Sie uns bitte direkt: info@attiliozanetti.com<\/span><\/p>\n<p>&nbsp;<\/p>\n<p>&nbsp;<\/p>","protected":false},"featured_media":13436,"comment_status":"closed","ping_status":"closed","template":"","meta":{"_monsterinsights_skip_tracking":false,"_monsterinsights_sitenote_active":false,"_monsterinsights_sitenote_note":"","_monsterinsights_sitenote_category":0},"product_brand":[],"product_cat":[90,91],"product_tag":[],"class_list":{"0":"post-13435","1":"product","2":"type-product","3":"status-publish","4":"has-post-thumbnail","6":"product_cat-anelli-2","7":"product_cat-collezione-puzzle","8":"nt-post-class","9":"","15":"first","16":"instock","17":"shipping-taxable","18":"purchasable","19":"product-type-variable"},"_links":{"self":[{"href":"https:\/\/attiliozanetti.com\/de\/wp-json\/wp\/v2\/product\/13435","targetHints":{"allow":["GET"]}}],"collection":[{"href":"https:\/\/attiliozanetti.com\/de\/wp-json\/wp\/v2\/product"}],"about":[{"href":"https:\/\/attiliozanetti.com\/de\/wp-json\/wp\/v2\/types\/product"}],"replies":[{"embeddable":true,"href":"https:\/\/attiliozanetti.com\/de\/wp-json\/wp\/v2\/comments?post=13435"}],"version-history":[{"count":7,"href":"https:\/\/attiliozanetti.com\/de\/wp-json\/wp\/v2\/product\/13435\/revisions"}],"predecessor-version":[{"id":17067,"href":"https:\/\/attiliozanetti.com\/de\/wp-json\/wp\/v2\/product\/13435\/revisions\/17067"}],"wp:featuredmedia":[{"embeddable":true,"href":"https:\/\/attiliozanetti.com\/de\/wp-json\/wp\/v2\/media\/13436"}],"wp:attachment":[{"href":"https:\/\/attiliozanetti.com\/de\/wp-json\/wp\/v2\/media?parent=13435"}],"wp:term":[{"taxonomy":"product_brand","embeddable":true,"href":"https:\/\/attiliozanetti.com\/de\/wp-json\/wp\/v2\/product_brand?post=13435"},{"taxonomy":"product_cat","embeddable":true,"href":"https:\/\/attiliozanetti.com\/de\/wp-json\/wp\/v2\/product_cat?post=13435"},{"taxonomy":"product_tag","embeddable":true,"href":"https:\/\/attiliozanetti.com\/de\/wp-json\/wp\/v2\/product_tag?post=13435"}],"curies":[{"name":"wp","href":"https:\/\/api.w.org\/{rel}","templated":true}]}}