{"id":12586,"date":"2025-01-17T14:31:04","date_gmt":"2025-01-17T13:31:04","guid":{"rendered":"https:\/\/attiliozanetti.com\/?post_type=product&#038;p=12586"},"modified":"2025-08-18T20:06:31","modified_gmt":"2025-08-18T18:06:31","slug":"necklace-titanium-stones","status":"publish","type":"product","link":"https:\/\/attiliozanetti.com\/de\/product\/necklace-titanium-stones\/","title":{"rendered":"TITAN-HALSKETTE 01"},"content":{"rendered":"<p>Mod. PEPSMGIRTTTI<\/p>\n<p class=\"p2\">Halskette aus Titan mit matter Oberfl\u00e4che, bestehend aus einer Reihe von steinf\u00f6rmigen Elementen, die an einer robusten Innenkette aus demselben Material wie die Linie Mano J entlanglaufen.<\/p>\n<p>&nbsp;<\/p>\n<p class=\"p1\">","protected":false},"excerpt":{"rendered":"<p>Mod. PEPSMGIRTTTI<\/p>\n<p data-start=\"194\" data-end=\"469\">Halskette aus Titan mit mattem Finish, bestehend aus einer Reihe von steinf\u00f6rmigen Elementen, die an einer robusten Innenkette aus demselben Material wie die Linie Mano J entlanglaufen. Der Verschluss ist aus 9 kt Ros\u00e9gold mit Karabinerverschluss und wird durch einen kleinen Anh\u00e4nger in Form eines Horns bereichert.<\/p>\n<p data-start=\"471\" data-end=\"686\">Ein originelles Schmuckst\u00fcck, das eine ausgepr\u00e4gte Pers\u00f6nlichkeit verk\u00f6rpert und sich gleichzeitig an jeden Anlass anpasst. Das Design ist essentiell, aber unverwechselbar und f\u00fcr alle gedacht, die ein raffiniertes und modernes Accessoire suchen.<\/p>\n<p data-start=\"688\" data-end=\"701\">Einzelheiten:<\/p>\n<ul data-start=\"702\" data-end=\"859\">\n<li data-start=\"702\" data-end=\"722\">\n<p data-start=\"704\" data-end=\"722\">Satiniertes Titan<\/p>\n<\/li>\n<li data-start=\"723\" data-end=\"752\">\n<p data-start=\"725\" data-end=\"752\">Innere Kette aus Titan<\/p>\n<\/li>\n<li data-start=\"753\" data-end=\"796\">\n<p data-start=\"755\" data-end=\"796\">Karabinerverschluss aus 9 kt Ros\u00e9gold<\/p>\n<\/li>\n<li data-start=\"797\" data-end=\"818\">\n<p data-start=\"799\" data-end=\"818\">H\u00e4ngendes Kornett<\/p>\n<\/li>\n<li data-start=\"819\" data-end=\"843\">\n<p data-start=\"821\" data-end=\"843\">Einstellbare L\u00e4nge<\/p>\n<\/li>\n<li data-start=\"844\" data-end=\"859\">\n<p data-start=\"846\" data-end=\"859\">Hergestellt in Italien<\/p>\n<\/li>\n<\/ul>\n<p class=\"cvGsUA direction-ltr align-justify para-style-body\"><span class=\"OYPEnA font-feature-liga-off font-feature-clig-off font-feature-calt-off text-decoration-none text-strikethrough-none\">Die Lieferzeiten k\u00f6nnen je nach Liefergebiet variieren und betragen maximal drei Wochen.<\/p>\n<p>Um dieses Produkt aus einem Nicht-EU-Land zu kaufen, kontaktieren Sie uns bitte direkt: info@attiliozanetti.com<\/span><\/p>\n<p>&nbsp;<\/p>\n<p>&nbsp;<\/p>","protected":false},"featured_media":12587,"comment_status":"closed","ping_status":"closed","template":"","meta":{"_monsterinsights_skip_tracking":false,"_monsterinsights_sitenote_active":false,"_monsterinsights_sitenote_note":"","_monsterinsights_sitenote_category":0},"product_brand":[],"product_cat":[87,93,82],"product_tag":[],"class_list":{"0":"post-12586","1":"product","2":"type-product","3":"status-publish","4":"has-post-thumbnail","6":"product_cat-collane-gioielli-in-titanio","7":"product_cat-collane-all","8":"product_cat-gioielli-in-titanio","9":"nt-post-class","10":"","16":"first","17":"instock","18":"shipping-taxable","19":"purchasable","20":"product-type-simple"},"_links":{"self":[{"href":"https:\/\/attiliozanetti.com\/de\/wp-json\/wp\/v2\/product\/12586","targetHints":{"allow":["GET"]}}],"collection":[{"href":"https:\/\/attiliozanetti.com\/de\/wp-json\/wp\/v2\/product"}],"about":[{"href":"https:\/\/attiliozanetti.com\/de\/wp-json\/wp\/v2\/types\/product"}],"replies":[{"embeddable":true,"href":"https:\/\/attiliozanetti.com\/de\/wp-json\/wp\/v2\/comments?post=12586"}],"version-history":[{"count":7,"href":"https:\/\/attiliozanetti.com\/de\/wp-json\/wp\/v2\/product\/12586\/revisions"}],"predecessor-version":[{"id":15115,"href":"https:\/\/attiliozanetti.com\/de\/wp-json\/wp\/v2\/product\/12586\/revisions\/15115"}],"wp:featuredmedia":[{"embeddable":true,"href":"https:\/\/attiliozanetti.com\/de\/wp-json\/wp\/v2\/media\/12587"}],"wp:attachment":[{"href":"https:\/\/attiliozanetti.com\/de\/wp-json\/wp\/v2\/media?parent=12586"}],"wp:term":[{"taxonomy":"product_brand","embeddable":true,"href":"https:\/\/attiliozanetti.com\/de\/wp-json\/wp\/v2\/product_brand?post=12586"},{"taxonomy":"product_cat","embeddable":true,"href":"https:\/\/attiliozanetti.com\/de\/wp-json\/wp\/v2\/product_cat?post=12586"},{"taxonomy":"product_tag","embeddable":true,"href":"https:\/\/attiliozanetti.com\/de\/wp-json\/wp\/v2\/product_tag?post=12586"}],"curies":[{"name":"wp","href":"https:\/\/api.w.org\/{rel}","templated":true}]}}