{"id":12583,"date":"2025-01-17T14:27:25","date_gmt":"2025-01-17T13:27:25","guid":{"rendered":"https:\/\/attiliozanetti.com\/?post_type=product&#038;p=12583"},"modified":"2025-08-18T20:07:29","modified_gmt":"2025-08-18T18:07:29","slug":"necklace-titanium-turchese","status":"publish","type":"product","link":"https:\/\/attiliozanetti.com\/de\/product\/necklace-titanium-turchese\/","title":{"rendered":"TITAN-HALSKETTE 02"},"content":{"rendered":"<p>Mod. MINGIRTTURCUP<\/p>\n<p data-start=\"162\" data-end=\"513\">Halskette, bestehend aus einer Abfolge von Titanw\u00fcrfeln, die mit t\u00fcrkisfarbenen Kugeln durchsetzt sind. Das Herzst\u00fcck der Struktur ist eine d\u00fcnne Titankette, die sich durch die gesamte Komposition zieht und die Flexibilit\u00e4t und Widerstandsf\u00e4higkeit der Linie Mano J garantiert.<\/p>\n<p class=\"p1\">","protected":false},"excerpt":{"rendered":"<p>Mod. MINGIRTTURCUP<\/p>\n<p data-start=\"162\" data-end=\"513\">Halskette, bestehend aus einer Abfolge von Titanw\u00fcrfeln, die mit T\u00fcrkiskugeln durchsetzt sind. Das Herzst\u00fcck der Struktur ist eine d\u00fcnne Titankette, die sich durch die gesamte Komposition zieht und die Flexibilit\u00e4t und Widerstandsf\u00e4higkeit der Linie Mano J garantiert. Der Verschluss ist ein Hakenverschluss aus 9-kar\u00e4tigem Ros\u00e9gold, der durch einen Anh\u00e4nger aus Titan erg\u00e4nzt wird, der ein unverwechselbares und kostbares Detail darstellt.<\/p>\n<p data-start=\"515\" data-end=\"726\">Einer der letzten W\u00fcrfel ist mit einem schwarzen 1-Punkt-Diamanten besetzt. Ein raffiniertes Schmuckst\u00fcck, praktisch zu tragen, das modernes Design und edle Materialien vereint.<\/p>\n<p data-start=\"728\" data-end=\"741\">Einzelheiten:<\/p>\n<ul data-start=\"742\" data-end=\"937\">\n<li data-start=\"742\" data-end=\"759\">\n<p data-start=\"744\" data-end=\"759\">Mattes Titan<\/p>\n<\/li>\n<li data-start=\"760\" data-end=\"781\">\n<p data-start=\"762\" data-end=\"781\">T\u00fcrkisfarbene Kugeln<\/p>\n<\/li>\n<li data-start=\"782\" data-end=\"811\">\n<p data-start=\"784\" data-end=\"811\">Innere Kette aus Titan<\/p>\n<\/li>\n<li data-start=\"812\" data-end=\"850\">\n<p data-start=\"814\" data-end=\"850\">Hakenverschluss aus 9 kt Ros\u00e9gold<\/p>\n<\/li>\n<li data-start=\"851\" data-end=\"880\">\n<p data-start=\"853\" data-end=\"880\">Anh\u00e4nger aus Titan<\/p>\n<\/li>\n<li data-start=\"881\" data-end=\"921\">\n<p data-start=\"883\" data-end=\"921\">Schwarzer Diamant (1 Punkt) gesetzt<\/p>\n<\/li>\n<li data-start=\"922\" data-end=\"937\">\n<p data-start=\"924\" data-end=\"937\">Hergestellt in Italien<\/p>\n<\/li>\n<\/ul>\n<p class=\"cvGsUA direction-ltr align-justify para-style-body\"><span class=\"OYPEnA font-feature-liga-off font-feature-clig-off font-feature-calt-off text-decoration-none text-strikethrough-none\">Die Lieferzeiten k\u00f6nnen je nach Liefergebiet variieren und betragen maximal drei Wochen.<\/p>\n<p>Um dieses Produkt aus einem Nicht-EU-Land zu kaufen, kontaktieren Sie uns bitte direkt: info@attiliozanetti.com<\/span><\/p>\n<p>&nbsp;<\/p>\n<p>&nbsp;<\/p>","protected":false},"featured_media":12584,"comment_status":"closed","ping_status":"closed","template":"","meta":{"_monsterinsights_skip_tracking":false,"_monsterinsights_sitenote_active":false,"_monsterinsights_sitenote_note":"","_monsterinsights_sitenote_category":0},"product_brand":[],"product_cat":[87,93,82],"product_tag":[],"class_list":{"0":"post-12583","1":"product","2":"type-product","3":"status-publish","4":"has-post-thumbnail","6":"product_cat-collane-gioielli-in-titanio","7":"product_cat-collane-all","8":"product_cat-gioielli-in-titanio","9":"nt-post-class","10":"","16":"first","17":"instock","18":"shipping-taxable","19":"purchasable","20":"product-type-simple"},"_links":{"self":[{"href":"https:\/\/attiliozanetti.com\/de\/wp-json\/wp\/v2\/product\/12583","targetHints":{"allow":["GET"]}}],"collection":[{"href":"https:\/\/attiliozanetti.com\/de\/wp-json\/wp\/v2\/product"}],"about":[{"href":"https:\/\/attiliozanetti.com\/de\/wp-json\/wp\/v2\/types\/product"}],"replies":[{"embeddable":true,"href":"https:\/\/attiliozanetti.com\/de\/wp-json\/wp\/v2\/comments?post=12583"}],"version-history":[{"count":7,"href":"https:\/\/attiliozanetti.com\/de\/wp-json\/wp\/v2\/product\/12583\/revisions"}],"predecessor-version":[{"id":15116,"href":"https:\/\/attiliozanetti.com\/de\/wp-json\/wp\/v2\/product\/12583\/revisions\/15116"}],"wp:featuredmedia":[{"embeddable":true,"href":"https:\/\/attiliozanetti.com\/de\/wp-json\/wp\/v2\/media\/12584"}],"wp:attachment":[{"href":"https:\/\/attiliozanetti.com\/de\/wp-json\/wp\/v2\/media?parent=12583"}],"wp:term":[{"taxonomy":"product_brand","embeddable":true,"href":"https:\/\/attiliozanetti.com\/de\/wp-json\/wp\/v2\/product_brand?post=12583"},{"taxonomy":"product_cat","embeddable":true,"href":"https:\/\/attiliozanetti.com\/de\/wp-json\/wp\/v2\/product_cat?post=12583"},{"taxonomy":"product_tag","embeddable":true,"href":"https:\/\/attiliozanetti.com\/de\/wp-json\/wp\/v2\/product_tag?post=12583"}],"curies":[{"name":"wp","href":"https:\/\/api.w.org\/{rel}","templated":true}]}}