{"id":12566,"date":"2025-01-17T12:41:20","date_gmt":"2025-01-17T11:41:20","guid":{"rendered":"https:\/\/attiliozanetti.com\/?post_type=product&#038;p=12566"},"modified":"2025-08-19T15:34:12","modified_gmt":"2025-08-19T13:34:12","slug":"bracelet-titanium-03","status":"publish","type":"product","link":"https:\/\/attiliozanetti.com\/de\/product\/bracelet-titanium-03\/","title":{"rendered":"TITAN-ARMBAND 03"},"content":{"rendered":"<p>Mod. SPRBRWOBMTBR_15<\/p>\n<p class=\"p2\"><span style=\"color: #000000;\">Elastisches Armband aus Titan mit doppelter Federstruktur, verziert mit einem zentralen Modul aus 9 kt Wei\u00dfgold mit wei\u00dfen Naturdiamanten der Linie Mano J. <\/span><\/p>\n<p>&nbsp;<\/p>\n<p class=\"p1\">","protected":false},"excerpt":{"rendered":"<p><span style=\"color: #000000;\">Mod. SPRBRWOBMTBR_15<\/span><\/p>\n<p data-start=\"78\" data-end=\"363\"><span style=\"color: #000000;\">Elastisches Armband aus Titan mit doppelter Federstruktur, verziert mit einem zentralen Modul aus 9-kar\u00e4tigem Wei\u00dfgold mit wei\u00dfen Naturdiamanten aus der Linie Mano J. Ein modernes und essentielles Design, das Komfort und Raffinesse vereint, ideal f\u00fcr alle, die ein modernes und vielseitiges Schmuckst\u00fcck suchen.<\/span><\/p>\n<p data-start=\"365\" data-end=\"376\"><span style=\"color: #000000;\">Einzelheiten:<\/span><\/p>\n<ul data-start=\"377\" data-end=\"438\">\n<li data-start=\"377\" data-end=\"388\">\n<p data-start=\"379\" data-end=\"388\"><span style=\"color: #000000;\">Titan<\/span><\/p>\n<\/li>\n<li data-start=\"389\" data-end=\"408\">\n<p data-start=\"391\" data-end=\"408\"><span style=\"color: #000000;\">9 kt Wei\u00dfgold<\/span><\/p>\n<\/li>\n<li data-start=\"409\" data-end=\"438\">\n<p data-start=\"411\" data-end=\"438\"><span style=\"color: #000000;\">Nat\u00fcrliche wei\u00dfe Diamanten<\/span><\/p>\n<\/li>\n<\/ul>\n<p data-start=\"440\" data-end=\"543\"><span style=\"color: #000000;\">Die Lieferzeiten k\u00f6nnen je nach Liefergebiet variieren und betragen maximal drei Wochen.<\/span><\/p>\n<p data-start=\"545\" data-end=\"649\"><span style=\"color: #000000;\">Wenn Sie dieses Produkt aus einem Nicht-EU-Land kaufen m\u00f6chten, wenden Sie sich bitte direkt an uns: <a class=\"cursor-pointer\" style=\"color: #000000;\" rel=\"noopener\" data-start=\"624\" data-end=\"647\">info@attiliozanetti.com<\/a><\/span><\/p>","protected":false},"featured_media":12568,"comment_status":"closed","ping_status":"closed","template":"","meta":{"_monsterinsights_skip_tracking":false,"_monsterinsights_sitenote_active":false,"_monsterinsights_sitenote_note":"","_monsterinsights_sitenote_category":0},"product_brand":[],"product_cat":[81,86,82],"product_tag":[],"class_list":{"0":"post-12566","1":"product","2":"type-product","3":"status-publish","4":"has-post-thumbnail","6":"product_cat-bracciali","7":"product_cat-bracciali-gioielli-in-titanio","8":"product_cat-gioielli-in-titanio","9":"nt-post-class","10":"","16":"first","17":"instock","18":"shipping-taxable","19":"purchasable","20":"product-type-simple"},"_links":{"self":[{"href":"https:\/\/attiliozanetti.com\/de\/wp-json\/wp\/v2\/product\/12566","targetHints":{"allow":["GET"]}}],"collection":[{"href":"https:\/\/attiliozanetti.com\/de\/wp-json\/wp\/v2\/product"}],"about":[{"href":"https:\/\/attiliozanetti.com\/de\/wp-json\/wp\/v2\/types\/product"}],"replies":[{"embeddable":true,"href":"https:\/\/attiliozanetti.com\/de\/wp-json\/wp\/v2\/comments?post=12566"}],"version-history":[{"count":3,"href":"https:\/\/attiliozanetti.com\/de\/wp-json\/wp\/v2\/product\/12566\/revisions"}],"predecessor-version":[{"id":15509,"href":"https:\/\/attiliozanetti.com\/de\/wp-json\/wp\/v2\/product\/12566\/revisions\/15509"}],"wp:featuredmedia":[{"embeddable":true,"href":"https:\/\/attiliozanetti.com\/de\/wp-json\/wp\/v2\/media\/12568"}],"wp:attachment":[{"href":"https:\/\/attiliozanetti.com\/de\/wp-json\/wp\/v2\/media?parent=12566"}],"wp:term":[{"taxonomy":"product_brand","embeddable":true,"href":"https:\/\/attiliozanetti.com\/de\/wp-json\/wp\/v2\/product_brand?post=12566"},{"taxonomy":"product_cat","embeddable":true,"href":"https:\/\/attiliozanetti.com\/de\/wp-json\/wp\/v2\/product_cat?post=12566"},{"taxonomy":"product_tag","embeddable":true,"href":"https:\/\/attiliozanetti.com\/de\/wp-json\/wp\/v2\/product_tag?post=12566"}],"curies":[{"name":"wp","href":"https:\/\/api.w.org\/{rel}","templated":true}]}}