{"id":12549,"date":"2025-01-17T12:29:31","date_gmt":"2025-01-17T11:29:31","guid":{"rendered":"https:\/\/attiliozanetti.com\/?post_type=product&#038;p=12549"},"modified":"2025-08-19T15:36:07","modified_gmt":"2025-08-19T13:36:07","slug":"bracelet-titanium-09","status":"publish","type":"product","link":"https:\/\/attiliozanetti.com\/de\/product\/bracelet-titanium-09\/","title":{"rendered":"TITAN-ARMBAND 09"},"content":{"rendered":"<p>Mod. SPRBRT27WBR_15<\/p>\n<p class=\"p2\"><span style=\"color: #000000;\">Federarmband aus Titan mit 27 wei\u00dfen Naturdiamanten von je 1 Punkt, aus der Linie Mano J.<\/span><\/p>\n<p>&nbsp;<\/p>\n<p class=\"p1\">","protected":false},"excerpt":{"rendered":"<p><span style=\"color: #000000;\">Mod. SPRBRT27WBR_15<\/span><\/p>\n<p data-start=\"91\" data-end=\"361\"><span style=\"color: #000000;\">Federarmband aus Titan mit 27 wei\u00dfen Naturdiamanten von je 1 Punkt, aus der Linie Mano J.<\/span><br data-start=\"193\" data-end=\"196\" \/><span style=\"color: #000000;\">Ein geradliniges und elegantes Design, das die Solidit\u00e4t von Titan mit dem Glanz von Diamanten verbindet. Ein raffiniertes und modernes Schmuckst\u00fcck, das sich f\u00fcr jeden Anlass eignet.<\/span><\/p>\n<p data-start=\"363\" data-end=\"374\"><span style=\"color: #000000;\">Einzelheiten:<\/span><\/p>\n<ul data-start=\"375\" data-end=\"438\">\n<li data-start=\"375\" data-end=\"386\">\n<p data-start=\"377\" data-end=\"386\"><span style=\"color: #000000;\">Titan<\/span><\/p>\n<\/li>\n<li data-start=\"387\" data-end=\"438\">\n<p data-start=\"389\" data-end=\"438\"><span style=\"color: #000000;\">27 wei\u00dfe Naturdiamanten (je 1 Punkt)<\/span><\/p>\n<\/li>\n<\/ul>\n<p data-start=\"440\" data-end=\"543\"><span style=\"color: #000000;\">Die Lieferzeiten k\u00f6nnen je nach Liefergebiet variieren und betragen maximal drei Wochen.<\/span><\/p>\n<p data-start=\"545\" data-end=\"649\"><span style=\"color: #000000;\">Wenn Sie dieses Produkt aus einem Nicht-EU-Land kaufen m\u00f6chten, wenden Sie sich bitte direkt an uns: <a class=\"cursor-pointer\" style=\"color: #000000;\" rel=\"noopener\" data-start=\"624\" data-end=\"647\">info@attiliozanetti.com<\/a><\/span><\/p>","protected":false},"featured_media":12551,"comment_status":"closed","ping_status":"closed","template":"","meta":{"_monsterinsights_skip_tracking":false,"_monsterinsights_sitenote_active":false,"_monsterinsights_sitenote_note":"","_monsterinsights_sitenote_category":0},"product_brand":[],"product_cat":[81,86,82],"product_tag":[],"class_list":{"0":"post-12549","1":"product","2":"type-product","3":"status-publish","4":"has-post-thumbnail","6":"product_cat-bracciali","7":"product_cat-bracciali-gioielli-in-titanio","8":"product_cat-gioielli-in-titanio","9":"nt-post-class","10":"","16":"first","17":"instock","18":"shipping-taxable","19":"purchasable","20":"product-type-simple"},"_links":{"self":[{"href":"https:\/\/attiliozanetti.com\/de\/wp-json\/wp\/v2\/product\/12549","targetHints":{"allow":["GET"]}}],"collection":[{"href":"https:\/\/attiliozanetti.com\/de\/wp-json\/wp\/v2\/product"}],"about":[{"href":"https:\/\/attiliozanetti.com\/de\/wp-json\/wp\/v2\/types\/product"}],"replies":[{"embeddable":true,"href":"https:\/\/attiliozanetti.com\/de\/wp-json\/wp\/v2\/comments?post=12549"}],"version-history":[{"count":3,"href":"https:\/\/attiliozanetti.com\/de\/wp-json\/wp\/v2\/product\/12549\/revisions"}],"predecessor-version":[{"id":15518,"href":"https:\/\/attiliozanetti.com\/de\/wp-json\/wp\/v2\/product\/12549\/revisions\/15518"}],"wp:featuredmedia":[{"embeddable":true,"href":"https:\/\/attiliozanetti.com\/de\/wp-json\/wp\/v2\/media\/12551"}],"wp:attachment":[{"href":"https:\/\/attiliozanetti.com\/de\/wp-json\/wp\/v2\/media?parent=12549"}],"wp:term":[{"taxonomy":"product_brand","embeddable":true,"href":"https:\/\/attiliozanetti.com\/de\/wp-json\/wp\/v2\/product_brand?post=12549"},{"taxonomy":"product_cat","embeddable":true,"href":"https:\/\/attiliozanetti.com\/de\/wp-json\/wp\/v2\/product_cat?post=12549"},{"taxonomy":"product_tag","embeddable":true,"href":"https:\/\/attiliozanetti.com\/de\/wp-json\/wp\/v2\/product_tag?post=12549"}],"curies":[{"name":"wp","href":"https:\/\/api.w.org\/{rel}","templated":true}]}}