{"id":12541,"date":"2025-01-17T12:23:27","date_gmt":"2025-01-17T11:23:27","guid":{"rendered":"https:\/\/attiliozanetti.com\/?post_type=product&#038;p=12541"},"modified":"2025-08-19T15:37:08","modified_gmt":"2025-08-19T13:37:08","slug":"brecelet-titanium-11","status":"publish","type":"product","link":"https:\/\/attiliozanetti.com\/de\/product\/brecelet-titanium-11\/","title":{"rendered":"TITAN-ARMBAND 11"},"content":{"rendered":"<p>Mod. SPRBRBOMT5ORBBR_15<\/p>\n<p class=\"p2\"><span style=\"color: #000000;\">Elastisches Armband aus Titan mit doppelter Federstruktur, angereichert mit 5 mittleren Modulen aus 9 kt Rotgold mit schwarzen Naturdiamanten, aus der Linie Mano J.<\/span><\/p>\n<p>&nbsp;<\/p>\n<p class=\"p1\">","protected":false},"excerpt":{"rendered":"<p><span style=\"color: #000000;\">Mod. SPRBRBOMT5ORBBR_15<\/span><\/p>\n<p data-start=\"85\" data-end=\"426\"><span style=\"color: #000000;\">Elastisches Armband aus Titan mit doppelter Federstruktur, angereichert mit 5 mittleren Modulen aus 9 kt Rotgold mit schwarzen Naturdiamanten, aus der Linie Mano J.<\/span><br data-start=\"247\" data-end=\"250\" \/><span style=\"color: #000000;\">Ein modernes und raffiniertes Design, das die Eleganz von Rotgold mit der St\u00e4rke von Titan und der Intensit\u00e4t schwarzer Diamanten zu einem exklusiven Schmuckst\u00fcck mit starkem Charakter verbindet.<\/span><\/p>\n<p data-start=\"428\" data-end=\"439\"><span style=\"color: #000000;\">Einzelheiten:<\/span><\/p>\n<ul data-start=\"440\" data-end=\"497\">\n<li data-start=\"440\" data-end=\"451\">\n<p data-start=\"442\" data-end=\"451\"><span style=\"color: #000000;\">Titan<\/span><\/p>\n<\/li>\n<li data-start=\"452\" data-end=\"470\">\n<p data-start=\"454\" data-end=\"470\"><span style=\"color: #000000;\">9 kt Rotgold<\/span><\/p>\n<\/li>\n<li data-start=\"471\" data-end=\"497\">\n<p data-start=\"473\" data-end=\"497\"><span style=\"color: #000000;\">Nat\u00fcrliche schwarze Diamanten<\/span><\/p>\n<\/li>\n<\/ul>\n<p data-start=\"499\" data-end=\"602\"><span style=\"color: #000000;\">Die Lieferzeiten k\u00f6nnen je nach Liefergebiet variieren und betragen maximal drei Wochen.<\/span><\/p>\n<p data-start=\"604\" data-end=\"708\"><span style=\"color: #000000;\">Wenn Sie dieses Produkt aus einem Nicht-EU-Land kaufen m\u00f6chten, wenden Sie sich bitte direkt an uns: <a class=\"cursor-pointer\" style=\"color: #000000;\" rel=\"noopener\" data-start=\"683\" data-end=\"706\">info@attiliozanetti.com<\/a><\/span><\/p>","protected":false},"featured_media":12543,"comment_status":"closed","ping_status":"closed","template":"","meta":{"_monsterinsights_skip_tracking":false,"_monsterinsights_sitenote_active":false,"_monsterinsights_sitenote_note":"","_monsterinsights_sitenote_category":0},"product_brand":[],"product_cat":[81,86,82],"product_tag":[],"class_list":{"0":"post-12541","1":"product","2":"type-product","3":"status-publish","4":"has-post-thumbnail","6":"product_cat-bracciali","7":"product_cat-bracciali-gioielli-in-titanio","8":"product_cat-gioielli-in-titanio","9":"nt-post-class","10":"","16":"first","17":"instock","18":"shipping-taxable","19":"purchasable","20":"product-type-simple"},"_links":{"self":[{"href":"https:\/\/attiliozanetti.com\/de\/wp-json\/wp\/v2\/product\/12541","targetHints":{"allow":["GET"]}}],"collection":[{"href":"https:\/\/attiliozanetti.com\/de\/wp-json\/wp\/v2\/product"}],"about":[{"href":"https:\/\/attiliozanetti.com\/de\/wp-json\/wp\/v2\/types\/product"}],"replies":[{"embeddable":true,"href":"https:\/\/attiliozanetti.com\/de\/wp-json\/wp\/v2\/comments?post=12541"}],"version-history":[{"count":3,"href":"https:\/\/attiliozanetti.com\/de\/wp-json\/wp\/v2\/product\/12541\/revisions"}],"predecessor-version":[{"id":15523,"href":"https:\/\/attiliozanetti.com\/de\/wp-json\/wp\/v2\/product\/12541\/revisions\/15523"}],"wp:featuredmedia":[{"embeddable":true,"href":"https:\/\/attiliozanetti.com\/de\/wp-json\/wp\/v2\/media\/12543"}],"wp:attachment":[{"href":"https:\/\/attiliozanetti.com\/de\/wp-json\/wp\/v2\/media?parent=12541"}],"wp:term":[{"taxonomy":"product_brand","embeddable":true,"href":"https:\/\/attiliozanetti.com\/de\/wp-json\/wp\/v2\/product_brand?post=12541"},{"taxonomy":"product_cat","embeddable":true,"href":"https:\/\/attiliozanetti.com\/de\/wp-json\/wp\/v2\/product_cat?post=12541"},{"taxonomy":"product_tag","embeddable":true,"href":"https:\/\/attiliozanetti.com\/de\/wp-json\/wp\/v2\/product_tag?post=12541"}],"curies":[{"name":"wp","href":"https:\/\/api.w.org\/{rel}","templated":true}]}}