{"id":12526,"date":"2025-01-17T11:42:58","date_gmt":"2025-01-17T10:42:58","guid":{"rendered":"https:\/\/attiliozanetti.com\/?post_type=product&#038;p=12526"},"modified":"2025-08-19T15:41:47","modified_gmt":"2025-08-19T13:41:47","slug":"bracelet-titanium-15","status":"publish","type":"product","link":"https:\/\/attiliozanetti.com\/de\/product\/bracelet-titanium-15\/","title":{"rendered":"TITAN-ARMBAND 15"},"content":{"rendered":"<p>Mod. MINBRTCILP<\/p>\n<p class=\"p2\"><span style=\"color: #000000;\">Zylinderarmband aus Titan mit Details aus 9-kar\u00e4tigem Rotgold und rotem Anh\u00e4nger, aus der Linie Mano J.<\/span><\/p>\n<p>&nbsp;<\/p>\n<p class=\"p1\">","protected":false},"excerpt":{"rendered":"<p><span style=\"color: #000000;\">Mod. MINBRTCILP<\/span><\/p>\n<p data-start=\"101\" data-end=\"473\"><span style=\"color: #000000;\">Zylinderarmband aus Titan mit Details aus 9-kar\u00e4tigem Rotgold und rotem Anh\u00e4nger, aus der Linie Mano J.<\/span><br data-start=\"207\" data-end=\"210\" \/><span style=\"color: #000000;\">Ein essentielles und zeitgem\u00e4\u00dfes Design, das die Leichtigkeit des Titans mit der W\u00e4rme des Rotgolds verbindet und durch einen Gl\u00fccksbringer mit einzigartigem Charakter bereichert wird. Ein modernes und unverwechselbares Schmuckst\u00fcck, perfekt f\u00fcr alle, die einen raffinierten Stil mit einem symbolischen Touch suchen.<\/span><\/p>\n<p data-start=\"475\" data-end=\"486\"><span style=\"color: #000000;\">Einzelheiten:<\/span><\/p>\n<ul data-start=\"487\" data-end=\"542\">\n<li data-start=\"487\" data-end=\"498\">\n<p data-start=\"489\" data-end=\"498\"><span style=\"color: #000000;\">Titan<\/span><\/p>\n<\/li>\n<li data-start=\"499\" data-end=\"517\">\n<p data-start=\"501\" data-end=\"517\"><span style=\"color: #000000;\">9 kt Rotgold<\/span><\/p>\n<\/li>\n<li data-start=\"518\" data-end=\"542\">\n<p data-start=\"520\" data-end=\"542\"><span style=\"color: #000000;\">Roter Charm-Anh\u00e4nger<\/span><\/p>\n<\/li>\n<\/ul>\n<p data-start=\"544\" data-end=\"647\"><span style=\"color: #000000;\">Die Lieferzeiten k\u00f6nnen je nach Liefergebiet variieren und betragen maximal drei Wochen.<\/span><\/p>\n<p data-start=\"649\" data-end=\"753\"><span style=\"color: #000000;\">Wenn Sie dieses Produkt aus einem Nicht-EU-Land kaufen m\u00f6chten, wenden Sie sich bitte direkt an uns: <a class=\"cursor-pointer\" style=\"color: #000000;\" rel=\"noopener\" data-start=\"728\" data-end=\"751\">info@attiliozanetti.com<\/a><\/span><\/p>\n<p>&nbsp;<\/p>","protected":false},"featured_media":12527,"comment_status":"closed","ping_status":"closed","template":"","meta":{"_monsterinsights_skip_tracking":false,"_monsterinsights_sitenote_active":false,"_monsterinsights_sitenote_note":"","_monsterinsights_sitenote_category":0},"product_brand":[],"product_cat":[81,86,82],"product_tag":[],"class_list":{"0":"post-12526","1":"product","2":"type-product","3":"status-publish","4":"has-post-thumbnail","6":"product_cat-bracciali","7":"product_cat-bracciali-gioielli-in-titanio","8":"product_cat-gioielli-in-titanio","9":"nt-post-class","10":"","16":"first","17":"instock","18":"shipping-taxable","19":"purchasable","20":"product-type-simple"},"_links":{"self":[{"href":"https:\/\/attiliozanetti.com\/de\/wp-json\/wp\/v2\/product\/12526","targetHints":{"allow":["GET"]}}],"collection":[{"href":"https:\/\/attiliozanetti.com\/de\/wp-json\/wp\/v2\/product"}],"about":[{"href":"https:\/\/attiliozanetti.com\/de\/wp-json\/wp\/v2\/types\/product"}],"replies":[{"embeddable":true,"href":"https:\/\/attiliozanetti.com\/de\/wp-json\/wp\/v2\/comments?post=12526"}],"version-history":[{"count":3,"href":"https:\/\/attiliozanetti.com\/de\/wp-json\/wp\/v2\/product\/12526\/revisions"}],"predecessor-version":[{"id":15531,"href":"https:\/\/attiliozanetti.com\/de\/wp-json\/wp\/v2\/product\/12526\/revisions\/15531"}],"wp:featuredmedia":[{"embeddable":true,"href":"https:\/\/attiliozanetti.com\/de\/wp-json\/wp\/v2\/media\/12527"}],"wp:attachment":[{"href":"https:\/\/attiliozanetti.com\/de\/wp-json\/wp\/v2\/media?parent=12526"}],"wp:term":[{"taxonomy":"product_brand","embeddable":true,"href":"https:\/\/attiliozanetti.com\/de\/wp-json\/wp\/v2\/product_brand?post=12526"},{"taxonomy":"product_cat","embeddable":true,"href":"https:\/\/attiliozanetti.com\/de\/wp-json\/wp\/v2\/product_cat?post=12526"},{"taxonomy":"product_tag","embeddable":true,"href":"https:\/\/attiliozanetti.com\/de\/wp-json\/wp\/v2\/product_tag?post=12526"}],"curies":[{"name":"wp","href":"https:\/\/api.w.org\/{rel}","templated":true}]}}