{"id":12523,"date":"2025-01-17T11:40:29","date_gmt":"2025-01-17T10:40:29","guid":{"rendered":"https:\/\/attiliozanetti.com\/?post_type=product&#038;p=12523"},"modified":"2025-08-19T15:43:20","modified_gmt":"2025-08-19T13:43:20","slug":"bracelet-titanium-16","status":"publish","type":"product","link":"https:\/\/attiliozanetti.com\/de\/product\/bracelet-titanium-16\/","title":{"rendered":"TITAN-ARMBAND 16"},"content":{"rendered":"<p>Mod. MINBRT10TURCUP<\/p>\n<p class=\"p2\"><span style=\"color: #000000;\">Titanarmband mit T\u00fcrkiseins\u00e4tzen und Details aus 9 kt Ros\u00e9gold, aus der Linie Mano J.<\/span><\/p>\n<p>&nbsp;<\/p>\n<p class=\"p1\">","protected":false},"excerpt":{"rendered":"<p data-start=\"91\" data-end=\"401\"><span style=\"color: #000000;\">Mod. MINBRT10TURCUP<\/span><\/p>\n<p><span style=\"color: #000000;\">Titanarmband mit T\u00fcrkiseins\u00e4tzen und Details aus 9 kt Ros\u00e9gold, aus der Linie Mano J.<\/span><br data-start=\"184\" data-end=\"187\" \/><span style=\"color: #000000;\">Ein frisches und zeitgem\u00e4\u00dfes Design, das die Solidit\u00e4t von Titan mit der Lebendigkeit von T\u00fcrkis und der W\u00e4rme von Ros\u00e9gold kombiniert und so ein vielseitiges und elegantes Schmuckst\u00fcck schafft, das perfekt zu einem modernen und unverwechselbaren Stil passt.<\/span><\/p>\n<p data-start=\"403\" data-end=\"414\"><span style=\"color: #000000;\">Einzelheiten:<\/span><\/p>\n<ul data-start=\"415\" data-end=\"457\">\n<li data-start=\"415\" data-end=\"426\">\n<p data-start=\"417\" data-end=\"426\"><span style=\"color: #000000;\">Titan<\/span><\/p>\n<\/li>\n<li data-start=\"427\" data-end=\"439\">\n<p data-start=\"429\" data-end=\"439\"><span style=\"color: #000000;\">T\u00fcrkis<\/span><\/p>\n<\/li>\n<li data-start=\"440\" data-end=\"457\">\n<p data-start=\"442\" data-end=\"457\"><span style=\"color: #000000;\">9 kt Rotgold<\/span><\/p>\n<\/li>\n<\/ul>\n<p data-start=\"459\" data-end=\"562\"><span style=\"color: #000000;\">Die Lieferzeiten k\u00f6nnen je nach Liefergebiet variieren und betragen maximal drei Wochen.<\/span><\/p>\n<p data-start=\"564\" data-end=\"668\"><span style=\"color: #000000;\">Wenn Sie dieses Produkt aus einem Nicht-EU-Land kaufen m\u00f6chten, wenden Sie sich bitte direkt an uns: <a class=\"cursor-pointer\" style=\"color: #000000;\" rel=\"noopener\" data-start=\"643\" data-end=\"666\">info@attiliozanetti.com<\/a><\/span><\/p>","protected":false},"featured_media":12524,"comment_status":"closed","ping_status":"closed","template":"","meta":{"_monsterinsights_skip_tracking":false,"_monsterinsights_sitenote_active":false,"_monsterinsights_sitenote_note":"","_monsterinsights_sitenote_category":0},"product_brand":[],"product_cat":[86,81,82],"product_tag":[],"class_list":{"0":"post-12523","1":"product","2":"type-product","3":"status-publish","4":"has-post-thumbnail","6":"product_cat-bracciali-gioielli-in-titanio","7":"product_cat-bracciali","8":"product_cat-gioielli-in-titanio","9":"nt-post-class","10":"","16":"first","17":"instock","18":"shipping-taxable","19":"purchasable","20":"product-type-simple"},"_links":{"self":[{"href":"https:\/\/attiliozanetti.com\/de\/wp-json\/wp\/v2\/product\/12523","targetHints":{"allow":["GET"]}}],"collection":[{"href":"https:\/\/attiliozanetti.com\/de\/wp-json\/wp\/v2\/product"}],"about":[{"href":"https:\/\/attiliozanetti.com\/de\/wp-json\/wp\/v2\/types\/product"}],"replies":[{"embeddable":true,"href":"https:\/\/attiliozanetti.com\/de\/wp-json\/wp\/v2\/comments?post=12523"}],"version-history":[{"count":3,"href":"https:\/\/attiliozanetti.com\/de\/wp-json\/wp\/v2\/product\/12523\/revisions"}],"predecessor-version":[{"id":15533,"href":"https:\/\/attiliozanetti.com\/de\/wp-json\/wp\/v2\/product\/12523\/revisions\/15533"}],"wp:featuredmedia":[{"embeddable":true,"href":"https:\/\/attiliozanetti.com\/de\/wp-json\/wp\/v2\/media\/12524"}],"wp:attachment":[{"href":"https:\/\/attiliozanetti.com\/de\/wp-json\/wp\/v2\/media?parent=12523"}],"wp:term":[{"taxonomy":"product_brand","embeddable":true,"href":"https:\/\/attiliozanetti.com\/de\/wp-json\/wp\/v2\/product_brand?post=12523"},{"taxonomy":"product_cat","embeddable":true,"href":"https:\/\/attiliozanetti.com\/de\/wp-json\/wp\/v2\/product_cat?post=12523"},{"taxonomy":"product_tag","embeddable":true,"href":"https:\/\/attiliozanetti.com\/de\/wp-json\/wp\/v2\/product_tag?post=12523"}],"curies":[{"name":"wp","href":"https:\/\/api.w.org\/{rel}","templated":true}]}}