{"id":12520,"date":"2025-01-17T11:37:37","date_gmt":"2025-01-17T10:37:37","guid":{"rendered":"https:\/\/attiliozanetti.com\/?post_type=product&#038;p=12520"},"modified":"2025-08-19T15:45:22","modified_gmt":"2025-08-19T13:45:22","slug":"bracelet-titanium-17","status":"publish","type":"product","link":"https:\/\/attiliozanetti.com\/de\/product\/bracelet-titanium-17\/","title":{"rendered":"TITAN-ARMBAND 17"},"content":{"rendered":"<p>Mod. MINBRT10ONICUP<\/p>\n<p class=\"p2\"><span style=\"color: #000000;\">Titanarmband mit Onyxeins\u00e4tzen und Details aus 9 kt Wei\u00dfgold, aus der Linie Mano J.<\/span><\/p>\n<p>&nbsp;<\/p>\n<p class=\"p1\">","protected":false},"excerpt":{"rendered":"<p><span style=\"color: #000000;\">Mod. MINBRT10ONICUP<\/span><\/p>\n<p data-start=\"73\" data-end=\"421\"><span style=\"color: #000000;\">Titanarmband mit Onyxeins\u00e4tzen und Details aus 9 kt Wei\u00dfgold, aus der Linie Mano J.<\/span><br data-start=\"165\" data-end=\"168\" \/><span style=\"color: #000000;\">Ein elegantes und zeitgem\u00e4\u00dfes Design, das die St\u00e4rke von Titan mit der intensiven Tiefe von Onyx und der Leuchtkraft von Wei\u00dfgold verbindet. Ein Schmuckst\u00fcck mit starkem und raffiniertem Charakter, ideal f\u00fcr alle, die einen modernen Stil mit einem unverwechselbaren Touch suchen.<\/span><\/p>\n<p data-start=\"423\" data-end=\"434\"><span style=\"color: #000000;\">Einzelheiten:<\/span><\/p>\n<ul data-start=\"435\" data-end=\"476\">\n<li data-start=\"435\" data-end=\"446\">\n<p data-start=\"437\" data-end=\"446\"><span style=\"color: #000000;\">Titan<\/span><\/p>\n<\/li>\n<li data-start=\"447\" data-end=\"456\">\n<p data-start=\"449\" data-end=\"456\"><span style=\"color: #000000;\">Onyx<\/span><\/p>\n<\/li>\n<li data-start=\"457\" data-end=\"476\">\n<p data-start=\"459\" data-end=\"476\"><span style=\"color: #000000;\">9 kt Wei\u00dfgold<\/span><\/p>\n<\/li>\n<\/ul>\n<p data-start=\"478\" data-end=\"581\"><span style=\"color: #000000;\">Die Lieferzeiten k\u00f6nnen je nach Liefergebiet variieren und betragen maximal drei Wochen.<\/span><\/p>\n<p data-start=\"583\" data-end=\"687\"><span style=\"color: #000000;\">Wenn Sie dieses Produkt aus einem Nicht-EU-Land kaufen m\u00f6chten, wenden Sie sich bitte direkt an uns: <a class=\"cursor-pointer\" style=\"color: #000000;\" rel=\"noopener\" data-start=\"662\" data-end=\"685\">info@attiliozanetti.com<\/a><\/span><\/p>\n<p>&nbsp;<\/p>","protected":false},"featured_media":12521,"comment_status":"closed","ping_status":"closed","template":"","meta":{"_monsterinsights_skip_tracking":false,"_monsterinsights_sitenote_active":false,"_monsterinsights_sitenote_note":"","_monsterinsights_sitenote_category":0},"product_brand":[],"product_cat":[81,86,82],"product_tag":[],"class_list":{"0":"post-12520","1":"product","2":"type-product","3":"status-publish","4":"has-post-thumbnail","6":"product_cat-bracciali","7":"product_cat-bracciali-gioielli-in-titanio","8":"product_cat-gioielli-in-titanio","9":"nt-post-class","10":"","16":"first","17":"instock","18":"shipping-taxable","19":"purchasable","20":"product-type-simple"},"_links":{"self":[{"href":"https:\/\/attiliozanetti.com\/de\/wp-json\/wp\/v2\/product\/12520","targetHints":{"allow":["GET"]}}],"collection":[{"href":"https:\/\/attiliozanetti.com\/de\/wp-json\/wp\/v2\/product"}],"about":[{"href":"https:\/\/attiliozanetti.com\/de\/wp-json\/wp\/v2\/types\/product"}],"replies":[{"embeddable":true,"href":"https:\/\/attiliozanetti.com\/de\/wp-json\/wp\/v2\/comments?post=12520"}],"version-history":[{"count":3,"href":"https:\/\/attiliozanetti.com\/de\/wp-json\/wp\/v2\/product\/12520\/revisions"}],"predecessor-version":[{"id":15535,"href":"https:\/\/attiliozanetti.com\/de\/wp-json\/wp\/v2\/product\/12520\/revisions\/15535"}],"wp:featuredmedia":[{"embeddable":true,"href":"https:\/\/attiliozanetti.com\/de\/wp-json\/wp\/v2\/media\/12521"}],"wp:attachment":[{"href":"https:\/\/attiliozanetti.com\/de\/wp-json\/wp\/v2\/media?parent=12520"}],"wp:term":[{"taxonomy":"product_brand","embeddable":true,"href":"https:\/\/attiliozanetti.com\/de\/wp-json\/wp\/v2\/product_brand?post=12520"},{"taxonomy":"product_cat","embeddable":true,"href":"https:\/\/attiliozanetti.com\/de\/wp-json\/wp\/v2\/product_cat?post=12520"},{"taxonomy":"product_tag","embeddable":true,"href":"https:\/\/attiliozanetti.com\/de\/wp-json\/wp\/v2\/product_tag?post=12520"}],"curies":[{"name":"wp","href":"https:\/\/api.w.org\/{rel}","templated":true}]}}