{"id":12514,"date":"2025-01-17T11:20:29","date_gmt":"2025-01-17T10:20:29","guid":{"rendered":"https:\/\/attiliozanetti.com\/?post_type=product&#038;p=12514"},"modified":"2025-08-19T15:47:58","modified_gmt":"2025-08-19T13:47:58","slug":"bracelet-titanium-19","status":"publish","type":"product","link":"https:\/\/attiliozanetti.com\/de\/product\/bracelet-titanium-19\/","title":{"rendered":"TITAN-ARMBAND 19"},"content":{"rendered":"<p>Mod. MINBRT3RGCILP<\/p>\n<p class=\"p2\"><span style=\"color: #000000;\">Titan-Zylinderarmband mit drei Elementen aus 9 kt Rotgold, aus der Linie Mano J.<\/span><\/p>\n<p>&nbsp;<\/p>\n<p class=\"p1\">","protected":false},"excerpt":{"rendered":"<p><span style=\"color: #000000;\">Mod. MINBRT3RGCILP<\/span><\/p>\n<p data-start=\"92\" data-end=\"386\"><span style=\"color: #000000;\">Titan-Zylinderarmband mit drei Elementen aus 9 kt Rotgold, aus der Linie Mano J.<\/span><br data-start=\"179\" data-end=\"182\" \/><span style=\"color: #000000;\">Ein essentielles und raffiniertes Design, das den Kontrast zwischen der Solidit\u00e4t des Titans und der W\u00e4rme des Rotgoldes hervorhebt und so ein modernes und vielseitiges Schmuckst\u00fcck schafft, ideal f\u00fcr einen zeitgen\u00f6ssischen und unverwechselbaren Stil.<\/span><\/p>\n<p data-start=\"388\" data-end=\"399\"><span style=\"color: #000000;\">Einzelheiten:<\/span><\/p>\n<ul data-start=\"400\" data-end=\"430\">\n<li data-start=\"400\" data-end=\"411\">\n<p data-start=\"402\" data-end=\"411\"><span style=\"color: #000000;\">Titan<\/span><\/p>\n<\/li>\n<li data-start=\"412\" data-end=\"430\">\n<p data-start=\"414\" data-end=\"430\"><span style=\"color: #000000;\">9 kt Rotgold<\/span><\/p>\n<\/li>\n<\/ul>\n<p data-start=\"432\" data-end=\"535\"><span style=\"color: #000000;\">Die Lieferzeiten k\u00f6nnen je nach Liefergebiet variieren und betragen maximal drei Wochen.<\/span><\/p>\n<p data-start=\"537\" data-end=\"641\"><span style=\"color: #000000;\">Wenn Sie dieses Produkt aus einem Nicht-EU-Land kaufen m\u00f6chten, wenden Sie sich bitte direkt an uns: <a class=\"cursor-pointer\" style=\"color: #000000;\" rel=\"noopener\" data-start=\"616\" data-end=\"639\">info@attiliozanetti.com<\/a><\/span><\/p>","protected":false},"featured_media":12515,"comment_status":"closed","ping_status":"closed","template":"","meta":{"_monsterinsights_skip_tracking":false,"_monsterinsights_sitenote_active":false,"_monsterinsights_sitenote_note":"","_monsterinsights_sitenote_category":0},"product_brand":[],"product_cat":[81,86,82],"product_tag":[],"class_list":{"0":"post-12514","1":"product","2":"type-product","3":"status-publish","4":"has-post-thumbnail","6":"product_cat-bracciali","7":"product_cat-bracciali-gioielli-in-titanio","8":"product_cat-gioielli-in-titanio","9":"nt-post-class","10":"","16":"first","17":"instock","18":"shipping-taxable","19":"purchasable","20":"product-type-simple"},"_links":{"self":[{"href":"https:\/\/attiliozanetti.com\/de\/wp-json\/wp\/v2\/product\/12514","targetHints":{"allow":["GET"]}}],"collection":[{"href":"https:\/\/attiliozanetti.com\/de\/wp-json\/wp\/v2\/product"}],"about":[{"href":"https:\/\/attiliozanetti.com\/de\/wp-json\/wp\/v2\/types\/product"}],"replies":[{"embeddable":true,"href":"https:\/\/attiliozanetti.com\/de\/wp-json\/wp\/v2\/comments?post=12514"}],"version-history":[{"count":3,"href":"https:\/\/attiliozanetti.com\/de\/wp-json\/wp\/v2\/product\/12514\/revisions"}],"predecessor-version":[{"id":15539,"href":"https:\/\/attiliozanetti.com\/de\/wp-json\/wp\/v2\/product\/12514\/revisions\/15539"}],"wp:featuredmedia":[{"embeddable":true,"href":"https:\/\/attiliozanetti.com\/de\/wp-json\/wp\/v2\/media\/12515"}],"wp:attachment":[{"href":"https:\/\/attiliozanetti.com\/de\/wp-json\/wp\/v2\/media?parent=12514"}],"wp:term":[{"taxonomy":"product_brand","embeddable":true,"href":"https:\/\/attiliozanetti.com\/de\/wp-json\/wp\/v2\/product_brand?post=12514"},{"taxonomy":"product_cat","embeddable":true,"href":"https:\/\/attiliozanetti.com\/de\/wp-json\/wp\/v2\/product_cat?post=12514"},{"taxonomy":"product_tag","embeddable":true,"href":"https:\/\/attiliozanetti.com\/de\/wp-json\/wp\/v2\/product_tag?post=12514"}],"curies":[{"name":"wp","href":"https:\/\/api.w.org\/{rel}","templated":true}]}}