{"id":12506,"date":"2025-01-17T11:13:54","date_gmt":"2025-01-17T10:13:54","guid":{"rendered":"https:\/\/attiliozanetti.com\/?post_type=product&#038;p=12506"},"modified":"2025-08-19T15:52:01","modified_gmt":"2025-08-19T13:52:01","slug":"bracelet-titanium-21","status":"publish","type":"product","link":"https:\/\/attiliozanetti.com\/de\/product\/bracelet-titanium-21\/","title":{"rendered":"TITAN-ARMBAND 21"},"content":{"rendered":"<p>Mod. GROUBRTBK_15<\/p>\n<p class=\"p2\"><span style=\"color: #000000;\">Titanarmband mit Schlie\u00dfe aus 18 kt Rotgold und schwarzem Naturdiamanten, aus der Linie Mano J.<\/span><\/p>\n<p>&nbsp;<\/p>\n<p class=\"p1\">","protected":false},"excerpt":{"rendered":"<p><span style=\"color: #000000;\">Mod. GROUBRTBK_15<\/span><\/p>\n<p data-start=\"38\" data-end=\"342\"><span style=\"color: #000000;\">Titanarmband mit Schlie\u00dfe aus 18 kt Rotgold und schwarzem Naturdiamanten, aus der Linie Mano J.<\/span><br data-start=\"144\" data-end=\"147\" \/><span style=\"color: #000000;\">Ein Schmuckst\u00fcck mit k\u00fchnem Design, das die Solidit\u00e4t des Titans mit der Raffinesse des Goldes und der Intensit\u00e4t eines schwarzen Diamanten verbindet. Ein Accessoire mit Charakter und zeitgen\u00f6ssischem Stil.<\/span><\/p>\n<p data-start=\"344\" data-end=\"355\"><span style=\"color: #000000;\">Einzelheiten:<\/span><\/p>\n<ul data-start=\"356\" data-end=\"414\">\n<li data-start=\"356\" data-end=\"367\">\n<p data-start=\"358\" data-end=\"367\"><span style=\"color: #000000;\">Titan<\/span><\/p>\n<\/li>\n<li data-start=\"368\" data-end=\"387\">\n<p data-start=\"370\" data-end=\"387\"><span style=\"color: #000000;\">18 kt Rotgold<\/span><\/p>\n<\/li>\n<li data-start=\"388\" data-end=\"414\">\n<p data-start=\"390\" data-end=\"414\"><span style=\"color: #000000;\">Schwarzer Naturdiamant<\/span><\/p>\n<\/li>\n<\/ul>\n<p data-start=\"416\" data-end=\"519\"><span style=\"color: #000000;\">Die Lieferzeiten k\u00f6nnen je nach Liefergebiet variieren und betragen maximal drei Wochen.<\/span><\/p>\n<p data-start=\"521\" data-end=\"625\"><span style=\"color: #000000;\">Wenn Sie dieses Produkt aus einem Nicht-EU-Land kaufen m\u00f6chten, wenden Sie sich bitte direkt an uns: <a class=\"cursor-pointer\" style=\"color: #000000;\" rel=\"noopener\" data-start=\"600\" data-end=\"623\">info@attiliozanetti.com<\/a><\/span><\/p>","protected":false},"featured_media":12508,"comment_status":"closed","ping_status":"closed","template":"","meta":{"_monsterinsights_skip_tracking":false,"_monsterinsights_sitenote_active":false,"_monsterinsights_sitenote_note":"","_monsterinsights_sitenote_category":0},"product_brand":[],"product_cat":[81,86,82],"product_tag":[],"class_list":{"0":"post-12506","1":"product","2":"type-product","3":"status-publish","4":"has-post-thumbnail","6":"product_cat-bracciali","7":"product_cat-bracciali-gioielli-in-titanio","8":"product_cat-gioielli-in-titanio","9":"nt-post-class","10":"","16":"first","17":"instock","18":"shipping-taxable","19":"purchasable","20":"product-type-simple"},"_links":{"self":[{"href":"https:\/\/attiliozanetti.com\/de\/wp-json\/wp\/v2\/product\/12506","targetHints":{"allow":["GET"]}}],"collection":[{"href":"https:\/\/attiliozanetti.com\/de\/wp-json\/wp\/v2\/product"}],"about":[{"href":"https:\/\/attiliozanetti.com\/de\/wp-json\/wp\/v2\/types\/product"}],"replies":[{"embeddable":true,"href":"https:\/\/attiliozanetti.com\/de\/wp-json\/wp\/v2\/comments?post=12506"}],"version-history":[{"count":3,"href":"https:\/\/attiliozanetti.com\/de\/wp-json\/wp\/v2\/product\/12506\/revisions"}],"predecessor-version":[{"id":15543,"href":"https:\/\/attiliozanetti.com\/de\/wp-json\/wp\/v2\/product\/12506\/revisions\/15543"}],"wp:featuredmedia":[{"embeddable":true,"href":"https:\/\/attiliozanetti.com\/de\/wp-json\/wp\/v2\/media\/12508"}],"wp:attachment":[{"href":"https:\/\/attiliozanetti.com\/de\/wp-json\/wp\/v2\/media?parent=12506"}],"wp:term":[{"taxonomy":"product_brand","embeddable":true,"href":"https:\/\/attiliozanetti.com\/de\/wp-json\/wp\/v2\/product_brand?post=12506"},{"taxonomy":"product_cat","embeddable":true,"href":"https:\/\/attiliozanetti.com\/de\/wp-json\/wp\/v2\/product_cat?post=12506"},{"taxonomy":"product_tag","embeddable":true,"href":"https:\/\/attiliozanetti.com\/de\/wp-json\/wp\/v2\/product_tag?post=12506"}],"curies":[{"name":"wp","href":"https:\/\/api.w.org\/{rel}","templated":true}]}}