{"id":12502,"date":"2025-01-17T11:01:14","date_gmt":"2025-01-17T10:01:14","guid":{"rendered":"https:\/\/attiliozanetti.com\/?post_type=product&#038;p=12502"},"modified":"2025-08-19T15:55:30","modified_gmt":"2025-08-19T13:55:30","slug":"bracelet-titanium-22","status":"publish","type":"product","link":"https:\/\/attiliozanetti.com\/de\/product\/bracelet-titanium-22\/","title":{"rendered":"TITAN-ARMBAND 22"},"content":{"rendered":"<p>Mod. GROUBRT3RGBSN_15<\/p>\n<p class=\"p2\"><span style=\"color: #000000;\">Titanarmband mit drei Gliedern aus 9 kt Rotgold, besetzt mit schwarzen Naturdiamanten, aus der Linie Mano J.<\/span><\/p>\n<p>&nbsp;<\/p>\n<p class=\"p1\">","protected":false},"excerpt":{"rendered":"<p><span style=\"color: #000000;\">Mod. GROUBRT3RGBSN_15<\/span><\/p>\n<p data-start=\"79\" data-end=\"385\"><span style=\"color: #000000;\">Titanarmband mit drei Gliedern aus 9 kt Rotgold, besetzt mit schwarzen Naturdiamanten, aus der Linie Mano J.<\/span><br data-start=\"191\" data-end=\"194\" \/><span style=\"color: #000000;\">Ein elegantes und modernes Design, das den Kontrast zwischen der St\u00e4rke des Titans, der W\u00e4rme des Goldes und der tiefen Intensit\u00e4t der schwarzen Diamanten hervorhebt und ein raffiniertes und unverwechselbares Schmuckst\u00fcck schafft.<\/span><\/p>\n<p data-start=\"387\" data-end=\"398\"><span style=\"color: #000000;\">Einzelheiten:<\/span><\/p>\n<ul data-start=\"399\" data-end=\"457\">\n<li data-start=\"399\" data-end=\"410\">\n<p data-start=\"401\" data-end=\"410\"><span style=\"color: #000000;\">Titan<\/span><\/p>\n<\/li>\n<li data-start=\"411\" data-end=\"429\">\n<p data-start=\"413\" data-end=\"429\"><span style=\"color: #000000;\">9 kt Rotgold<\/span><\/p>\n<\/li>\n<li data-start=\"430\" data-end=\"457\">\n<p data-start=\"432\" data-end=\"457\"><span style=\"color: #000000;\">Nat\u00fcrliche schwarze Diamanten<\/span><\/p>\n<\/li>\n<\/ul>\n<p data-start=\"459\" data-end=\"562\"><span style=\"color: #000000;\">Die Lieferzeiten k\u00f6nnen je nach Liefergebiet variieren und betragen maximal drei Wochen.<\/span><\/p>\n<p data-start=\"564\" data-end=\"668\"><span style=\"color: #000000;\">Wenn Sie dieses Produkt aus einem Nicht-EU-Land kaufen m\u00f6chten, wenden Sie sich bitte direkt an uns: <a class=\"cursor-pointer\" style=\"color: #000000;\" rel=\"noopener\" data-start=\"643\" data-end=\"666\">info@attiliozanetti.com<\/a><\/span><\/p>","protected":false},"featured_media":12504,"comment_status":"closed","ping_status":"closed","template":"","meta":{"_monsterinsights_skip_tracking":false,"_monsterinsights_sitenote_active":false,"_monsterinsights_sitenote_note":"","_monsterinsights_sitenote_category":0},"product_brand":[],"product_cat":[81,86,82],"product_tag":[],"class_list":{"0":"post-12502","1":"product","2":"type-product","3":"status-publish","4":"has-post-thumbnail","6":"product_cat-bracciali","7":"product_cat-bracciali-gioielli-in-titanio","8":"product_cat-gioielli-in-titanio","9":"nt-post-class","10":"","16":"first","17":"instock","18":"shipping-taxable","19":"purchasable","20":"product-type-simple"},"_links":{"self":[{"href":"https:\/\/attiliozanetti.com\/de\/wp-json\/wp\/v2\/product\/12502","targetHints":{"allow":["GET"]}}],"collection":[{"href":"https:\/\/attiliozanetti.com\/de\/wp-json\/wp\/v2\/product"}],"about":[{"href":"https:\/\/attiliozanetti.com\/de\/wp-json\/wp\/v2\/types\/product"}],"replies":[{"embeddable":true,"href":"https:\/\/attiliozanetti.com\/de\/wp-json\/wp\/v2\/comments?post=12502"}],"version-history":[{"count":3,"href":"https:\/\/attiliozanetti.com\/de\/wp-json\/wp\/v2\/product\/12502\/revisions"}],"predecessor-version":[{"id":15545,"href":"https:\/\/attiliozanetti.com\/de\/wp-json\/wp\/v2\/product\/12502\/revisions\/15545"}],"wp:featuredmedia":[{"embeddable":true,"href":"https:\/\/attiliozanetti.com\/de\/wp-json\/wp\/v2\/media\/12504"}],"wp:attachment":[{"href":"https:\/\/attiliozanetti.com\/de\/wp-json\/wp\/v2\/media?parent=12502"}],"wp:term":[{"taxonomy":"product_brand","embeddable":true,"href":"https:\/\/attiliozanetti.com\/de\/wp-json\/wp\/v2\/product_brand?post=12502"},{"taxonomy":"product_cat","embeddable":true,"href":"https:\/\/attiliozanetti.com\/de\/wp-json\/wp\/v2\/product_cat?post=12502"},{"taxonomy":"product_tag","embeddable":true,"href":"https:\/\/attiliozanetti.com\/de\/wp-json\/wp\/v2\/product_tag?post=12502"}],"curies":[{"name":"wp","href":"https:\/\/api.w.org\/{rel}","templated":true}]}}