{"id":12499,"date":"2025-01-17T10:57:04","date_gmt":"2025-01-17T09:57:04","guid":{"rendered":"https:\/\/attiliozanetti.com\/?post_type=product&#038;p=12499"},"modified":"2025-08-19T15:55:12","modified_gmt":"2025-08-19T13:55:12","slug":"bracelet-titanium-23","status":"publish","type":"product","link":"https:\/\/attiliozanetti.com\/de\/product\/bracelet-titanium-23\/","title":{"rendered":"TITAN-ARMBAND 23"},"content":{"rendered":"<p>Mod. CHBRT5BBRK<\/p>\n<p class=\"p2\"><span style=\"color: #000000;\">Cornetto-Charm-Armband aus Titan, besetzt mit 5 schwarzen Diamanten und Titankette, aus der Linie Mano J.<\/span><\/p>\n<p>&nbsp;<\/p>\n<p class=\"p1\">","protected":false},"excerpt":{"rendered":"<p><span style=\"color: #000000;\">Mod. CHBRT5BBRK<\/span><\/p>\n<p data-start=\"97\" data-end=\"376\"><span style=\"color: #000000;\">Cornetto-Charm-Armband aus Titan, besetzt mit 5 schwarzen Diamanten und Titankette, aus der Linie Mano J.<\/span><br data-start=\"212\" data-end=\"215\" \/><span style=\"color: #000000;\">Ein Schmuckst\u00fcck mit zeitgen\u00f6ssischem und symbolischem Charakter, das essentielles Design und kostbare Details miteinander verbindet, ideal f\u00fcr alle, die sich einen unverwechselbaren und raffinierten Touch w\u00fcnschen.<\/span><\/p>\n<p data-start=\"378\" data-end=\"389\"><span style=\"color: #000000;\">Einzelheiten:<\/span><\/p>\n<ul data-start=\"390\" data-end=\"451\">\n<li data-start=\"390\" data-end=\"401\">\n<p data-start=\"392\" data-end=\"401\"><span style=\"color: #000000;\">Titan<\/span><\/p>\n<\/li>\n<li data-start=\"402\" data-end=\"429\">\n<p data-start=\"404\" data-end=\"429\"><span style=\"color: #000000;\">Nat\u00fcrliche schwarze Diamanten<\/span><\/p>\n<\/li>\n<li data-start=\"430\" data-end=\"451\">\n<p data-start=\"432\" data-end=\"451\"><span style=\"color: #000000;\">Kette aus Titan<\/span><\/p>\n<\/li>\n<\/ul>\n<p data-start=\"453\" data-end=\"556\"><span style=\"color: #000000;\">Die Lieferzeiten k\u00f6nnen je nach Liefergebiet variieren und betragen maximal drei Wochen.<\/span><\/p>\n<p data-start=\"558\" data-end=\"662\"><span style=\"color: #000000;\">Wenn Sie dieses Produkt aus einem Nicht-EU-Land kaufen m\u00f6chten, wenden Sie sich bitte direkt an uns: <a class=\"cursor-pointer\" style=\"color: #000000;\" rel=\"noopener\" data-start=\"637\" data-end=\"660\">info@attiliozanetti.com<\/a><\/span><\/p>\n<p>&nbsp;<\/p>","protected":false},"featured_media":12500,"comment_status":"closed","ping_status":"closed","template":"","meta":{"_monsterinsights_skip_tracking":false,"_monsterinsights_sitenote_active":false,"_monsterinsights_sitenote_note":"","_monsterinsights_sitenote_category":0},"product_brand":[],"product_cat":[86,81,82],"product_tag":[],"class_list":{"0":"post-12499","1":"product","2":"type-product","3":"status-publish","4":"has-post-thumbnail","6":"product_cat-bracciali-gioielli-in-titanio","7":"product_cat-bracciali","8":"product_cat-gioielli-in-titanio","9":"nt-post-class","10":"","16":"first","17":"instock","18":"shipping-taxable","19":"purchasable","20":"product-type-simple"},"_links":{"self":[{"href":"https:\/\/attiliozanetti.com\/de\/wp-json\/wp\/v2\/product\/12499","targetHints":{"allow":["GET"]}}],"collection":[{"href":"https:\/\/attiliozanetti.com\/de\/wp-json\/wp\/v2\/product"}],"about":[{"href":"https:\/\/attiliozanetti.com\/de\/wp-json\/wp\/v2\/types\/product"}],"replies":[{"embeddable":true,"href":"https:\/\/attiliozanetti.com\/de\/wp-json\/wp\/v2\/comments?post=12499"}],"version-history":[{"count":3,"href":"https:\/\/attiliozanetti.com\/de\/wp-json\/wp\/v2\/product\/12499\/revisions"}],"predecessor-version":[{"id":15547,"href":"https:\/\/attiliozanetti.com\/de\/wp-json\/wp\/v2\/product\/12499\/revisions\/15547"}],"wp:featuredmedia":[{"embeddable":true,"href":"https:\/\/attiliozanetti.com\/de\/wp-json\/wp\/v2\/media\/12500"}],"wp:attachment":[{"href":"https:\/\/attiliozanetti.com\/de\/wp-json\/wp\/v2\/media?parent=12499"}],"wp:term":[{"taxonomy":"product_brand","embeddable":true,"href":"https:\/\/attiliozanetti.com\/de\/wp-json\/wp\/v2\/product_brand?post=12499"},{"taxonomy":"product_cat","embeddable":true,"href":"https:\/\/attiliozanetti.com\/de\/wp-json\/wp\/v2\/product_cat?post=12499"},{"taxonomy":"product_tag","embeddable":true,"href":"https:\/\/attiliozanetti.com\/de\/wp-json\/wp\/v2\/product_tag?post=12499"}],"curies":[{"name":"wp","href":"https:\/\/api.w.org\/{rel}","templated":true}]}}