{"id":12495,"date":"2025-01-17T10:52:16","date_gmt":"2025-01-17T09:52:16","guid":{"rendered":"https:\/\/attiliozanetti.com\/?post_type=product&#038;p=12495"},"modified":"2025-08-19T15:56:40","modified_gmt":"2025-08-19T13:56:40","slug":"bracelet-titanium-24","status":"publish","type":"product","link":"https:\/\/attiliozanetti.com\/de\/product\/bracelet-titanium-24\/","title":{"rendered":"TITAN-ARMBAND 24"},"content":{"rendered":"<p>Mod. CATBRTT<\/p>\n<p class=\"p2\"><span style=\"color: #000000;\">Armband mit Titankette und Details aus 9 kt Rotgold, aus der Linie Mano J.<\/span><\/p>\n<p>&nbsp;<\/p>\n<p class=\"p1\">","protected":false},"excerpt":{"rendered":"<p><span style=\"color: #000000;\">Mod. CATBRTT<\/span><\/p>\n<p data-start=\"51\" data-end=\"288\"><span style=\"color: #000000;\">Armband mit Titankette und Details aus 9 kt Rotgold, aus der Linie Mano J.<\/span><br data-start=\"132\" data-end=\"135\" \/><span style=\"color: #000000;\">Ein essentielles und zeitgem\u00e4\u00dfes Design, das die Leichtigkeit des Titans mit der Raffinesse des Goldes kombiniert, f\u00fcr ein Accessoire mit einem starken und eleganten Stil.<\/span><\/p>\n<p data-start=\"290\" data-end=\"301\"><span style=\"color: #000000;\">Einzelheiten:<\/span><\/p>\n<ul data-start=\"302\" data-end=\"332\">\n<li data-start=\"302\" data-end=\"313\">\n<p data-start=\"304\" data-end=\"313\"><span style=\"color: #000000;\">Titan<\/span><\/p>\n<\/li>\n<li data-start=\"314\" data-end=\"332\">\n<p data-start=\"316\" data-end=\"332\"><span style=\"color: #000000;\">9 kt Rotgold<\/span><\/p>\n<\/li>\n<\/ul>\n<p data-start=\"334\" data-end=\"437\"><span style=\"color: #000000;\">Die Lieferzeiten k\u00f6nnen je nach Liefergebiet variieren und betragen maximal drei Wochen.<\/span><\/p>\n<p data-start=\"439\" data-end=\"543\"><span style=\"color: #000000;\">Wenn Sie dieses Produkt aus einem Nicht-EU-Land kaufen m\u00f6chten, wenden Sie sich bitte direkt an uns: <a class=\"cursor-pointer\" style=\"color: #000000;\" rel=\"noopener\" data-start=\"518\" data-end=\"541\">info@attiliozanetti.com<\/a><\/span><\/p>\n<p>&nbsp;<\/p>","protected":false},"featured_media":12497,"comment_status":"closed","ping_status":"closed","template":"","meta":{"_monsterinsights_skip_tracking":false,"_monsterinsights_sitenote_active":false,"_monsterinsights_sitenote_note":"","_monsterinsights_sitenote_category":0},"product_brand":[],"product_cat":[86,81,82],"product_tag":[],"class_list":{"0":"post-12495","1":"product","2":"type-product","3":"status-publish","4":"has-post-thumbnail","6":"product_cat-bracciali-gioielli-in-titanio","7":"product_cat-bracciali","8":"product_cat-gioielli-in-titanio","9":"nt-post-class","10":"","16":"first","17":"instock","18":"shipping-taxable","19":"purchasable","20":"product-type-simple"},"_links":{"self":[{"href":"https:\/\/attiliozanetti.com\/de\/wp-json\/wp\/v2\/product\/12495","targetHints":{"allow":["GET"]}}],"collection":[{"href":"https:\/\/attiliozanetti.com\/de\/wp-json\/wp\/v2\/product"}],"about":[{"href":"https:\/\/attiliozanetti.com\/de\/wp-json\/wp\/v2\/types\/product"}],"replies":[{"embeddable":true,"href":"https:\/\/attiliozanetti.com\/de\/wp-json\/wp\/v2\/comments?post=12495"}],"version-history":[{"count":2,"href":"https:\/\/attiliozanetti.com\/de\/wp-json\/wp\/v2\/product\/12495\/revisions"}],"predecessor-version":[{"id":15548,"href":"https:\/\/attiliozanetti.com\/de\/wp-json\/wp\/v2\/product\/12495\/revisions\/15548"}],"wp:featuredmedia":[{"embeddable":true,"href":"https:\/\/attiliozanetti.com\/de\/wp-json\/wp\/v2\/media\/12497"}],"wp:attachment":[{"href":"https:\/\/attiliozanetti.com\/de\/wp-json\/wp\/v2\/media?parent=12495"}],"wp:term":[{"taxonomy":"product_brand","embeddable":true,"href":"https:\/\/attiliozanetti.com\/de\/wp-json\/wp\/v2\/product_brand?post=12495"},{"taxonomy":"product_cat","embeddable":true,"href":"https:\/\/attiliozanetti.com\/de\/wp-json\/wp\/v2\/product_cat?post=12495"},{"taxonomy":"product_tag","embeddable":true,"href":"https:\/\/attiliozanetti.com\/de\/wp-json\/wp\/v2\/product_tag?post=12495"}],"curies":[{"name":"wp","href":"https:\/\/api.w.org\/{rel}","templated":true}]}}