{"id":12488,"date":"2025-01-17T10:44:11","date_gmt":"2025-01-17T09:44:11","guid":{"rendered":"https:\/\/attiliozanetti.com\/?post_type=product&#038;p=12488"},"modified":"2025-08-19T17:16:05","modified_gmt":"2025-08-19T15:16:05","slug":"bracelet-diamonds-tennis-06","status":"publish","type":"product","link":"https:\/\/attiliozanetti.com\/de\/product\/bracelet-diamonds-tennis-06\/","title":{"rendered":"DIAMANTARMBAND 06 - BRAUN"},"content":{"rendered":"<p><span style=\"color: #000000;\">Mod. TENBRORBROWOR9KT_15<\/span><\/p>\n<p data-start=\"48\" data-end=\"389\"><span style=\"color: #000000;\">Tennisarmband aus 9 kt Rotgold mit braunen Diamanten. <\/span><\/p>\n<p>&nbsp;<\/p>\n<p class=\"p1\">","protected":false},"excerpt":{"rendered":"<p><span style=\"color: #000000;\">Mod. TENBRORBROWOR9KT_15<\/span><\/p>\n<p data-start=\"48\" data-end=\"389\"><span style=\"color: #000000;\">Tennis-Loop-Armband aus 9 kt Rotgold mit braunen Diamanten. Ein zeitgem\u00e4\u00dfes und elegantes Schmuckst\u00fcck, bei dem der warme Farbton des Rotgolds auf die intensiven Schattierungen der braunen Diamanten trifft und einen raffinierten Farbkontrast erzeugt. Die elastische Struktur sorgt f\u00fcr Praktikabilit\u00e4t und Komfort, ohne die Kostbarkeit des Designs zu beeintr\u00e4chtigen.<\/span><\/p>\n<p data-start=\"391\" data-end=\"402\"><span style=\"color: #000000;\">Einzelheiten:<\/span><\/p>\n<ul data-start=\"403\" data-end=\"505\">\n<li data-start=\"403\" data-end=\"421\">\n<p data-start=\"405\" data-end=\"421\"><span style=\"color: #000000;\">9 kt Rotgold<\/span><\/p>\n<\/li>\n<li data-start=\"422\" data-end=\"449\">\n<p data-start=\"424\" data-end=\"449\"><span style=\"color: #000000;\">Nat\u00fcrliche braune Diamanten<\/span><\/p>\n<\/li>\n<li data-start=\"450\" data-end=\"505\">\n<p data-start=\"452\" data-end=\"505\"><span style=\"color: #000000;\">Elastische Schlaufenkonstruktion f\u00fcr hohen Tragekomfort<\/span><\/p>\n<\/li>\n<\/ul>\n<p data-start=\"507\" data-end=\"610\"><span style=\"color: #000000;\">Die Lieferzeiten k\u00f6nnen je nach Liefergebiet variieren und betragen maximal drei Wochen.<\/span><\/p>\n<p data-start=\"612\" data-end=\"716\"><span style=\"color: #000000;\">Wenn Sie dieses Produkt aus einem Nicht-EU-Land kaufen m\u00f6chten, wenden Sie sich bitte direkt an uns: <a class=\"cursor-pointer\" style=\"color: #000000;\" rel=\"noopener\" data-start=\"691\" data-end=\"714\">info@attiliozanetti.com<\/a><\/span><\/p>","protected":false},"featured_media":12482,"comment_status":"closed","ping_status":"closed","template":"","meta":{"_monsterinsights_skip_tracking":false,"_monsterinsights_sitenote_active":false,"_monsterinsights_sitenote_note":"","_monsterinsights_sitenote_category":0},"product_brand":[],"product_cat":[81],"product_tag":[],"class_list":{"0":"post-12488","1":"product","2":"type-product","3":"status-publish","4":"has-post-thumbnail","6":"product_cat-bracciali","7":"nt-post-class","8":"","14":"first","15":"instock","16":"shipping-taxable","17":"purchasable","18":"product-type-simple"},"_links":{"self":[{"href":"https:\/\/attiliozanetti.com\/de\/wp-json\/wp\/v2\/product\/12488","targetHints":{"allow":["GET"]}}],"collection":[{"href":"https:\/\/attiliozanetti.com\/de\/wp-json\/wp\/v2\/product"}],"about":[{"href":"https:\/\/attiliozanetti.com\/de\/wp-json\/wp\/v2\/types\/product"}],"replies":[{"embeddable":true,"href":"https:\/\/attiliozanetti.com\/de\/wp-json\/wp\/v2\/comments?post=12488"}],"version-history":[{"count":3,"href":"https:\/\/attiliozanetti.com\/de\/wp-json\/wp\/v2\/product\/12488\/revisions"}],"predecessor-version":[{"id":15606,"href":"https:\/\/attiliozanetti.com\/de\/wp-json\/wp\/v2\/product\/12488\/revisions\/15606"}],"wp:featuredmedia":[{"embeddable":true,"href":"https:\/\/attiliozanetti.com\/de\/wp-json\/wp\/v2\/media\/12482"}],"wp:attachment":[{"href":"https:\/\/attiliozanetti.com\/de\/wp-json\/wp\/v2\/media?parent=12488"}],"wp:term":[{"taxonomy":"product_brand","embeddable":true,"href":"https:\/\/attiliozanetti.com\/de\/wp-json\/wp\/v2\/product_brand?post=12488"},{"taxonomy":"product_cat","embeddable":true,"href":"https:\/\/attiliozanetti.com\/de\/wp-json\/wp\/v2\/product_cat?post=12488"},{"taxonomy":"product_tag","embeddable":true,"href":"https:\/\/attiliozanetti.com\/de\/wp-json\/wp\/v2\/product_tag?post=12488"}],"curies":[{"name":"wp","href":"https:\/\/api.w.org\/{rel}","templated":true}]}}