{"id":12476,"date":"2025-01-17T10:17:28","date_gmt":"2025-01-17T09:17:28","guid":{"rendered":"https:\/\/attiliozanetti.com\/?post_type=product&#038;p=12476"},"modified":"2025-08-19T17:19:15","modified_gmt":"2025-08-19T15:19:15","slug":"bracelet-diamonds-tennis-08","status":"publish","type":"product","link":"https:\/\/attiliozanetti.com\/de\/product\/bracelet-diamonds-tennis-08\/","title":{"rendered":"DIAMANTARMBAND 08 - SCHWARZ"},"content":{"rendered":"<p>Mod. TENBRBOB9KT_15<\/p>\n<p class=\"p2\"><span style=\"color: #000000;\">Elastisches Tennisarmband aus 9 Karat Wei\u00dfgold mit schwarzen Diamanten.<\/span><\/p>\n<p>&nbsp;<\/p>\n<p class=\"p1\">","protected":false},"excerpt":{"rendered":"<p><span style=\"color: #000000;\">Mod. TENBRBOB9KT_15<\/span><\/p>\n<p data-start=\"66\" data-end=\"400\"><span style=\"color: #000000;\">Elastisches Tennisarmband aus 9 Karat Wei\u00dfgold mit schwarzen Diamanten. Ein elegantes und raffiniertes Schmuckst\u00fcck, das den zeitlosen Glanz des Wei\u00dfgoldes mit der intensiven Tiefe der schwarzen Diamanten verbindet. Die elastische Struktur bietet Komfort und Zweckm\u00e4\u00dfigkeit und macht dieses Armband perfekt f\u00fcr den t\u00e4glichen Gebrauch, aber mit einem kostbaren Charakter.<\/span><\/p>\n<p data-start=\"402\" data-end=\"413\"><span style=\"color: #000000;\">Einzelheiten:<\/span><\/p>\n<ul data-start=\"414\" data-end=\"512\">\n<li data-start=\"414\" data-end=\"433\">\n<p data-start=\"416\" data-end=\"433\"><span style=\"color: #000000;\">9 kt Wei\u00dfgold<\/span><\/p>\n<\/li>\n<li data-start=\"434\" data-end=\"461\">\n<p data-start=\"436\" data-end=\"461\"><span style=\"color: #000000;\">Nat\u00fcrliche schwarze Diamanten<\/span><\/p>\n<\/li>\n<li data-start=\"462\" data-end=\"512\">\n<p data-start=\"464\" data-end=\"512\"><span style=\"color: #000000;\">Elastische Struktur f\u00fcr hohen Tragekomfort<\/span><\/p>\n<\/li>\n<\/ul>\n<p data-start=\"514\" data-end=\"617\"><span style=\"color: #000000;\">Die Lieferzeiten k\u00f6nnen je nach Liefergebiet variieren und betragen maximal drei Wochen.<\/span><\/p>\n<p data-start=\"619\" data-end=\"723\"><span style=\"color: #000000;\">Wenn Sie dieses Produkt aus einem Nicht-EU-Land kaufen m\u00f6chten, wenden Sie sich bitte direkt an uns: <a class=\"cursor-pointer\" style=\"color: #000000;\" rel=\"noopener\" data-start=\"698\" data-end=\"721\">info@attiliozanetti.com<\/a><\/span><\/p>\n<p>&nbsp;<\/p>","protected":false},"featured_media":12478,"comment_status":"closed","ping_status":"closed","template":"","meta":{"_monsterinsights_skip_tracking":false,"_monsterinsights_sitenote_active":false,"_monsterinsights_sitenote_note":"","_monsterinsights_sitenote_category":0},"product_brand":[],"product_cat":[81],"product_tag":[],"class_list":{"0":"post-12476","1":"product","2":"type-product","3":"status-publish","4":"has-post-thumbnail","6":"product_cat-bracciali","7":"nt-post-class","8":"","14":"first","15":"instock","16":"shipping-taxable","17":"purchasable","18":"product-type-simple"},"_links":{"self":[{"href":"https:\/\/attiliozanetti.com\/de\/wp-json\/wp\/v2\/product\/12476","targetHints":{"allow":["GET"]}}],"collection":[{"href":"https:\/\/attiliozanetti.com\/de\/wp-json\/wp\/v2\/product"}],"about":[{"href":"https:\/\/attiliozanetti.com\/de\/wp-json\/wp\/v2\/types\/product"}],"replies":[{"embeddable":true,"href":"https:\/\/attiliozanetti.com\/de\/wp-json\/wp\/v2\/comments?post=12476"}],"version-history":[{"count":3,"href":"https:\/\/attiliozanetti.com\/de\/wp-json\/wp\/v2\/product\/12476\/revisions"}],"predecessor-version":[{"id":15610,"href":"https:\/\/attiliozanetti.com\/de\/wp-json\/wp\/v2\/product\/12476\/revisions\/15610"}],"wp:featuredmedia":[{"embeddable":true,"href":"https:\/\/attiliozanetti.com\/de\/wp-json\/wp\/v2\/media\/12478"}],"wp:attachment":[{"href":"https:\/\/attiliozanetti.com\/de\/wp-json\/wp\/v2\/media?parent=12476"}],"wp:term":[{"taxonomy":"product_brand","embeddable":true,"href":"https:\/\/attiliozanetti.com\/de\/wp-json\/wp\/v2\/product_brand?post=12476"},{"taxonomy":"product_cat","embeddable":true,"href":"https:\/\/attiliozanetti.com\/de\/wp-json\/wp\/v2\/product_cat?post=12476"},{"taxonomy":"product_tag","embeddable":true,"href":"https:\/\/attiliozanetti.com\/de\/wp-json\/wp\/v2\/product_tag?post=12476"}],"curies":[{"name":"wp","href":"https:\/\/api.w.org\/{rel}","templated":true}]}}