{"id":12441,"date":"2025-01-16T16:22:33","date_gmt":"2025-01-16T15:22:33","guid":{"rendered":"https:\/\/attiliozanetti.com\/?post_type=product&#038;p=12441"},"modified":"2025-10-13T17:15:04","modified_gmt":"2025-10-13T15:15:04","slug":"ring-diamonds-black","status":"publish","type":"product","link":"https:\/\/attiliozanetti.com\/de\/product\/ring-diamonds-black\/","title":{"rendered":"DIAMANTRING SCHWARZ"},"content":{"rendered":"<p>Mod. MINAN25BMU9KT_19<\/p>\n<p class=\"p2\"><span style=\"color: #000000;\">Ring aus 9 kt br\u00fcniertem Wei\u00dfgold mit 25 schwarzen Diamanten.<\/span><\/p>\n<p>&nbsp;<\/p>\n<p class=\"p1\">","protected":false},"excerpt":{"rendered":"<p><span style=\"color: #000000;\">Mod. MINAN25BMU9KT_19<\/span><\/p>\n<p data-start=\"29\" data-end=\"466\"><span style=\"color: #000000;\">Ring aus 9 kt br\u00fcniertem Wei\u00dfgold, besetzt mit 25 schwarzen Diamanten. Ein Schmuckst\u00fcck mit entschlossenem und zeitgen\u00f6ssischem Charakter, das sich durch eine geometrische und massive Fassung auszeichnet, die ein Pav\u00e9 aus 25 schwarzen Diamanten auf der Spitze tr\u00e4gt. Die br\u00fcnierte Oberfl\u00e4che unterstreicht die Intensit\u00e4t der Diamanten und schafft einen raffinierten Kontrast mit starker optischer Wirkung. Ein Ring, der Eleganz und Modernit\u00e4t vereint, perfekt f\u00fcr alle, die sich durch einen einzigartigen Stil auszeichnen m\u00f6chten.<\/span><\/p>\n<p data-start=\"468\" data-end=\"479\"><span style=\"color: #000000;\">Einzelheiten:<\/span><\/p>\n<ul data-start=\"480\" data-end=\"603\">\n<li data-start=\"480\" data-end=\"507\">\n<p data-start=\"482\" data-end=\"507\"><span style=\"color: #000000;\">Br\u00fcniertes Wei\u00dfgold 9 kt<\/span><\/p>\n<\/li>\n<li data-start=\"508\" data-end=\"538\">\n<p data-start=\"510\" data-end=\"538\"><span style=\"color: #000000;\">25 nat\u00fcrliche schwarze Diamanten<\/span><\/p>\n<\/li>\n<li data-start=\"539\" data-end=\"575\">\n<p data-start=\"541\" data-end=\"575\"><span style=\"color: #000000;\">Italienische Handwerkskunst<\/span><\/p>\n<\/li>\n<li data-start=\"576\" data-end=\"603\">\n<p data-start=\"578\" data-end=\"603\"><span style=\"color: #000000;\">K\u00fchnes, modernes Design<\/span><\/p>\n<\/li>\n<\/ul>\n<p data-start=\"605\" data-end=\"708\"><span style=\"color: #000000;\">Die Lieferzeiten k\u00f6nnen je nach Liefergebiet variieren und betragen maximal drei Wochen.<\/span><\/p>\n<p data-start=\"605\" data-end=\"708\"><a style=\"color: #bbb; text-decoration: underline;\" href=\"https:\/\/attiliozanetti.com\/wp-content\/uploads\/2025\/10\/dimensione-anelli-attilio-zanetti.pdf\" target=\"_blank\" rel=\"noopener\">GUIDA ALLE TAGLIE<\/a><\/p>\n<p data-start=\"710\" data-end=\"814\"><span style=\"color: #000000;\">Wenn Sie dieses Produkt aus einem Nicht-EU-Land kaufen m\u00f6chten, wenden Sie sich bitte direkt an uns: <a class=\"cursor-pointer\" style=\"color: #000000;\" rel=\"noopener\" data-start=\"789\" data-end=\"812\">info@attiliozanetti.com<\/a><\/span><\/p>\n<p>&nbsp;<\/p>","protected":false},"featured_media":12463,"comment_status":"closed","ping_status":"closed","template":"","meta":{"_monsterinsights_skip_tracking":false,"_monsterinsights_sitenote_active":false,"_monsterinsights_sitenote_note":"","_monsterinsights_sitenote_category":0},"product_brand":[],"product_cat":[78,90,70],"product_tag":[],"class_list":{"0":"post-12441","1":"product","2":"type-product","3":"status-publish","4":"has-post-thumbnail","6":"product_cat-anelli","7":"product_cat-anelli-2","8":"product_cat-i-diamanti","9":"nt-post-class","10":"","16":"first","17":"instock","18":"shipping-taxable","19":"purchasable","20":"product-type-variable"},"_links":{"self":[{"href":"https:\/\/attiliozanetti.com\/de\/wp-json\/wp\/v2\/product\/12441","targetHints":{"allow":["GET"]}}],"collection":[{"href":"https:\/\/attiliozanetti.com\/de\/wp-json\/wp\/v2\/product"}],"about":[{"href":"https:\/\/attiliozanetti.com\/de\/wp-json\/wp\/v2\/types\/product"}],"replies":[{"embeddable":true,"href":"https:\/\/attiliozanetti.com\/de\/wp-json\/wp\/v2\/comments?post=12441"}],"version-history":[{"count":4,"href":"https:\/\/attiliozanetti.com\/de\/wp-json\/wp\/v2\/product\/12441\/revisions"}],"predecessor-version":[{"id":17075,"href":"https:\/\/attiliozanetti.com\/de\/wp-json\/wp\/v2\/product\/12441\/revisions\/17075"}],"wp:featuredmedia":[{"embeddable":true,"href":"https:\/\/attiliozanetti.com\/de\/wp-json\/wp\/v2\/media\/12463"}],"wp:attachment":[{"href":"https:\/\/attiliozanetti.com\/de\/wp-json\/wp\/v2\/media?parent=12441"}],"wp:term":[{"taxonomy":"product_brand","embeddable":true,"href":"https:\/\/attiliozanetti.com\/de\/wp-json\/wp\/v2\/product_brand?post=12441"},{"taxonomy":"product_cat","embeddable":true,"href":"https:\/\/attiliozanetti.com\/de\/wp-json\/wp\/v2\/product_cat?post=12441"},{"taxonomy":"product_tag","embeddable":true,"href":"https:\/\/attiliozanetti.com\/de\/wp-json\/wp\/v2\/product_tag?post=12441"}],"curies":[{"name":"wp","href":"https:\/\/api.w.org\/{rel}","templated":true}]}}