{"id":12394,"date":"2025-01-16T16:00:05","date_gmt":"2025-01-16T15:00:05","guid":{"rendered":"https:\/\/attiliozanetti.com\/?post_type=product&#038;p=12394"},"modified":"2025-10-13T17:15:34","modified_gmt":"2025-10-13T15:15:34","slug":"ring-diamonds-band-07","status":"publish","type":"product","link":"https:\/\/attiliozanetti.com\/de\/product\/ring-diamonds-band-07\/","title":{"rendered":"DIAMANTBAND 07"},"content":{"rendered":"<p>Mod. MINAN10WOB9KT_19<\/p>\n<p class=\"p2\"><span style=\"color: #000000;\">Gold Minimal 9 kt Wei\u00dfgoldband mit 10 wei\u00dfen Diamanten.<\/span><\/p>\n<p>&nbsp;<\/p>\n<p class=\"p1\">","protected":false},"excerpt":{"rendered":"<p><span style=\"color: #000000;\">Mod. MINAN10WOB9KT_19<\/span><\/p>\n<p data-start=\"50\" data-end=\"382\"><span style=\"color: #000000;\">Gold Minimal Ring aus 9 Karat Wei\u00dfgold mit 10 wei\u00dfen Diamanten. Ein essentielles und modernes Design, das die Reinheit des Wei\u00dfgolds mit dem Glanz der Diamanten verbindet, die in einer runden Fassung gefasst sind und jeden Winkel erhellen. Der elegante und raffinierte Ring kann allein getragen oder mit anderen Ringen kombiniert werden, um einen pers\u00f6nlichen Look zu kreieren.<\/span><\/p>\n<p data-start=\"384\" data-end=\"395\"><span style=\"color: #000000;\">Einzelheiten:<\/span><\/p>\n<ul data-start=\"396\" data-end=\"513\">\n<li data-start=\"396\" data-end=\"415\">\n<p data-start=\"398\" data-end=\"415\"><span style=\"color: #000000;\">9 kt Wei\u00dfgold<\/span><\/p>\n<\/li>\n<li data-start=\"416\" data-end=\"446\">\n<p data-start=\"418\" data-end=\"446\"><span style=\"color: #000000;\">10 nat\u00fcrliche wei\u00dfe Diamanten<\/span><\/p>\n<\/li>\n<li data-start=\"447\" data-end=\"483\">\n<p data-start=\"449\" data-end=\"483\"><span style=\"color: #000000;\">Italienische Handwerkskunst<\/span><\/p>\n<\/li>\n<li data-start=\"484\" data-end=\"513\">\n<p data-start=\"486\" data-end=\"513\"><span style=\"color: #000000;\">Modernes, minimalistisches Design<\/span><\/p>\n<\/li>\n<\/ul>\n<p data-start=\"515\" data-end=\"618\"><span style=\"color: #000000;\">Die Lieferzeiten k\u00f6nnen je nach Liefergebiet variieren und betragen maximal drei Wochen.<\/span><\/p>\n<p data-start=\"515\" data-end=\"618\"><a style=\"color: #bbb; text-decoration: underline;\" href=\"https:\/\/attiliozanetti.com\/wp-content\/uploads\/2025\/10\/dimensione-anelli-attilio-zanetti.pdf\" target=\"_blank\" rel=\"noopener\">GUIDA ALLE TAGLIE<\/a><\/p>\n<p data-start=\"620\" data-end=\"724\"><span style=\"color: #000000;\">Wenn Sie dieses Produkt aus einem Nicht-EU-Land kaufen m\u00f6chten, wenden Sie sich bitte direkt an uns: <a class=\"cursor-pointer\" style=\"color: #000000;\" rel=\"noopener\" data-start=\"699\" data-end=\"722\">info@attiliozanetti.com<\/a><\/span><\/p>","protected":false},"featured_media":12414,"comment_status":"closed","ping_status":"closed","template":"","meta":{"_monsterinsights_skip_tracking":false,"_monsterinsights_sitenote_active":false,"_monsterinsights_sitenote_note":"","_monsterinsights_sitenote_category":0},"product_brand":[],"product_cat":[78,90,70],"product_tag":[],"class_list":{"0":"post-12394","1":"product","2":"type-product","3":"status-publish","4":"has-post-thumbnail","6":"product_cat-anelli","7":"product_cat-anelli-2","8":"product_cat-i-diamanti","9":"nt-post-class","10":"","16":"first","17":"instock","18":"shipping-taxable","19":"purchasable","20":"product-type-variable"},"_links":{"self":[{"href":"https:\/\/attiliozanetti.com\/de\/wp-json\/wp\/v2\/product\/12394","targetHints":{"allow":["GET"]}}],"collection":[{"href":"https:\/\/attiliozanetti.com\/de\/wp-json\/wp\/v2\/product"}],"about":[{"href":"https:\/\/attiliozanetti.com\/de\/wp-json\/wp\/v2\/types\/product"}],"replies":[{"embeddable":true,"href":"https:\/\/attiliozanetti.com\/de\/wp-json\/wp\/v2\/comments?post=12394"}],"version-history":[{"count":4,"href":"https:\/\/attiliozanetti.com\/de\/wp-json\/wp\/v2\/product\/12394\/revisions"}],"predecessor-version":[{"id":17077,"href":"https:\/\/attiliozanetti.com\/de\/wp-json\/wp\/v2\/product\/12394\/revisions\/17077"}],"wp:featuredmedia":[{"embeddable":true,"href":"https:\/\/attiliozanetti.com\/de\/wp-json\/wp\/v2\/media\/12414"}],"wp:attachment":[{"href":"https:\/\/attiliozanetti.com\/de\/wp-json\/wp\/v2\/media?parent=12394"}],"wp:term":[{"taxonomy":"product_brand","embeddable":true,"href":"https:\/\/attiliozanetti.com\/de\/wp-json\/wp\/v2\/product_brand?post=12394"},{"taxonomy":"product_cat","embeddable":true,"href":"https:\/\/attiliozanetti.com\/de\/wp-json\/wp\/v2\/product_cat?post=12394"},{"taxonomy":"product_tag","embeddable":true,"href":"https:\/\/attiliozanetti.com\/de\/wp-json\/wp\/v2\/product_tag?post=12394"}],"curies":[{"name":"wp","href":"https:\/\/api.w.org\/{rel}","templated":true}]}}