{"id":12369,"date":"2025-01-16T15:48:46","date_gmt":"2025-01-16T14:48:46","guid":{"rendered":"https:\/\/attiliozanetti.com\/?post_type=product&#038;p=12369"},"modified":"2025-10-13T17:15:50","modified_gmt":"2025-10-13T15:15:50","slug":"ring-diamonds-band-08","status":"publish","type":"product","link":"https:\/\/attiliozanetti.com\/de\/product\/ring-diamonds-band-08\/","title":{"rendered":"DIAMANTBAND 08"},"content":{"rendered":"<p>Mod. MINAN10BFE9KT_2<\/p>\n<p><span style=\"color: #000000;\">Gold Minimal Bandring aus 9 kt Wei\u00dfgold mit 10 schwarzen Diamanten poliert. <\/span><\/p>\n<p class=\"p1\">","protected":false},"excerpt":{"rendered":"<p><span style=\"color: #000000;\">Mod. MINAN10BFE9KT_2<\/span><\/p>\n<p data-start=\"58\" data-end=\"425\"><span style=\"color: #000000;\">Goldring Minimal aus 9 k Wei\u00dfgold, br\u00fcniert mit 10 schwarzen Diamanten. Ein essentielles und zeitgem\u00e4\u00dfes Design, das die Intensit\u00e4t der br\u00fcnierten Oberfl\u00e4che mit der Eleganz der schwarzen Diamanten kombiniert, die in einer runden Fassung gefasst sind und einen k\u00fchnen und raffinierten Kontrast bilden. Ein modernes Schmuckst\u00fcck, das sich ideal als Einzelst\u00fcck oder in Kombination mit anderen Eheringen tragen l\u00e4sst, um eine pers\u00f6nliche Wirkung zu erzielen.<\/span><\/p>\n<p data-start=\"427\" data-end=\"438\"><span style=\"color: #000000;\">Einzelheiten:<\/span><\/p>\n<ul data-start=\"439\" data-end=\"564\">\n<li data-start=\"439\" data-end=\"466\">\n<p data-start=\"441\" data-end=\"466\"><span style=\"color: #000000;\">Br\u00fcniertes Wei\u00dfgold 9 kt<\/span><\/p>\n<\/li>\n<li data-start=\"467\" data-end=\"497\">\n<p data-start=\"469\" data-end=\"497\"><span style=\"color: #000000;\">10 nat\u00fcrliche schwarze Diamanten<\/span><\/p>\n<\/li>\n<li data-start=\"498\" data-end=\"534\">\n<p data-start=\"500\" data-end=\"534\"><span style=\"color: #000000;\">Italienische Handwerkskunst<\/span><\/p>\n<\/li>\n<li data-start=\"535\" data-end=\"564\">\n<p data-start=\"537\" data-end=\"564\"><span style=\"color: #000000;\">Modernes, minimalistisches Design<\/span><\/p>\n<\/li>\n<\/ul>\n<p data-start=\"566\" data-end=\"669\"><span style=\"color: #000000;\">Die Lieferzeiten k\u00f6nnen je nach Liefergebiet variieren und betragen maximal drei Wochen.<\/span><\/p>\n<p data-start=\"566\" data-end=\"669\"><a style=\"color: #bbb; text-decoration: underline;\" href=\"https:\/\/attiliozanetti.com\/wp-content\/uploads\/2025\/10\/dimensione-anelli-attilio-zanetti.pdf\" target=\"_blank\" rel=\"noopener\">GUIDA ALLE TAGLIE<\/a><\/p>\n<p data-start=\"671\" data-end=\"775\"><span style=\"color: #000000;\">Wenn Sie dieses Produkt aus einem Nicht-EU-Land kaufen m\u00f6chten, wenden Sie sich bitte direkt an uns: <a class=\"cursor-pointer\" style=\"color: #000000;\" rel=\"noopener\" data-start=\"750\" data-end=\"773\">info@attiliozanetti.com<\/a><\/span><\/p>\n<p>&nbsp;<\/p>","protected":false},"featured_media":12370,"comment_status":"closed","ping_status":"closed","template":"","meta":{"_monsterinsights_skip_tracking":false,"_monsterinsights_sitenote_active":false,"_monsterinsights_sitenote_note":"","_monsterinsights_sitenote_category":0},"product_brand":[],"product_cat":[78,90,70],"product_tag":[],"class_list":{"0":"post-12369","1":"product","2":"type-product","3":"status-publish","4":"has-post-thumbnail","6":"product_cat-anelli","7":"product_cat-anelli-2","8":"product_cat-i-diamanti","9":"nt-post-class","10":"","16":"first","17":"instock","18":"shipping-taxable","19":"purchasable","20":"product-type-variable"},"_links":{"self":[{"href":"https:\/\/attiliozanetti.com\/de\/wp-json\/wp\/v2\/product\/12369","targetHints":{"allow":["GET"]}}],"collection":[{"href":"https:\/\/attiliozanetti.com\/de\/wp-json\/wp\/v2\/product"}],"about":[{"href":"https:\/\/attiliozanetti.com\/de\/wp-json\/wp\/v2\/types\/product"}],"replies":[{"embeddable":true,"href":"https:\/\/attiliozanetti.com\/de\/wp-json\/wp\/v2\/comments?post=12369"}],"version-history":[{"count":5,"href":"https:\/\/attiliozanetti.com\/de\/wp-json\/wp\/v2\/product\/12369\/revisions"}],"predecessor-version":[{"id":17078,"href":"https:\/\/attiliozanetti.com\/de\/wp-json\/wp\/v2\/product\/12369\/revisions\/17078"}],"wp:featuredmedia":[{"embeddable":true,"href":"https:\/\/attiliozanetti.com\/de\/wp-json\/wp\/v2\/media\/12370"}],"wp:attachment":[{"href":"https:\/\/attiliozanetti.com\/de\/wp-json\/wp\/v2\/media?parent=12369"}],"wp:term":[{"taxonomy":"product_brand","embeddable":true,"href":"https:\/\/attiliozanetti.com\/de\/wp-json\/wp\/v2\/product_brand?post=12369"},{"taxonomy":"product_cat","embeddable":true,"href":"https:\/\/attiliozanetti.com\/de\/wp-json\/wp\/v2\/product_cat?post=12369"},{"taxonomy":"product_tag","embeddable":true,"href":"https:\/\/attiliozanetti.com\/de\/wp-json\/wp\/v2\/product_tag?post=12369"}],"curies":[{"name":"wp","href":"https:\/\/api.w.org\/{rel}","templated":true}]}}