{"id":12337,"date":"2025-01-16T15:00:17","date_gmt":"2025-01-16T14:00:17","guid":{"rendered":"https:\/\/attiliozanetti.com\/?post_type=product&#038;p=12337"},"modified":"2025-10-13T17:16:07","modified_gmt":"2025-10-13T15:16:07","slug":"ring-masterpieces-diamond-3","status":"publish","type":"product","link":"https:\/\/attiliozanetti.com\/de\/product\/ring-masterpieces-diamond-3\/","title":{"rendered":"MEISTERWERK RING DIAMANTBAND"},"content":{"rendered":"<p>Mod. AN MASTER3<\/p>\n<p class=\"p2\"><span style=\"color: #000000;\">Bandring aus der Kollektion Masterpieces, aus Wei\u00df- und Ros\u00e9gold.<br \/>\n<\/span>F\u00fcr weitere Informationen kontaktieren Sie uns unter info@attiliozanetti.com<\/p>\n<p class=\"p1\">","protected":false},"excerpt":{"rendered":"<p><span style=\"color: #000000;\">Mod. AN MASTER3<\/span><\/p>\n<p data-start=\"105\" data-end=\"456\"><span style=\"color: #000000;\">Bandring aus der Kollektion Masterpieces, aus Wei\u00df- und Ros\u00e9gold.<\/span><br data-start=\"188\" data-end=\"191\" \/><span style=\"color: #000000;\">Das imposante und raffinierte Design zeichnet sich durch ein zentrales Detail aus, das mit Diamanten besetzt ist, die sich auch an den \u00e4u\u00dferen R\u00e4ndern wiederfinden und einen leuchtenden und sehr prestigetr\u00e4chtigen Effekt erzeugen. Ein exklusives Schmuckst\u00fcck, das St\u00e4rke und Raffinesse vereint.<\/span><\/p>\n<p data-start=\"458\" data-end=\"469\"><span style=\"color: #000000;\">Einzelheiten:<\/span><\/p>\n<ul data-start=\"470\" data-end=\"525\">\n<li data-start=\"470\" data-end=\"495\">\n<p data-start=\"472\" data-end=\"495\"><span style=\"color: #000000;\">Wei\u00df und Ros\u00e9gold<\/span><\/p>\n<\/li>\n<li data-start=\"496\" data-end=\"525\">\n<p data-start=\"498\" data-end=\"525\"><span style=\"color: #000000;\">Nat\u00fcrliche wei\u00dfe Diamanten<\/span><\/p>\n<\/li>\n<li data-start=\"496\" data-end=\"525\">\n<p data-start=\"498\" data-end=\"525\"><span style=\"color: #000000;\">Preis und Personalisierung auf Anfrage<\/span><\/p>\n<\/li>\n<\/ul>\n<p data-start=\"571\" data-end=\"674\"><span style=\"color: #000000;\">Die Lieferzeiten k\u00f6nnen je nach Liefergebiet variieren und betragen maximal drei Wochen.<\/span><\/p>\n<p data-start=\"571\" data-end=\"674\"><a style=\"color: #bbb; text-decoration: underline;\" href=\"https:\/\/attiliozanetti.com\/wp-content\/uploads\/2025\/10\/dimensione-anelli-attilio-zanetti.pdf\" target=\"_blank\" rel=\"noopener\">GUIDA ALLE TAGLIE<\/a><\/p>\n<p data-start=\"676\" data-end=\"780\"><span style=\"color: #000000;\">Wenn Sie dieses Produkt aus einem Nicht-EU-Land kaufen m\u00f6chten, wenden Sie sich bitte direkt an uns: <a class=\"cursor-pointer\" style=\"color: #000000;\" rel=\"noopener\" data-start=\"755\" data-end=\"778\">info@attiliozanetti.com<\/a><\/span><\/p>","protected":false},"featured_media":12338,"comment_status":"closed","ping_status":"closed","template":"","meta":{"_monsterinsights_skip_tracking":false,"_monsterinsights_sitenote_active":false,"_monsterinsights_sitenote_note":"","_monsterinsights_sitenote_category":0},"product_brand":[],"product_cat":[90,77],"product_tag":[],"class_list":{"0":"post-12337","1":"product","2":"type-product","3":"status-publish","4":"has-post-thumbnail","6":"product_cat-anelli-2","7":"product_cat-masterpieces","8":"nt-post-class","9":"","15":"first","16":"outofstock","17":"shipping-taxable","18":"product-type-simple"},"_links":{"self":[{"href":"https:\/\/attiliozanetti.com\/de\/wp-json\/wp\/v2\/product\/12337","targetHints":{"allow":["GET"]}}],"collection":[{"href":"https:\/\/attiliozanetti.com\/de\/wp-json\/wp\/v2\/product"}],"about":[{"href":"https:\/\/attiliozanetti.com\/de\/wp-json\/wp\/v2\/types\/product"}],"replies":[{"embeddable":true,"href":"https:\/\/attiliozanetti.com\/de\/wp-json\/wp\/v2\/comments?post=12337"}],"version-history":[{"count":6,"href":"https:\/\/attiliozanetti.com\/de\/wp-json\/wp\/v2\/product\/12337\/revisions"}],"predecessor-version":[{"id":17079,"href":"https:\/\/attiliozanetti.com\/de\/wp-json\/wp\/v2\/product\/12337\/revisions\/17079"}],"wp:featuredmedia":[{"embeddable":true,"href":"https:\/\/attiliozanetti.com\/de\/wp-json\/wp\/v2\/media\/12338"}],"wp:attachment":[{"href":"https:\/\/attiliozanetti.com\/de\/wp-json\/wp\/v2\/media?parent=12337"}],"wp:term":[{"taxonomy":"product_brand","embeddable":true,"href":"https:\/\/attiliozanetti.com\/de\/wp-json\/wp\/v2\/product_brand?post=12337"},{"taxonomy":"product_cat","embeddable":true,"href":"https:\/\/attiliozanetti.com\/de\/wp-json\/wp\/v2\/product_cat?post=12337"},{"taxonomy":"product_tag","embeddable":true,"href":"https:\/\/attiliozanetti.com\/de\/wp-json\/wp\/v2\/product_tag?post=12337"}],"curies":[{"name":"wp","href":"https:\/\/api.w.org\/{rel}","templated":true}]}}