{"id":12334,"date":"2025-01-16T14:58:08","date_gmt":"2025-01-16T13:58:08","guid":{"rendered":"https:\/\/attiliozanetti.com\/?post_type=product&#038;p=12334"},"modified":"2025-10-13T17:16:21","modified_gmt":"2025-10-13T15:16:21","slug":"ring-masterpieces-diamond-solitare-2","status":"publish","type":"product","link":"https:\/\/attiliozanetti.com\/de\/product\/ring-masterpieces-diamond-solitare-2\/","title":{"rendered":"MEISTERWERK RING DIAMANT SOLIT\u00c4R"},"content":{"rendered":"<p>Mod. AN MASTER2<\/p>\n<p class=\"p2\"><span style=\"color: #000000;\">Wei\u00dfgoldring mit zentralem Diamanten, umgeben von wei\u00dfen Naturdiamanten.<\/span><br \/>\n<span style=\"color: #000000;\">F\u00fcr weitere Informationen kontaktieren Sie uns unter info@attiliozanetti.com<\/span><\/p>\n<p class=\"p1\">","protected":false},"excerpt":{"rendered":"<p data-start=\"77\" data-end=\"425\"><span style=\"color: #000000;\">Wei\u00dfgoldring mit zentralem Diamanten, umgeben von wei\u00dfen Naturdiamanten.<\/span><br data-start=\"160\" data-end=\"163\" \/><span style=\"color: #000000;\">Das klassische und leuchtende Design, bei dem der Hauptdiamant durch eine Krone aus kleineren Steinen hervorgehoben wird, erzeugt einen Effekt von au\u00dfergew\u00f6hnlicher Brillanz. Ein elegantes und zeitloses Schmuckst\u00fcck, perfekt f\u00fcr alle, die einen Ring mit einer raffinierten und prestigetr\u00e4chtigen Wirkung suchen.<\/span><\/p>\n<p data-start=\"427\" data-end=\"438\"><span style=\"color: #000000;\">Einzelheiten:<\/span><\/p>\n<ul data-start=\"439\" data-end=\"483\">\n<li data-start=\"439\" data-end=\"453\">\n<p data-start=\"441\" data-end=\"453\"><span style=\"color: #000000;\">Wei\u00dfgold<\/span><\/p>\n<\/li>\n<li data-start=\"454\" data-end=\"483\">\n<p data-start=\"456\" data-end=\"483\"><span style=\"color: #000000;\">Nat\u00fcrliche wei\u00dfe Diamanten<\/span><\/p>\n<\/li>\n<li data-start=\"454\" data-end=\"483\"><span style=\"color: #000000;\">Preis und Personalisierung auf Anfrage<\/span><\/li>\n<\/ul>\n<p data-start=\"485\" data-end=\"588\"><span style=\"color: #000000;\">Die Lieferzeiten k\u00f6nnen je nach Liefergebiet variieren und betragen maximal drei Wochen.<\/span><\/p>\n<p data-start=\"485\" data-end=\"588\"><a style=\"color: #bbb; text-decoration: underline;\" href=\"https:\/\/attiliozanetti.com\/wp-content\/uploads\/2025\/10\/dimensione-anelli-attilio-zanetti.pdf\" target=\"_blank\" rel=\"noopener\">GUIDA ALLE TAGLIE<\/a><\/p>\n<p data-start=\"590\" data-end=\"694\"><span style=\"color: #000000;\">Wenn Sie dieses Produkt aus einem Nicht-EU-Land kaufen m\u00f6chten, wenden Sie sich bitte direkt an uns: <a class=\"cursor-pointer\" style=\"color: #000000;\" rel=\"noopener\" data-start=\"669\" data-end=\"692\">info@attiliozanetti.com<\/a><\/span><\/p>","protected":false},"featured_media":12335,"comment_status":"closed","ping_status":"closed","template":"","meta":{"_monsterinsights_skip_tracking":false,"_monsterinsights_sitenote_active":false,"_monsterinsights_sitenote_note":"","_monsterinsights_sitenote_category":0},"product_brand":[],"product_cat":[90,77],"product_tag":[],"class_list":{"0":"post-12334","1":"product","2":"type-product","3":"status-publish","4":"has-post-thumbnail","6":"product_cat-anelli-2","7":"product_cat-masterpieces","8":"nt-post-class","9":"","15":"first","16":"outofstock","17":"shipping-taxable","18":"product-type-simple"},"_links":{"self":[{"href":"https:\/\/attiliozanetti.com\/de\/wp-json\/wp\/v2\/product\/12334","targetHints":{"allow":["GET"]}}],"collection":[{"href":"https:\/\/attiliozanetti.com\/de\/wp-json\/wp\/v2\/product"}],"about":[{"href":"https:\/\/attiliozanetti.com\/de\/wp-json\/wp\/v2\/types\/product"}],"replies":[{"embeddable":true,"href":"https:\/\/attiliozanetti.com\/de\/wp-json\/wp\/v2\/comments?post=12334"}],"version-history":[{"count":7,"href":"https:\/\/attiliozanetti.com\/de\/wp-json\/wp\/v2\/product\/12334\/revisions"}],"predecessor-version":[{"id":17080,"href":"https:\/\/attiliozanetti.com\/de\/wp-json\/wp\/v2\/product\/12334\/revisions\/17080"}],"wp:featuredmedia":[{"embeddable":true,"href":"https:\/\/attiliozanetti.com\/de\/wp-json\/wp\/v2\/media\/12335"}],"wp:attachment":[{"href":"https:\/\/attiliozanetti.com\/de\/wp-json\/wp\/v2\/media?parent=12334"}],"wp:term":[{"taxonomy":"product_brand","embeddable":true,"href":"https:\/\/attiliozanetti.com\/de\/wp-json\/wp\/v2\/product_brand?post=12334"},{"taxonomy":"product_cat","embeddable":true,"href":"https:\/\/attiliozanetti.com\/de\/wp-json\/wp\/v2\/product_cat?post=12334"},{"taxonomy":"product_tag","embeddable":true,"href":"https:\/\/attiliozanetti.com\/de\/wp-json\/wp\/v2\/product_tag?post=12334"}],"curies":[{"name":"wp","href":"https:\/\/api.w.org\/{rel}","templated":true}]}}