{"id":12216,"date":"2024-12-17T09:07:23","date_gmt":"2024-12-17T08:07:23","guid":{"rendered":"https:\/\/attiliozanetti.com\/?post_type=product&#038;p=12216"},"modified":"2025-08-19T13:01:07","modified_gmt":"2025-08-19T11:01:07","slug":"collana-oro-giallo-diamanti","status":"publish","type":"product","link":"https:\/\/attiliozanetti.com\/de\/product\/collana-oro-giallo-diamanti\/","title":{"rendered":"MEISTERWERK HALSKETTE 01"},"content":{"rendered":"<p>Mod. CL 5031<\/p>\n<p class=\"p2\">Halskette aus 18-kar\u00e4tigem Gelbgold aus der Kollektion Masterpieces mit Verschluss aus 18-kar\u00e4tigem Wei\u00dfgold, besetzt mit nat\u00fcrlichen Diamanten.<\/p>\n<p class=\"p1\">","protected":false},"excerpt":{"rendered":"<p>Mod. CL 5031<\/p>\n<p data-start=\"145\" data-end=\"390\">Halskette aus 18-kar\u00e4tigem Gelbgold aus der Kollektion Masterpieces mit einem Verschluss aus 18-kar\u00e4tigem Wei\u00dfgold, besetzt mit nat\u00fcrlichen Diamanten. Der Kontrast zwischen der matten Oberfl\u00e4che der Goldglieder und dem Glanz der Pav\u00e9-Details schafft ein Gleichgewicht zwischen St\u00e4rke und Raffinesse.<\/p>\n<p data-start=\"392\" data-end=\"405\"><strong data-start=\"392\" data-end=\"405\">Einzelheiten:<\/strong><\/p>\n<ul data-start=\"406\" data-end=\"517\">\n<li data-start=\"406\" data-end=\"426\">\n<p data-start=\"408\" data-end=\"426\">18 kt Gelbgold<\/p>\n<\/li>\n<li data-start=\"427\" data-end=\"459\">\n<p data-start=\"429\" data-end=\"459\">Schlie\u00dfe aus 18 kt Wei\u00dfgold<\/p>\n<\/li>\n<li data-start=\"460\" data-end=\"493\">\n<p data-start=\"462\" data-end=\"493\">Nat\u00fcrliche Diamanten gefasst<\/p>\n<\/li>\n<li data-start=\"494\" data-end=\"517\">\n<p data-start=\"496\" data-end=\"517\">Ovales Netzdesign<\/p>\n<\/li>\n<\/ul>\n<p class=\"cvGsUA direction-ltr align-center para-style-body\"><span class=\"OYPEnA font-feature-liga-off font-feature-clig-off font-feature-calt-off text-decoration-none text-strikethrough-none\">Die Lieferzeiten k\u00f6nnen je nach Liefergebiet variieren und betragen maximal drei Wochen.<br \/>\n<\/span><span class=\"OYPEnA font-feature-liga-off font-feature-clig-off font-feature-calt-off text-decoration-none text-strikethrough-none\"><br \/>\nUm dieses Produkt aus einem Nicht-EU-Land zu kaufen, kontaktieren Sie uns bitte direkt: info@attiliozanetti.com<\/span><\/p>\n<p>&nbsp;<\/p>\n<p>&nbsp;<\/p>\n<p>&nbsp;<\/p>","protected":false},"featured_media":12217,"comment_status":"closed","ping_status":"closed","template":"","meta":{"_monsterinsights_skip_tracking":false,"_monsterinsights_sitenote_active":false,"_monsterinsights_sitenote_note":"","_monsterinsights_sitenote_category":0},"product_brand":[],"product_cat":[93,77],"product_tag":[],"class_list":{"0":"post-12216","1":"product","2":"type-product","3":"status-publish","4":"has-post-thumbnail","6":"product_cat-collane-all","7":"product_cat-masterpieces","8":"nt-post-class","9":"","15":"first","16":"instock","17":"shipping-taxable","18":"purchasable","19":"product-type-simple"},"_links":{"self":[{"href":"https:\/\/attiliozanetti.com\/de\/wp-json\/wp\/v2\/product\/12216","targetHints":{"allow":["GET"]}}],"collection":[{"href":"https:\/\/attiliozanetti.com\/de\/wp-json\/wp\/v2\/product"}],"about":[{"href":"https:\/\/attiliozanetti.com\/de\/wp-json\/wp\/v2\/types\/product"}],"replies":[{"embeddable":true,"href":"https:\/\/attiliozanetti.com\/de\/wp-json\/wp\/v2\/comments?post=12216"}],"version-history":[{"count":8,"href":"https:\/\/attiliozanetti.com\/de\/wp-json\/wp\/v2\/product\/12216\/revisions"}],"predecessor-version":[{"id":15121,"href":"https:\/\/attiliozanetti.com\/de\/wp-json\/wp\/v2\/product\/12216\/revisions\/15121"}],"wp:featuredmedia":[{"embeddable":true,"href":"https:\/\/attiliozanetti.com\/de\/wp-json\/wp\/v2\/media\/12217"}],"wp:attachment":[{"href":"https:\/\/attiliozanetti.com\/de\/wp-json\/wp\/v2\/media?parent=12216"}],"wp:term":[{"taxonomy":"product_brand","embeddable":true,"href":"https:\/\/attiliozanetti.com\/de\/wp-json\/wp\/v2\/product_brand?post=12216"},{"taxonomy":"product_cat","embeddable":true,"href":"https:\/\/attiliozanetti.com\/de\/wp-json\/wp\/v2\/product_cat?post=12216"},{"taxonomy":"product_tag","embeddable":true,"href":"https:\/\/attiliozanetti.com\/de\/wp-json\/wp\/v2\/product_tag?post=12216"}],"curies":[{"name":"wp","href":"https:\/\/api.w.org\/{rel}","templated":true}]}}