{"id":12117,"date":"2024-12-03T14:59:36","date_gmt":"2024-12-03T13:59:36","guid":{"rendered":"https:\/\/attiliozanetti.com\/?post_type=product&#038;p=12117"},"modified":"2025-08-18T20:42:52","modified_gmt":"2025-08-18T18:42:52","slug":"orecchini-oro-bianco-4791","status":"publish","type":"product","link":"https:\/\/attiliozanetti.com\/de\/product\/orecchini-oro-bianco-4791\/","title":{"rendered":"DIAMANT-OHRRINGE KREISE 02"},"content":{"rendered":"<p>Mod. OR 4791<\/p>\n<p class=\"cvGsUA direction-ltr align-justify para-style-body\"><span class=\"OYPEnA font-feature-liga-off font-feature-clig-off font-feature-calt-off text-decoration-none text-strikethrough-none\">Halbkreisf\u00f6rmige Ohrringe aus Wei\u00dfgold mit nat\u00fcrlichen Diamanten von 0,32 Karat.<\/span><\/p>\n<p class=\"p1\">","protected":false},"excerpt":{"rendered":"<p>Mod. OR 4791<\/p>\n<p class=\"cvGsUA direction-ltr align-justify para-style-body\"><span class=\"OYPEnA font-feature-liga-off font-feature-clig-off font-feature-calt-off text-decoration-none text-strikethrough-none\">Halbkreisf\u00f6rmige Ohrringe aus Wei\u00dfgold, besetzt mit nat\u00fcrlichen Diamanten von 0,32 Karat. Ein raffiniertes und strukturiertes Design mit einer artikulierten Fassung in Tennisoptik, die die gefassten Diamanten hervorhebt.<\/span><\/p>\n<p class=\"cvGsUA direction-ltr align-justify para-style-body\"><span class=\"OYPEnA font-feature-liga-off font-feature-clig-off font-feature-calt-off text-decoration-none text-strikethrough-none\">Einzelheiten:<\/span><\/p>\n<ul>\n<li><span class=\"OYPEnA font-feature-liga-off font-feature-clig-off font-feature-calt-off text-decoration-none text-strikethrough-none\">Wei\u00dfgold<\/span><\/li>\n<li><span class=\"OYPEnA font-feature-liga-off font-feature-clig-off font-feature-calt-off text-decoration-none text-strikethrough-none\">Wei\u00dfe nat\u00fcrliche Diamanten 0,32 ct.<\/span><\/li>\n<\/ul>\n<p class=\"cvGsUA direction-ltr align-justify para-style-body\"><span class=\"OYPEnA font-feature-liga-off font-feature-clig-off font-feature-calt-off text-decoration-none text-strikethrough-none\">Die Lieferzeiten k\u00f6nnen je nach Liefergebiet variieren und betragen maximal drei Wochen.<\/span><\/p>\n<p><span class=\"OYPEnA font-feature-liga-off font-feature-clig-off font-feature-calt-off text-decoration-none text-strikethrough-none\">Um dieses Produkt aus einem Nicht-EU-Land zu kaufen, kontaktieren Sie uns bitte direkt: info@attiliozanetti.com<\/span><\/p>","protected":false},"featured_media":12118,"comment_status":"closed","ping_status":"closed","template":"","meta":{"_monsterinsights_skip_tracking":false,"_monsterinsights_sitenote_active":false,"_monsterinsights_sitenote_note":"","_monsterinsights_sitenote_category":0},"product_brand":[],"product_cat":[70,79],"product_tag":[],"class_list":{"0":"post-12117","1":"product","2":"type-product","3":"status-publish","4":"has-post-thumbnail","6":"product_cat-i-diamanti","7":"product_cat-orecchini","8":"nt-post-class","9":"","15":"first","16":"instock","17":"shipping-taxable","18":"purchasable","19":"product-type-simple"},"_links":{"self":[{"href":"https:\/\/attiliozanetti.com\/de\/wp-json\/wp\/v2\/product\/12117","targetHints":{"allow":["GET"]}}],"collection":[{"href":"https:\/\/attiliozanetti.com\/de\/wp-json\/wp\/v2\/product"}],"about":[{"href":"https:\/\/attiliozanetti.com\/de\/wp-json\/wp\/v2\/types\/product"}],"replies":[{"embeddable":true,"href":"https:\/\/attiliozanetti.com\/de\/wp-json\/wp\/v2\/comments?post=12117"}],"version-history":[{"count":5,"href":"https:\/\/attiliozanetti.com\/de\/wp-json\/wp\/v2\/product\/12117\/revisions"}],"predecessor-version":[{"id":15150,"href":"https:\/\/attiliozanetti.com\/de\/wp-json\/wp\/v2\/product\/12117\/revisions\/15150"}],"wp:featuredmedia":[{"embeddable":true,"href":"https:\/\/attiliozanetti.com\/de\/wp-json\/wp\/v2\/media\/12118"}],"wp:attachment":[{"href":"https:\/\/attiliozanetti.com\/de\/wp-json\/wp\/v2\/media?parent=12117"}],"wp:term":[{"taxonomy":"product_brand","embeddable":true,"href":"https:\/\/attiliozanetti.com\/de\/wp-json\/wp\/v2\/product_brand?post=12117"},{"taxonomy":"product_cat","embeddable":true,"href":"https:\/\/attiliozanetti.com\/de\/wp-json\/wp\/v2\/product_cat?post=12117"},{"taxonomy":"product_tag","embeddable":true,"href":"https:\/\/attiliozanetti.com\/de\/wp-json\/wp\/v2\/product_tag?post=12117"}],"curies":[{"name":"wp","href":"https:\/\/api.w.org\/{rel}","templated":true}]}}