{"id":12076,"date":"2024-12-03T12:03:37","date_gmt":"2024-12-03T11:03:37","guid":{"rendered":"https:\/\/attiliozanetti.com\/?post_type=product&#038;p=12076"},"modified":"2025-10-13T17:17:55","modified_gmt":"2025-10-13T15:17:55","slug":"ring-diamond-gold-4993","status":"publish","type":"product","link":"https:\/\/attiliozanetti.com\/de\/product\/ring-diamond-gold-4993\/","title":{"rendered":"DIAMANTRING TWIST"},"content":{"rendered":"<p>Mod. AN 4993<\/p>\n<p class=\"p2\"><span style=\"color: #000000;\">Ring aus Wei\u00dfgold mit wei\u00dfen Naturdiamanten von insgesamt 1,91 ct.<\/span><\/p>\n<p class=\"p1\">","protected":false},"excerpt":{"rendered":"<p><span style=\"color: #000000;\">Mod. AN 4993<\/span><\/p>\n<p data-start=\"92\" data-end=\"401\"><span style=\"color: #000000;\">Ring aus Wei\u00dfgold mit wei\u00dfen Naturdiamanten von insgesamt 1,91 ct.<\/span><br data-start=\"177\" data-end=\"180\" \/><span style=\"color: #000000;\">Das verschlungene, elegante und szenische Design besteht aus sich \u00fcberschneidenden Linien, die ein raffiniertes Spiel aus Licht und Bewegung erzeugen. Ein Schmuckst\u00fcck mit einer starken visuellen Wirkung, das Leuchtkraft und zeitgen\u00f6ssischen Stil vereint.<\/span><\/p>\n<p data-start=\"403\" data-end=\"414\"><span style=\"color: #000000;\">Einzelheiten:<\/span><\/p>\n<ul data-start=\"415\" data-end=\"467\">\n<li data-start=\"415\" data-end=\"429\">\n<p data-start=\"417\" data-end=\"429\"><span style=\"color: #000000;\">Wei\u00dfgold<\/span><\/p>\n<\/li>\n<li data-start=\"430\" data-end=\"467\">\n<p data-start=\"432\" data-end=\"467\"><span style=\"color: #000000;\">Nat\u00fcrliche wei\u00dfe Diamanten 1,91 ct<\/span><\/p>\n<\/li>\n<\/ul>\n<p data-start=\"469\" data-end=\"572\"><span style=\"color: #000000;\">Die Lieferzeiten k\u00f6nnen je nach Liefergebiet variieren und betragen maximal drei Wochen.<\/span><\/p>\n<p data-start=\"469\" data-end=\"572\"><a style=\"color: #bbb; text-decoration: underline;\" href=\"https:\/\/attiliozanetti.com\/wp-content\/uploads\/2025\/10\/dimensione-anelli-attilio-zanetti.pdf\" target=\"_blank\" rel=\"noopener\">GUIDA ALLE TAGLIE<\/a><\/p>\n<p data-start=\"574\" data-end=\"678\"><span style=\"color: #000000;\">Wenn Sie dieses Produkt aus einem Nicht-EU-Land kaufen m\u00f6chten, wenden Sie sich bitte direkt an uns: <a class=\"cursor-pointer\" style=\"color: #000000;\" rel=\"noopener\" data-start=\"653\" data-end=\"676\">info@attiliozanetti.com<\/a><\/span><\/p>","protected":false},"featured_media":12077,"comment_status":"closed","ping_status":"closed","template":"","meta":{"_monsterinsights_skip_tracking":false,"_monsterinsights_sitenote_active":false,"_monsterinsights_sitenote_note":"","_monsterinsights_sitenote_category":0},"product_brand":[],"product_cat":[78,90,70],"product_tag":[],"class_list":{"0":"post-12076","1":"product","2":"type-product","3":"status-publish","4":"has-post-thumbnail","6":"product_cat-anelli","7":"product_cat-anelli-2","8":"product_cat-i-diamanti","9":"nt-post-class","10":"","16":"first","17":"instock","18":"shipping-taxable","19":"purchasable","20":"product-type-variable"},"_links":{"self":[{"href":"https:\/\/attiliozanetti.com\/de\/wp-json\/wp\/v2\/product\/12076","targetHints":{"allow":["GET"]}}],"collection":[{"href":"https:\/\/attiliozanetti.com\/de\/wp-json\/wp\/v2\/product"}],"about":[{"href":"https:\/\/attiliozanetti.com\/de\/wp-json\/wp\/v2\/types\/product"}],"replies":[{"embeddable":true,"href":"https:\/\/attiliozanetti.com\/de\/wp-json\/wp\/v2\/comments?post=12076"}],"version-history":[{"count":5,"href":"https:\/\/attiliozanetti.com\/de\/wp-json\/wp\/v2\/product\/12076\/revisions"}],"predecessor-version":[{"id":17086,"href":"https:\/\/attiliozanetti.com\/de\/wp-json\/wp\/v2\/product\/12076\/revisions\/17086"}],"wp:featuredmedia":[{"embeddable":true,"href":"https:\/\/attiliozanetti.com\/de\/wp-json\/wp\/v2\/media\/12077"}],"wp:attachment":[{"href":"https:\/\/attiliozanetti.com\/de\/wp-json\/wp\/v2\/media?parent=12076"}],"wp:term":[{"taxonomy":"product_brand","embeddable":true,"href":"https:\/\/attiliozanetti.com\/de\/wp-json\/wp\/v2\/product_brand?post=12076"},{"taxonomy":"product_cat","embeddable":true,"href":"https:\/\/attiliozanetti.com\/de\/wp-json\/wp\/v2\/product_cat?post=12076"},{"taxonomy":"product_tag","embeddable":true,"href":"https:\/\/attiliozanetti.com\/de\/wp-json\/wp\/v2\/product_tag?post=12076"}],"curies":[{"name":"wp","href":"https:\/\/api.w.org\/{rel}","templated":true}]}}