{"id":12064,"date":"2024-12-03T11:55:09","date_gmt":"2024-12-03T10:55:09","guid":{"rendered":"https:\/\/attiliozanetti.com\/?post_type=product&#038;p=12064"},"modified":"2025-10-13T17:18:15","modified_gmt":"2025-10-13T15:18:15","slug":"ring-diamonds-gold-4977","status":"publish","type":"product","link":"https:\/\/attiliozanetti.com\/de\/product\/ring-diamonds-gold-4977\/","title":{"rendered":"DIAMANTBAND 02"},"content":{"rendered":"<p>Mod. AN 4977<\/p>\n<p class=\"p2\"><span style=\"color: #000000;\">Ring aus Wei\u00dfgold mit f\u00fcnf wei\u00dfen Naturdiamanten von insgesamt 0,45 ct.<\/span><\/p>\n<p class=\"p1\">","protected":false},"excerpt":{"rendered":"<p>Mod. AN 4977<\/p>\n<p data-start=\"141\" data-end=\"395\"><span style=\"color: #000000;\">Ring aus Wei\u00dfgold mit f\u00fcnf wei\u00dfen Naturdiamanten von insgesamt 0,45 ct.<\/span><br data-start=\"217\" data-end=\"220\" \/><span style=\"color: #000000;\">Das Design des Bandrings mit vorderseitigen Diamanten dr\u00fcckt zeitlose Eleganz und raffinierte Leuchtkraft aus und eignet sich sowohl als Solit\u00e4rring als auch als Jubil\u00e4umsring.<\/span><\/p>\n<p data-start=\"397\" data-end=\"408\"><span style=\"color: #000000;\">Einzelheiten:<\/span><\/p>\n<ul data-start=\"409\" data-end=\"461\">\n<li data-start=\"409\" data-end=\"423\">\n<p data-start=\"411\" data-end=\"423\"><span style=\"color: #000000;\">Wei\u00dfgold<\/span><\/p>\n<\/li>\n<li data-start=\"424\" data-end=\"461\">\n<p data-start=\"426\" data-end=\"461\"><span style=\"color: #000000;\">F\u00fcnf nat\u00fcrliche wei\u00dfe Diamanten 0,45 ct<\/span><\/p>\n<\/li>\n<\/ul>\n<p data-start=\"463\" data-end=\"566\"><span style=\"color: #000000;\">Die Lieferzeiten k\u00f6nnen je nach Liefergebiet variieren und betragen maximal drei Wochen.<\/span><\/p>\n<p data-start=\"463\" data-end=\"566\"><a style=\"color: #bbb; text-decoration: underline;\" href=\"https:\/\/attiliozanetti.com\/wp-content\/uploads\/2025\/10\/dimensione-anelli-attilio-zanetti.pdf\" target=\"_blank\" rel=\"noopener\">GUIDA ALLE TAGLIE<\/a><\/p>\n<p data-start=\"568\" data-end=\"672\"><span style=\"color: #000000;\">Wenn Sie dieses Produkt aus einem Nicht-EU-Land kaufen m\u00f6chten, wenden Sie sich bitte direkt an uns: <a class=\"cursor-pointer\" style=\"color: #000000;\" rel=\"noopener\" data-start=\"647\" data-end=\"670\">info@attiliozanetti.com<\/a><\/span><\/p>","protected":false},"featured_media":12065,"comment_status":"closed","ping_status":"closed","template":"","meta":{"_monsterinsights_skip_tracking":false,"_monsterinsights_sitenote_active":false,"_monsterinsights_sitenote_note":"","_monsterinsights_sitenote_category":0},"product_brand":[],"product_cat":[78,90,70],"product_tag":[],"class_list":{"0":"post-12064","1":"product","2":"type-product","3":"status-publish","4":"has-post-thumbnail","6":"product_cat-anelli","7":"product_cat-anelli-2","8":"product_cat-i-diamanti","9":"nt-post-class","10":"","16":"first","17":"instock","18":"shipping-taxable","19":"purchasable","20":"product-type-variable"},"_links":{"self":[{"href":"https:\/\/attiliozanetti.com\/de\/wp-json\/wp\/v2\/product\/12064","targetHints":{"allow":["GET"]}}],"collection":[{"href":"https:\/\/attiliozanetti.com\/de\/wp-json\/wp\/v2\/product"}],"about":[{"href":"https:\/\/attiliozanetti.com\/de\/wp-json\/wp\/v2\/types\/product"}],"replies":[{"embeddable":true,"href":"https:\/\/attiliozanetti.com\/de\/wp-json\/wp\/v2\/comments?post=12064"}],"version-history":[{"count":5,"href":"https:\/\/attiliozanetti.com\/de\/wp-json\/wp\/v2\/product\/12064\/revisions"}],"predecessor-version":[{"id":17087,"href":"https:\/\/attiliozanetti.com\/de\/wp-json\/wp\/v2\/product\/12064\/revisions\/17087"}],"wp:featuredmedia":[{"embeddable":true,"href":"https:\/\/attiliozanetti.com\/de\/wp-json\/wp\/v2\/media\/12065"}],"wp:attachment":[{"href":"https:\/\/attiliozanetti.com\/de\/wp-json\/wp\/v2\/media?parent=12064"}],"wp:term":[{"taxonomy":"product_brand","embeddable":true,"href":"https:\/\/attiliozanetti.com\/de\/wp-json\/wp\/v2\/product_brand?post=12064"},{"taxonomy":"product_cat","embeddable":true,"href":"https:\/\/attiliozanetti.com\/de\/wp-json\/wp\/v2\/product_cat?post=12064"},{"taxonomy":"product_tag","embeddable":true,"href":"https:\/\/attiliozanetti.com\/de\/wp-json\/wp\/v2\/product_tag?post=12064"}],"curies":[{"name":"wp","href":"https:\/\/api.w.org\/{rel}","templated":true}]}}