{"id":12037,"date":"2024-12-03T11:25:23","date_gmt":"2024-12-03T10:25:23","guid":{"rendered":"https:\/\/attiliozanetti.com\/?post_type=product&#038;p=12037"},"modified":"2025-10-13T17:19:02","modified_gmt":"2025-10-13T15:19:02","slug":"ring-diamonds-circles-4860","status":"publish","type":"product","link":"https:\/\/attiliozanetti.com\/de\/product\/ring-diamonds-circles-4860\/","title":{"rendered":"DIAMANTRING KREISE 02"},"content":{"rendered":"<p>Mod. AN 4860<\/p>\n<p class=\"p2\"><span style=\"color: #000000;\">Ring aus Wei\u00dfgold mit wei\u00dfen Naturdiamanten von insgesamt 0,48 ct.<\/span><\/p>\n<p class=\"p1\">","protected":false},"excerpt":{"rendered":"<p><span style=\"color: #000000;\">Mod. AN 4860<\/span><\/p>\n<p data-start=\"115\" data-end=\"459\"><span style=\"color: #000000;\">Ring aus Wei\u00dfgold mit wei\u00dfen Naturdiamanten von insgesamt 0,48 ct.<\/span><br data-start=\"191\" data-end=\"194\" \/><span style=\"color: #000000;\">Das Halo-Design hebt den zentralen Diamanten hervor, der von einer Umrahmung aus kleineren Diamanten umgeben ist, die seinen Glanz verst\u00e4rken. Der mit Diamanten besetzte Schaft sorgt f\u00fcr zus\u00e4tzlichen Glanz und macht diesen Ring zu einer eleganten und raffinierten Kreation.<\/span><\/p>\n<p data-start=\"461\" data-end=\"472\"><span style=\"color: #000000;\">Einzelheiten:<\/span><\/p>\n<ul data-start=\"473\" data-end=\"525\">\n<li data-start=\"473\" data-end=\"487\">\n<p data-start=\"475\" data-end=\"487\"><span style=\"color: #000000;\">Wei\u00dfgold<\/span><\/p>\n<\/li>\n<li data-start=\"488\" data-end=\"525\">\n<p data-start=\"490\" data-end=\"525\"><span style=\"color: #000000;\">Wei\u00dfe nat\u00fcrliche Diamanten 0,48 ct<\/span><\/p>\n<\/li>\n<\/ul>\n<p data-start=\"527\" data-end=\"661\"><span style=\"color: #000000;\">Sie k\u00f6nnen dasselbe Modell mit einem gr\u00f6\u00dferen Karat anfordern und es mit einer Gravur personalisieren, um Ihren Ring einzigartig zu machen.<\/span><\/p>\n<p data-start=\"663\" data-end=\"766\"><span style=\"color: #000000;\">Die Lieferzeiten k\u00f6nnen je nach Liefergebiet variieren und betragen maximal drei Wochen.<\/span><\/p>\n<p data-start=\"663\" data-end=\"766\"><a style=\"color: #bbb; text-decoration: underline;\" href=\"https:\/\/attiliozanetti.com\/wp-content\/uploads\/2025\/10\/dimensione-anelli-attilio-zanetti.pdf\" target=\"_blank\" rel=\"noopener\">GUIDA ALLE TAGLIE<\/a><\/p>\n<p data-start=\"768\" data-end=\"872\"><span style=\"color: #000000;\">Wenn Sie dieses Produkt aus einem Nicht-EU-Land kaufen m\u00f6chten, wenden Sie sich bitte direkt an uns: <a class=\"cursor-pointer\" style=\"color: #000000;\" rel=\"noopener\" data-start=\"847\" data-end=\"870\">info@attiliozanetti.com<\/a><\/span><\/p>","protected":false},"featured_media":12038,"comment_status":"closed","ping_status":"closed","template":"","meta":{"_monsterinsights_skip_tracking":false,"_monsterinsights_sitenote_active":false,"_monsterinsights_sitenote_note":"","_monsterinsights_sitenote_category":0},"product_brand":[],"product_cat":[78,90,70],"product_tag":[],"class_list":{"0":"post-12037","1":"product","2":"type-product","3":"status-publish","4":"has-post-thumbnail","6":"product_cat-anelli","7":"product_cat-anelli-2","8":"product_cat-i-diamanti","9":"nt-post-class","10":"","16":"first","17":"instock","18":"shipping-taxable","19":"purchasable","20":"product-type-variable"},"_links":{"self":[{"href":"https:\/\/attiliozanetti.com\/de\/wp-json\/wp\/v2\/product\/12037","targetHints":{"allow":["GET"]}}],"collection":[{"href":"https:\/\/attiliozanetti.com\/de\/wp-json\/wp\/v2\/product"}],"about":[{"href":"https:\/\/attiliozanetti.com\/de\/wp-json\/wp\/v2\/types\/product"}],"replies":[{"embeddable":true,"href":"https:\/\/attiliozanetti.com\/de\/wp-json\/wp\/v2\/comments?post=12037"}],"version-history":[{"count":5,"href":"https:\/\/attiliozanetti.com\/de\/wp-json\/wp\/v2\/product\/12037\/revisions"}],"predecessor-version":[{"id":17090,"href":"https:\/\/attiliozanetti.com\/de\/wp-json\/wp\/v2\/product\/12037\/revisions\/17090"}],"wp:featuredmedia":[{"embeddable":true,"href":"https:\/\/attiliozanetti.com\/de\/wp-json\/wp\/v2\/media\/12038"}],"wp:attachment":[{"href":"https:\/\/attiliozanetti.com\/de\/wp-json\/wp\/v2\/media?parent=12037"}],"wp:term":[{"taxonomy":"product_brand","embeddable":true,"href":"https:\/\/attiliozanetti.com\/de\/wp-json\/wp\/v2\/product_brand?post=12037"},{"taxonomy":"product_cat","embeddable":true,"href":"https:\/\/attiliozanetti.com\/de\/wp-json\/wp\/v2\/product_cat?post=12037"},{"taxonomy":"product_tag","embeddable":true,"href":"https:\/\/attiliozanetti.com\/de\/wp-json\/wp\/v2\/product_tag?post=12037"}],"curies":[{"name":"wp","href":"https:\/\/api.w.org\/{rel}","templated":true}]}}