{"id":12031,"date":"2024-12-03T11:16:09","date_gmt":"2024-12-03T10:16:09","guid":{"rendered":"https:\/\/attiliozanetti.com\/?post_type=product&#038;p=12031"},"modified":"2025-10-13T17:19:29","modified_gmt":"2025-10-13T15:19:29","slug":"ring-diamonds-square-4852","status":"publish","type":"product","link":"https:\/\/attiliozanetti.com\/de\/product\/ring-diamonds-square-4852\/","title":{"rendered":"DIAMANTRING QUADRATISCH"},"content":{"rendered":"<p>Mod. AN 4852<\/p>\n<p class=\"p2\"><span style=\"color: #000000;\">Ring aus Wei\u00dfgold mit wei\u00dfen Naturdiamanten von insgesamt 0,48 ct.<\/span><\/p>\n<p class=\"p1\">","protected":false},"excerpt":{"rendered":"<p><span style=\"color: #000000;\">Mod. AN 4852<\/span><\/p>\n<p data-start=\"142\" data-end=\"439\"><span style=\"color: #000000;\">Ring aus Wei\u00dfgold mit wei\u00dfen Naturdiamanten von insgesamt 0,48 ct.<\/span><br data-start=\"218\" data-end=\"221\" \/><span style=\"color: #000000;\">Das Design mit Diamanten im Smaragdschliff in der Mitte, umrahmt von einem leuchtenden Rahmen aus Diamanten und einem diamantbesetzten Schaft, verleiht Eleganz und au\u00dfergew\u00f6hnliche Brillanz. Ein raffiniertes und modernes Schmuckst\u00fcck.<\/span><\/p>\n<p data-start=\"441\" data-end=\"452\"><span style=\"color: #000000;\">Einzelheiten:<\/span><\/p>\n<ul data-start=\"453\" data-end=\"505\">\n<li data-start=\"453\" data-end=\"467\">\n<p data-start=\"455\" data-end=\"467\"><span style=\"color: #000000;\">Wei\u00dfgold<\/span><\/p>\n<\/li>\n<li data-start=\"468\" data-end=\"505\">\n<p data-start=\"470\" data-end=\"505\"><span style=\"color: #000000;\">Wei\u00dfe nat\u00fcrliche Diamanten 0,48 ct<\/span><\/p>\n<\/li>\n<\/ul>\n<p data-start=\"507\" data-end=\"610\"><span style=\"color: #000000;\">Die Lieferzeiten k\u00f6nnen je nach Liefergebiet variieren und betragen maximal drei Wochen.<\/span><\/p>\n<p data-start=\"507\" data-end=\"610\"><a style=\"color: #bbb; text-decoration: underline;\" href=\"https:\/\/attiliozanetti.com\/wp-content\/uploads\/2025\/10\/dimensione-anelli-attilio-zanetti.pdf\" target=\"_blank\" rel=\"noopener\">GUIDA ALLE TAGLIE<\/a><\/p>\n<p data-start=\"612\" data-end=\"716\"><span style=\"color: #000000;\">Wenn Sie dieses Produkt aus einem Nicht-EU-Land kaufen m\u00f6chten, wenden Sie sich bitte direkt an uns: <a class=\"cursor-pointer\" style=\"color: #000000;\" rel=\"noopener\" data-start=\"691\" data-end=\"714\">info@attiliozanetti.com<\/a><\/span><\/p>","protected":false},"featured_media":12032,"comment_status":"closed","ping_status":"closed","template":"","meta":{"_monsterinsights_skip_tracking":false,"_monsterinsights_sitenote_active":false,"_monsterinsights_sitenote_note":"","_monsterinsights_sitenote_category":0},"product_brand":[],"product_cat":[78,90,70],"product_tag":[],"class_list":{"0":"post-12031","1":"product","2":"type-product","3":"status-publish","4":"has-post-thumbnail","6":"product_cat-anelli","7":"product_cat-anelli-2","8":"product_cat-i-diamanti","9":"nt-post-class","10":"","16":"first","17":"instock","18":"shipping-taxable","19":"purchasable","20":"product-type-variable"},"_links":{"self":[{"href":"https:\/\/attiliozanetti.com\/de\/wp-json\/wp\/v2\/product\/12031","targetHints":{"allow":["GET"]}}],"collection":[{"href":"https:\/\/attiliozanetti.com\/de\/wp-json\/wp\/v2\/product"}],"about":[{"href":"https:\/\/attiliozanetti.com\/de\/wp-json\/wp\/v2\/types\/product"}],"replies":[{"embeddable":true,"href":"https:\/\/attiliozanetti.com\/de\/wp-json\/wp\/v2\/comments?post=12031"}],"version-history":[{"count":5,"href":"https:\/\/attiliozanetti.com\/de\/wp-json\/wp\/v2\/product\/12031\/revisions"}],"predecessor-version":[{"id":17092,"href":"https:\/\/attiliozanetti.com\/de\/wp-json\/wp\/v2\/product\/12031\/revisions\/17092"}],"wp:featuredmedia":[{"embeddable":true,"href":"https:\/\/attiliozanetti.com\/de\/wp-json\/wp\/v2\/media\/12032"}],"wp:attachment":[{"href":"https:\/\/attiliozanetti.com\/de\/wp-json\/wp\/v2\/media?parent=12031"}],"wp:term":[{"taxonomy":"product_brand","embeddable":true,"href":"https:\/\/attiliozanetti.com\/de\/wp-json\/wp\/v2\/product_brand?post=12031"},{"taxonomy":"product_cat","embeddable":true,"href":"https:\/\/attiliozanetti.com\/de\/wp-json\/wp\/v2\/product_cat?post=12031"},{"taxonomy":"product_tag","embeddable":true,"href":"https:\/\/attiliozanetti.com\/de\/wp-json\/wp\/v2\/product_tag?post=12031"}],"curies":[{"name":"wp","href":"https:\/\/api.w.org\/{rel}","templated":true}]}}